{"id":164,"date":"2024-06-12T11:41:26","date_gmt":"2024-06-12T09:41:26","guid":{"rendered":"https:\/\/www.tensa-france.com\/?page_id=164"},"modified":"2026-02-02T17:09:05","modified_gmt":"2026-02-02T16:09:05","slug":"a-propos","status":"publish","type":"page","link":"https:\/\/www.tensa-france.com\/index.php\/a-propos\/","title":{"rendered":"\u00c0 propos"},"content":{"rendered":"<p>[et_pb_section fb_built=&#8221;1&#8243; admin_label=&#8221;About&#8221; _builder_version=&#8221;4.23.1&#8243; _module_preset=&#8221;default&#8221; background_color=&#8221;#FFFFFF&#8221; collapsed=&#8221;on&#8221; global_colors_info=&#8221;{}&#8221;][et_pb_row _builder_version=&#8221;4.22.1&#8243; _module_preset=&#8221;default&#8221; global_colors_info=&#8221;{}&#8221;][et_pb_column type=&#8221;4_4&#8243; _builder_version=&#8221;4.22.1&#8243; _module_preset=&#8221;default&#8221; global_colors_info=&#8221;{}&#8221;][et_pb_text _builder_version=&#8221;4.25.1&#8243; _module_preset=&#8221;bb2a25a7-6210-494a-9c37-1bc05530d130&#8243; global_colors_info=&#8221;{}&#8221;]<\/p>\n<h2>\u00c0 propos<\/h2>\n<p>[\/et_pb_text][\/et_pb_column][\/et_pb_row][et_pb_row _builder_version=&#8221;4.22.1&#8243; _module_preset=&#8221;default&#8221; global_colors_info=&#8221;{}&#8221;][et_pb_column type=&#8221;4_4&#8243; _builder_version=&#8221;4.22.1&#8243; _module_preset=&#8221;default&#8221; global_colors_info=&#8221;{}&#8221;][et_pb_text _builder_version=&#8221;4.25.1&#8243; _module_preset=&#8221;d5e768e2-49f6-452f-9f5c-d8e3701adcf3&#8243; global_colors_info=&#8221;{}&#8221;]<\/p>\n<p>Bienvenue sur le site de TENSA AUTOMOTIVE FRANCE By Niewiadow, distributeur de remorques fabriqu\u00e9es par Niewiadow depuis plus de 50 ans. Bas\u00e9e en Pologne, notre usine est reconnue pour sa production de plus de 30 000 remorques par an. Nous sommes fiers d&#8217;annoncer l&#8217;ouverture de notre centre de distribution en France, sous l&#8217;enseigne Tensa Automotive France, afin de garantir un service de qualit\u00e9 \u00e0 nos clients fran\u00e7ais.<\/p>\n<p>Notre fabricant travaille avec passion pour concevoir et fabriquer des remorques adapt\u00e9es \u00e0 diverses utilisations, que ce soit pour le transport de marchandises, l&#8217;agriculture, la construction ou les loisirs. Nous proposons une large gamme de remorques, allant des mod\u00e8les standard aux remorques sur mesure, afin de r\u00e9pondre aux besoins sp\u00e9cifiques de nos clients.<\/p>\n<p>&nbsp;<\/p>\n<p>[\/et_pb_text][\/et_pb_column][\/et_pb_row][et_pb_row column_structure=&#8221;1_2,1_2&#8243; make_equal=&#8221;on&#8221; custom_padding_last_edited=&#8221;on|desktop&#8221; _builder_version=&#8221;4.23.1&#8243; _module_preset=&#8221;default&#8221; custom_padding=&#8221;|240px|||false|false&#8221; custom_padding_tablet=&#8221;|0vw|||false|false&#8221; custom_padding_phone=&#8221;|0vw|||false|false&#8221; locked=&#8221;off&#8221; global_colors_info=&#8221;{}&#8221;][et_pb_column type=&#8221;1_2&#8243; _builder_version=&#8221;4.22.1&#8243; _module_preset=&#8221;default&#8221; background_color=&#8221;gcid-40afeb94-f3a1-4b01-a695-ff82654e75f2&#8243; custom_padding=&#8221;80px|40px|80px|40px|true|true&#8221; custom_padding_tablet=&#8221;60px|30px|60px|30px|true|true&#8221; custom_padding_phone=&#8221;40px|20px|40px|20px|true|true&#8221; custom_padding_last_edited=&#8221;on|tablet&#8221; global_colors_info=&#8221;{%22gcid-40afeb94-f3a1-4b01-a695-ff82654e75f2%22:%91%22background_color%22%93}&#8221;][et_pb_icon font_icon=&#8221;&#xe06b;||divi||400&#8243; icon_color=&#8221;#FFFFFF&#8221; icon_width=&#8221;48px&#8221; align=&#8221;left&#8221; _builder_version=&#8221;4.25.1&#8243; _module_preset=&#8221;default&#8221; locked=&#8221;off&#8221; global_colors_info=&#8221;{}&#8221;][\/et_pb_icon][et_pb_text _builder_version=&#8221;4.25.1&#8243; _module_preset=&#8221;f4368c96-4dc7-47d0-bdc3-c1b8489ec0bb&#8221; header_5_text_color=&#8221;gcid-40afeb94-f3a1-4b01-a695-ff82654e75f2&#8243; custom_margin=&#8221;||0px||false|false&#8221; global_colors_info=&#8221;{%22gcid-40afeb94-f3a1-4b01-a695-ff82654e75f2%22:%91%22header_5_text_color%22%93}&#8221;]<\/p>\n<h5><span style=\"color: #ffffff;\">50 ans d&#8217;exp\u00e9rience<\/span><\/h5>\n<p>[\/et_pb_text][et_pb_text _builder_version=&#8221;4.25.1&#8243; _module_preset=&#8221;d5e768e2-49f6-452f-9f5c-d8e3701adcf3&#8243; text_text_color=&#8221;#FFFFFF&#8221; global_colors_info=&#8221;{}&#8221;]<\/p>\n<p>Notre exp\u00e9rience de longue date dans le domaine nous permet de proposer des remorques de haute qualit\u00e9, r\u00e9pondant aux normes les plus strictes de l&#8217;industrie. Nos remorques ont acquis une solide r\u00e9putation de fiabilit\u00e9, avec une offre des produits durables et fonctionnels.<\/p>\n<p>[\/et_pb_text][\/et_pb_column][et_pb_column type=&#8221;1_2&#8243; _builder_version=&#8221;4.22.1&#8243; _module_preset=&#8221;default&#8221; background_color=&#8221;gcid-b74eef71-a268-4efe-841b-c8ec143deee4&#8243; custom_padding=&#8221;80px|40px|80px|40px|true|true&#8221; custom_padding_tablet=&#8221;60px|30px|60px|30px|true|true&#8221; custom_padding_phone=&#8221;40px|20px|40px|20px|true|true&#8221; custom_padding_last_edited=&#8221;on|tablet&#8221; global_colors_info=&#8221;{%22gcid-b74eef71-a268-4efe-841b-c8ec143deee4%22:%91%22background_color%22%93}&#8221;][et_pb_icon font_icon=&#8221;&#xf0d1;||fa||900&#8243; icon_color=&#8221;#FFFFFF&#8221; icon_width=&#8221;48px&#8221; align=&#8221;left&#8221; _builder_version=&#8221;4.25.1&#8243; _module_preset=&#8221;default&#8221; locked=&#8221;off&#8221; global_colors_info=&#8221;{}&#8221;][\/et_pb_icon][et_pb_text _builder_version=&#8221;4.25.1&#8243; _module_preset=&#8221;f4368c96-4dc7-47d0-bdc3-c1b8489ec0bb&#8221; header_5_text_color=&#8221;gcid-40afeb94-f3a1-4b01-a695-ff82654e75f2&#8243; custom_margin=&#8221;||0px||false|false&#8221; global_colors_info=&#8221;{%22gcid-40afeb94-f3a1-4b01-a695-ff82654e75f2%22:%91%22header_5_text_color%22%93}&#8221;]<\/p>\n<h5><span style=\"color: #ffffff;\">La fiabilit\u00e9 avant tout<\/span><\/h5>\n<p>[\/et_pb_text][et_pb_text _builder_version=&#8221;4.25.1&#8243; _module_preset=&#8221;d5e768e2-49f6-452f-9f5c-d8e3701adcf3&#8243; text_text_color=&#8221;gcid-40afeb94-f3a1-4b01-a695-ff82654e75f2&#8243; global_colors_info=&#8221;{%22gcid-40afeb94-f3a1-4b01-a695-ff82654e75f2%22:%91%22text_text_color%22%93}&#8221;]<\/p>\n<p><span style=\"color: #ffffff;\">Nous comprenons l&#8217;importance d&#8217;une remorque fiable pour r\u00e9pondre aux besoins de nos clients. C&#8217;est pourquoi nous mettons un point d&#8217;honneur \u00e0 utiliser des mat\u00e9riaux de haute qualit\u00e9 et \u00e0 utiliser des techniques de fabrication avanc\u00e9es pour garantir la solidit\u00e9 et la durabilit\u00e9 de nos remorques.<\/span><\/p>\n<p>[\/et_pb_text][\/et_pb_column][\/et_pb_row][\/et_pb_section][et_pb_section fb_built=&#8221;1&#8243; admin_label=&#8221;About&#8221; _builder_version=&#8221;4.23.1&#8243; _module_preset=&#8221;default&#8221; background_color=&#8221;#FFFFFF&#8221; collapsed=&#8221;on&#8221; global_colors_info=&#8221;{}&#8221;][et_pb_row _builder_version=&#8221;4.23.1&#8243; _module_preset=&#8221;default&#8221; global_colors_info=&#8221;{}&#8221;][et_pb_column type=&#8221;4_4&#8243; _builder_version=&#8221;4.23.1&#8243; _module_preset=&#8221;default&#8221; global_colors_info=&#8221;{}&#8221;][et_pb_text _builder_version=&#8221;4.25.1&#8243; _module_preset=&#8221;d5e768e2-49f6-452f-9f5c-d8e3701adcf3&#8243; global_colors_info=&#8221;{}&#8221;]<\/p>\n<p>La satisfaction de nos clients est notre priorit\u00e9 absolue. En tant que fabricant et distributeur, nous nous engageons \u00e0 offrir un service client de premier ordre. Notre centre de distribution en France nous permet de garantir une livraison rapide et efficace de nos remorques, ainsi qu&#8217;un service apr\u00e8s-vente r\u00e9actif et professionnel.<\/p>\n<p>Nous sommes fiers de notre h\u00e9ritage en tant que fabricant de remorques de confiance et nous nous r\u00e9jouissons de pouvoir servir nos clients en France avec le m\u00eame niveau d&#8217;excellence et de fiabilit\u00e9. N&#8217;h\u00e9sitez pas \u00e0 nous contacter pour plus d&#8217;informations sur nos produits et services. Nous sommes impatients de travailler avec vous et de vous offrir une exp\u00e9rience exceptionnelle avec nos remorques de qualit\u00e9 sup\u00e9rieure.<\/p>\n<p>[\/et_pb_text][et_pb_image src=&#8221;http:\/\/www.tensa-france.com\/wp-content\/uploads\/2024\/06\/niewiadow_slider_autolawety.jpg&#8221; title_text=&#8221;niewiadow_slider_autolawety&#8221; _builder_version=&#8221;4.25.1&#8243; _module_preset=&#8221;default&#8221; global_colors_info=&#8221;{}&#8221;][\/et_pb_image][\/et_pb_column][\/et_pb_row][\/et_pb_section]<\/p>\n","protected":false},"excerpt":{"rendered":"<p>\u00c0 proposBienvenue sur le site de TENSA AUTOMOTIVE FRANCE By Niewiadow, distributeur de remorques fabriqu\u00e9es par Niewiadow depuis plus de 50 ans. Bas\u00e9e en Pologne, notre usine est reconnue pour sa production de plus de 30 000 remorques par an. Nous sommes fiers d&#8217;annoncer l&#8217;ouverture de notre centre de distribution en France, sous l&#8217;enseigne Tensa [&hellip;]<\/p>\n","protected":false},"author":2,"featured_media":0,"parent":0,"menu_order":0,"comment_status":"closed","ping_status":"closed","template":"","meta":{"_et_pb_use_builder":"on","_et_pb_old_content":"<!-- wp:divi\/placeholder \/-->","_et_gb_content_width":"","footnotes":""},"class_list":["post-164","page","type-page","status-publish","hentry"],"_links":{"self":[{"href":"https:\/\/www.tensa-france.com\/index.php\/wp-json\/wp\/v2\/pages\/164","targetHints":{"allow":["GET"]}}],"collection":[{"href":"https:\/\/www.tensa-france.com\/index.php\/wp-json\/wp\/v2\/pages"}],"about":[{"href":"https:\/\/www.tensa-france.com\/index.php\/wp-json\/wp\/v2\/types\/page"}],"author":[{"embeddable":true,"href":"https:\/\/www.tensa-france.com\/index.php\/wp-json\/wp\/v2\/users\/2"}],"replies":[{"embeddable":true,"href":"https:\/\/www.tensa-france.com\/index.php\/wp-json\/wp\/v2\/comments?post=164"}],"version-history":[{"count":7,"href":"https:\/\/www.tensa-france.com\/index.php\/wp-json\/wp\/v2\/pages\/164\/revisions"}],"predecessor-version":[{"id":1383,"href":"https:\/\/www.tensa-france.com\/index.php\/wp-json\/wp\/v2\/pages\/164\/revisions\/1383"}],"wp:attachment":[{"href":"https:\/\/www.tensa-france.com\/index.php\/wp-json\/wp\/v2\/media?parent=164"}],"curies":[{"name":"wp","href":"https:\/\/api.w.org\/{rel}","templated":true}]}}