{"id":182,"date":"2024-06-12T11:47:28","date_gmt":"2024-06-12T09:47:28","guid":{"rendered":"https:\/\/www.tensa-france.com\/?page_id=182"},"modified":"2024-08-22T18:08:28","modified_gmt":"2024-08-22T16:08:28","slug":"services","status":"publish","type":"page","link":"https:\/\/www.tensa-france.com\/index.php\/services\/","title":{"rendered":"Services"},"content":{"rendered":"<p>[et_pb_section fb_built=&#8221;1&#8243; admin_label=&#8221;About&#8221; _builder_version=&#8221;4.23.1&#8243; _module_preset=&#8221;default&#8221; background_color=&#8221;#FFFFFF&#8221; collapsed=&#8221;on&#8221; global_colors_info=&#8221;{}&#8221;][et_pb_row _builder_version=&#8221;4.22.1&#8243; _module_preset=&#8221;default&#8221; global_colors_info=&#8221;{}&#8221;][et_pb_column type=&#8221;4_4&#8243; _builder_version=&#8221;4.22.1&#8243; _module_preset=&#8221;default&#8221; global_colors_info=&#8221;{}&#8221;][et_pb_text _builder_version=&#8221;4.25.1&#8243; _module_preset=&#8221;769b3d49-e480-415f-92c8-c175eaece0a5&#8243; global_colors_info=&#8221;{}&#8221;]<\/p>\n<h2>Services<\/h2>\n<p>[\/et_pb_text][\/et_pb_column][\/et_pb_row][et_pb_row _builder_version=&#8221;4.22.1&#8243; _module_preset=&#8221;default&#8221; global_colors_info=&#8221;{}&#8221;][et_pb_column type=&#8221;4_4&#8243; _builder_version=&#8221;4.22.1&#8243; _module_preset=&#8221;default&#8221; global_colors_info=&#8221;{}&#8221;][et_pb_text _builder_version=&#8221;4.25.1&#8243; _module_preset=&#8221;8610785b-b67d-4a26-ba49-0217d42cdbaa&#8221; header_5_text_color=&#8221;gcid-40afeb94-f3a1-4b01-a695-ff82654e75f2&#8243; custom_margin=&#8221;||0px||false|false&#8221; global_colors_info=&#8221;{%22gcid-40afeb94-f3a1-4b01-a695-ff82654e75f2%22:%91%22header_5_text_color%22%93}&#8221;]<\/p>\n<h5>La Gamme<\/h5>\n<p>[\/et_pb_text][et_pb_text _builder_version=&#8221;4.25.1&#8243; _module_preset=&#8221;dfb6f3c7-0159-4a6a-8a7e-d45e9f425df8&#8243; global_colors_info=&#8221;{}&#8221;]<\/p>\n<p><span>En tant que fabricant et distributeur de remorques de tout type, nous offrons une vaste gamme de services pour r\u00e9pondre aux besoins diversifi\u00e9s de nos clients. Que vous ayez besoin d&#8217;une remorque pour le transport de marchandises, de mat\u00e9riel lourd, de v\u00e9hicules ou m\u00eame de bateaux, nous avons la solution adapt\u00e9e \u00e0 vos besoins. Notre \u00e9quipe d&#8217;experts est l\u00e0 pour vous conseiller et vous accompagner tout au long du processus, de la conception \u00e0 la livraison de votre remorque.<\/span><\/p>\n<p>[\/et_pb_text][\/et_pb_column][\/et_pb_row][et_pb_row column_structure=&#8221;1_2,1_2&#8243; make_equal=&#8221;on&#8221; custom_padding_last_edited=&#8221;on|desktop&#8221; _builder_version=&#8221;4.23.1&#8243; _module_preset=&#8221;default&#8221; custom_padding=&#8221;|240px|||false|false&#8221; custom_padding_tablet=&#8221;|0vw|||false|false&#8221; custom_padding_phone=&#8221;|0vw|||false|false&#8221; locked=&#8221;off&#8221; global_colors_info=&#8221;{}&#8221;][et_pb_column type=&#8221;1_2&#8243; _builder_version=&#8221;4.22.1&#8243; _module_preset=&#8221;default&#8221; background_color=&#8221;gcid-40afeb94-f3a1-4b01-a695-ff82654e75f2&#8243; custom_padding=&#8221;80px|40px|80px|40px|true|true&#8221; custom_padding_tablet=&#8221;60px|30px|60px|30px|true|true&#8221; custom_padding_phone=&#8221;40px|20px|40px|20px|true|true&#8221; custom_padding_last_edited=&#8221;on|tablet&#8221; global_colors_info=&#8221;{%22gcid-40afeb94-f3a1-4b01-a695-ff82654e75f2%22:%91%22background_color%22%93}&#8221;][et_pb_icon font_icon=&#8221;&#xe038;||divi||400&#8243; icon_color=&#8221;#FFFFFF&#8221; icon_width=&#8221;48px&#8221; align=&#8221;left&#8221; _builder_version=&#8221;4.22.1&#8243; _module_preset=&#8221;default&#8221; locked=&#8221;off&#8221; global_colors_info=&#8221;{}&#8221;][\/et_pb_icon][et_pb_text _builder_version=&#8221;4.25.1&#8243; _module_preset=&#8221;8610785b-b67d-4a26-ba49-0217d42cdbaa&#8221; header_5_text_color=&#8221;gcid-40afeb94-f3a1-4b01-a695-ff82654e75f2&#8243; custom_margin=&#8221;||0px||false|false&#8221; global_colors_info=&#8221;{%22gcid-40afeb94-f3a1-4b01-a695-ff82654e75f2%22:%91%22header_5_text_color%22%93}&#8221;]<\/p>\n<h5><span style=\"color: #ffffff;\">Conception<\/span><\/h5>\n<p>[\/et_pb_text][et_pb_text _builder_version=&#8221;4.25.1&#8243; _module_preset=&#8221;dfb6f3c7-0159-4a6a-8a7e-d45e9f425df8&#8243; text_text_color=&#8221;#FFFFFF&#8221; global_colors_info=&#8221;{}&#8221;]<\/p>\n<p><span>Nous comprenons que chaque projet est unique, c&#8217;est pourquoi, au-del\u00e0 des notre catalogue standard, nous proposons un service de conception sur mesure pour nos remorques. Que vous ayez des exigences sp\u00e9cifiques en termes de dimensions, de capacit\u00e9 de chargement ou de fonctionnalit\u00e9s, notre \u00e9quipe d&#8217;ing\u00e9nieurs chevronn\u00e9s est l\u00e0 pour cr\u00e9er une remorque qui r\u00e9pondra parfaitement \u00e0 vos besoins. Nous travaillons en \u00e9troite collaboration avec vous pour comprendre vos besoins et vous proposer des solutions personnalis\u00e9es qui optimiseront vos op\u00e9rations de transport.<\/span><\/p>\n<p>[\/et_pb_text][\/et_pb_column][et_pb_column type=&#8221;1_2&#8243; _builder_version=&#8221;4.22.1&#8243; _module_preset=&#8221;default&#8221; background_color=&#8221;gcid-b74eef71-a268-4efe-841b-c8ec143deee4&#8243; custom_padding=&#8221;80px|40px|80px|40px|true|true&#8221; custom_padding_tablet=&#8221;60px|30px|60px|30px|true|true&#8221; custom_padding_phone=&#8221;40px|20px|40px|20px|true|true&#8221; custom_padding_last_edited=&#8221;on|tablet&#8221; global_colors_info=&#8221;{%22gcid-b74eef71-a268-4efe-841b-c8ec143deee4%22:%91%22background_color%22%93}&#8221;][et_pb_icon font_icon=&#8221;&#xe036;||divi||400&#8243; icon_color=&#8221;#FFFFFF&#8221; icon_width=&#8221;48px&#8221; align=&#8221;left&#8221; _builder_version=&#8221;4.25.1&#8243; _module_preset=&#8221;default&#8221; locked=&#8221;off&#8221; global_colors_info=&#8221;{}&#8221;][\/et_pb_icon][et_pb_text _builder_version=&#8221;4.25.1&#8243; _module_preset=&#8221;8610785b-b67d-4a26-ba49-0217d42cdbaa&#8221; header_5_text_color=&#8221;gcid-40afeb94-f3a1-4b01-a695-ff82654e75f2&#8243; custom_margin=&#8221;||0px||false|false&#8221; global_colors_info=&#8221;{%22gcid-40afeb94-f3a1-4b01-a695-ff82654e75f2%22:%91%22header_5_text_color%22%93}&#8221;]<\/p>\n<h5><span style=\"color: #ffffff;\">Qualit\u00e9 et durabilit\u00e9<\/span><\/h5>\n<p>[\/et_pb_text][et_pb_text _builder_version=&#8221;4.25.1&#8243; _module_preset=&#8221;dfb6f3c7-0159-4a6a-8a7e-d45e9f425df8&#8243; text_text_color=&#8221;gcid-40afeb94-f3a1-4b01-a695-ff82654e75f2&#8243; global_colors_info=&#8221;{%22gcid-40afeb94-f3a1-4b01-a695-ff82654e75f2%22:%91%22text_text_color%22%93}&#8221;]<\/p>\n<p><span style=\"color: #ffffff;\">Chez<strong> TENSA AUTOMOTIVE FRANCE By NIEWIADOW<\/strong>, nous sommes fiers de la qualit\u00e9 et de la durabilit\u00e9 de nos remorques. Chaque remorque que nous fabriquons est soumise \u00e0 des normes strictes de contr\u00f4le qualit\u00e9 pour garantir sa solidit\u00e9 et sa fiabilit\u00e9. Nous utilisons des mat\u00e9riaux de haute qualit\u00e9 et des techniques de fabrication avanc\u00e9es pour nous assurer que nos remorques peuvent r\u00e9sister aux conditions les plus exigeantes. Que vous ayez besoin d&#8217;une remorque pour un usage commercial intensif ou pour des loisirs, vous pouvez avoir confiance en notre capacit\u00e9 \u00e0 fournir des produits de la plus haute qualit\u00e9.<\/span><\/p>\n<p>[\/et_pb_text][\/et_pb_column][\/et_pb_row][\/et_pb_section][et_pb_section fb_built=&#8221;1&#8243; admin_label=&#8221;Header&#8221; _builder_version=&#8221;4.22.1&#8243; _module_preset=&#8221;default&#8221; background_color=&#8221;gcid-c67e4c14-9f9a-4541-bcfb-a3dbe227e267&#8243; use_background_color_gradient=&#8221;on&#8221; background_color_gradient_stops=&#8221;gcid-c67e4c14-9f9a-4541-bcfb-a3dbe227e267 10%|#ffffff 100%&#8221; background_enable_pattern_style=&#8221;on&#8221; background_pattern_style=&#8221;crosses&#8221; background_pattern_color=&#8221;gcid-c67e4c14-9f9a-4541-bcfb-a3dbe227e267&#8243; background_pattern_size=&#8221;custom&#8221; background_pattern_width=&#8221;16px&#8221; locked=&#8221;off&#8221; collapsed=&#8221;on&#8221; global_colors_info=&#8221;{%22gcid-c67e4c14-9f9a-4541-bcfb-a3dbe227e267%22:%91%22background_color%22,%22background_pattern_color%22,%22background_color_gradient_stops%22,%22background_color%22%93,%22gcid-1533f4f9-5025-42ee-9c5e-1191f3d68cd0%22:%91%22background_color_gradient_stops%22%93,%22gcid-b7f06a10-4d36-4163-b049-62314b9050fc%22:%91%22background_pattern_color%22,%22background_color_gradient_stops%22%93}&#8221;][et_pb_row column_structure=&#8221;1_2,1_2&#8243; use_custom_gutter=&#8221;on&#8221; gutter_width=&#8221;1&#8243; make_equal=&#8221;on&#8221; _builder_version=&#8221;4.25.1&#8243; _module_preset=&#8221;default&#8221; locked=&#8221;off&#8221; global_colors_info=&#8221;{}&#8221;][et_pb_column type=&#8221;1_2&#8243; _builder_version=&#8221;4.22.1&#8243; _module_preset=&#8221;default&#8221; background_color=&#8221;gcid-b74eef71-a268-4efe-841b-c8ec143deee4&#8243; custom_padding=&#8221;80px|40px|80px|40px|true|true&#8221; custom_padding_tablet=&#8221;60px|30px|60px|30px|true|true&#8221; custom_padding_phone=&#8221;40px|20px|40px|20px|true|true&#8221; custom_padding_last_edited=&#8221;on|tablet&#8221; global_colors_info=&#8221;{%22gcid-b74eef71-a268-4efe-841b-c8ec143deee4%22:%91%22background_color%22%93}&#8221;][et_pb_text _builder_version=&#8221;4.25.1&#8243; _module_preset=&#8221;2b10bfb4-b657-4be3-acf1-1952fa19e207&#8243; header_text_color=&#8221;gcid-40afeb94-f3a1-4b01-a695-ff82654e75f2&#8243; custom_margin=&#8221;||10px||false|false&#8221; global_colors_info=&#8221;{%22gcid-40afeb94-f3a1-4b01-a695-ff82654e75f2%22:%91%22header_text_color%22%93}&#8221;]<\/p>\n<h1><span style=\"color: #ffffff; font-size: xx-large;\">Contactez-nous d\u00e8s aujourd&#8217;hui.<\/span><\/h1>\n<p>[\/et_pb_text][et_pb_text _builder_version=&#8221;4.25.1&#8243; _module_preset=&#8221;dfb6f3c7-0159-4a6a-8a7e-d45e9f425df8&#8243; text_text_color=&#8221;#FFFFFF&#8221; global_colors_info=&#8221;{}&#8221;]<\/p>\n<p><span>Si vous recherchez une remorque de qualit\u00e9, durable et adapt\u00e9e \u00e0 vos besoins, ne cherchez pas plus loin. Contactez notre \u00e9quipe d\u00e8s aujourd&#8217;hui pour discuter de vos besoins et d\u00e9couvrir comment nous pouvons vous aider. Nous sommes impatients de travailler avec vous et de vous fournir une solution de transport fiable et performante.<\/span><\/p>\n<p>[\/et_pb_text][et_pb_text _builder_version=&#8221;4.22.1&#8243; _module_preset=&#8221;dfb6f3c7-0159-4a6a-8a7e-d45e9f425df8&#8243; text_text_color=&#8221;gcid-40afeb94-f3a1-4b01-a695-ff82654e75f2&#8243; global_colors_info=&#8221;{%22gcid-40afeb94-f3a1-4b01-a695-ff82654e75f2%22:%91%22text_text_color%22%93}&#8221;]We&#8217;re your trusted partner in keeping your vehicle running smoothly.[\/et_pb_text][et_pb_button button_text=&#8221;Contactez-nous&#8221; _builder_version=&#8221;4.27.0&#8243; _module_preset=&#8221;1505cede-7c5e-45e2-ac3a-272f2d9f7b9e&#8221; custom_margin=&#8221;30px||||false|false&#8221; hover_enabled=&#8221;0&#8243; global_colors_info=&#8221;{}&#8221; button_url=&#8221;https:\/\/www.tensa-france.com\/index.php\/contact\/&#8221; sticky_enabled=&#8221;0&#8243;][\/et_pb_button][\/et_pb_column][et_pb_column type=&#8221;1_2&#8243; _builder_version=&#8221;4.25.1&#8243; _module_preset=&#8221;default&#8221; use_background_color_gradient=&#8221;on&#8221; background_color_gradient_stops=&#8221;gcid-40afeb94-f3a1-4b01-a695-ff82654e75f2 0%|rgba(255,255,255,0) 100%&#8221; background_color_gradient_overlays_image=&#8221;on&#8221; background_image=&#8221;http:\/\/www.tensa-france.com\/wp-content\/uploads\/2024\/06\/auto-parts-11b.jpg&#8221; global_colors_info=&#8221;{%22gcid-40afeb94-f3a1-4b01-a695-ff82654e75f2%22:%91%22background_color_gradient_stops%22%93}&#8221;][et_pb_divider show_divider=&#8221;off&#8221; _builder_version=&#8221;4.22.1&#8243; _module_preset=&#8221;default&#8221; height_tablet=&#8221;40vw&#8221; height_phone=&#8221;40vw&#8221; height_last_edited=&#8221;on|desktop&#8221; global_colors_info=&#8221;{}&#8221;][\/et_pb_divider][\/et_pb_column][\/et_pb_row][\/et_pb_section]<\/p>\n","protected":false},"excerpt":{"rendered":"<p>ServicesLa GammeEn tant que fabricant et distributeur de remorques de tout type, nous offrons une vaste gamme de services pour r\u00e9pondre aux besoins diversifi\u00e9s de nos clients. Que vous ayez besoin d&#8217;une remorque pour le transport de marchandises, de mat\u00e9riel lourd, de v\u00e9hicules ou m\u00eame de bateaux, nous avons la solution adapt\u00e9e \u00e0 vos besoins. [&hellip;]<\/p>\n","protected":false},"author":2,"featured_media":0,"parent":0,"menu_order":0,"comment_status":"closed","ping_status":"closed","template":"","meta":{"_et_pb_use_builder":"on","_et_pb_old_content":"<!-- wp:divi\/placeholder \/-->","_et_gb_content_width":"","footnotes":""},"class_list":["post-182","page","type-page","status-publish","hentry"],"_links":{"self":[{"href":"https:\/\/www.tensa-france.com\/index.php\/wp-json\/wp\/v2\/pages\/182","targetHints":{"allow":["GET"]}}],"collection":[{"href":"https:\/\/www.tensa-france.com\/index.php\/wp-json\/wp\/v2\/pages"}],"about":[{"href":"https:\/\/www.tensa-france.com\/index.php\/wp-json\/wp\/v2\/types\/page"}],"author":[{"embeddable":true,"href":"https:\/\/www.tensa-france.com\/index.php\/wp-json\/wp\/v2\/users\/2"}],"replies":[{"embeddable":true,"href":"https:\/\/www.tensa-france.com\/index.php\/wp-json\/wp\/v2\/comments?post=182"}],"version-history":[{"count":8,"href":"https:\/\/www.tensa-france.com\/index.php\/wp-json\/wp\/v2\/pages\/182\/revisions"}],"predecessor-version":[{"id":1021,"href":"https:\/\/www.tensa-france.com\/index.php\/wp-json\/wp\/v2\/pages\/182\/revisions\/1021"}],"wp:attachment":[{"href":"https:\/\/www.tensa-france.com\/index.php\/wp-json\/wp\/v2\/media?parent=182"}],"curies":[{"name":"wp","href":"https:\/\/api.w.org\/{rel}","templated":true}]}}