{"id":273,"date":"2024-07-02T11:16:39","date_gmt":"2024-07-02T09:16:39","guid":{"rendered":"https:\/\/www.tensa-france.com\/?page_id=273"},"modified":"2024-08-22T18:05:20","modified_gmt":"2024-08-22T16:05:20","slug":"remorque-pour-le-transport-de-materiel-de-chantier","status":"publish","type":"page","link":"https:\/\/www.tensa-france.com\/index.php\/remorque-pour-le-transport-de-materiel-de-chantier\/","title":{"rendered":"Remorque pour le transport de mat\u00e9riel de chantier"},"content":{"rendered":"<p>[et_pb_section fb_built=&#8221;1&#8243; _builder_version=&#8221;4.26.0&#8243; _module_preset=&#8221;default&#8221; background_color=&#8221;#d10b1d&#8221; global_colors_info=&#8221;{}&#8221;][et_pb_row _builder_version=&#8221;4.26.0&#8243; _module_preset=&#8221;default&#8221; global_colors_info=&#8221;{}&#8221;][et_pb_column type=&#8221;4_4&#8243; _builder_version=&#8221;4.26.0&#8243; _module_preset=&#8221;default&#8221; global_colors_info=&#8221;{}&#8221;][et_pb_text _builder_version=&#8221;4.27.0&#8243; _module_preset=&#8221;7bf123cb-3c17-49b1-b5ea-6f1dfdaa08ba&#8221; header_2_text_color=&#8221;gcid-40afeb94-f3a1-4b01-a695-ff82654e75f2&#8243; text_orientation=&#8221;center&#8221; custom_margin=&#8221;||-2px|||&#8221; global_colors_info=&#8221;{%22gcid-40afeb94-f3a1-4b01-a695-ff82654e75f2%22:%91%22header_2_text_color%22%93}&#8221;]<\/p>\n<h2><span style=\"font-size: xx-large; color: #ffffff;\">Transport de <strong>mat\u00e9riel de chantier<\/strong><\/span><\/h2>\n<p>[\/et_pb_text][et_pb_text _builder_version=&#8221;4.27.0&#8243; _module_preset=&#8221;default&#8221; global_colors_info=&#8221;{}&#8221;]<\/p>\n<p style=\"text-align: center;\"><span style=\"color: #ffffff;\">Afin de conna\u00eetre le prix du produit qui vous int\u00e9resse, nous vous encourageons \u00e0 nous contacter ou \u00e0 contacter un de nos revendeurs.<\/span><\/p>\n<p>[\/et_pb_text][\/et_pb_column][\/et_pb_row][\/et_pb_section][et_pb_section fb_built=&#8221;1&#8243; admin_label=&#8221;Products&#8221; _builder_version=&#8221;4.25.1&#8243; _module_preset=&#8221;default&#8221; background_color=&#8221;#FFFFFF&#8221; custom_margin=&#8221;17px|||||&#8221; collapsed=&#8221;on&#8221; global_colors_info=&#8221;{}&#8221;][et_pb_row _builder_version=&#8221;4.22.1&#8243; _module_preset=&#8221;default&#8221; global_colors_info=&#8221;{}&#8221;][et_pb_column type=&#8221;4_4&#8243; _builder_version=&#8221;4.22.1&#8243; _module_preset=&#8221;default&#8221; global_colors_info=&#8221;{}&#8221;][et_pb_text _builder_version=&#8221;4.26.0&#8243; _module_preset=&#8221;7bf123cb-3c17-49b1-b5ea-6f1dfdaa08ba&#8221; header_2_text_color=&#8221;gcid-40afeb94-f3a1-4b01-a695-ff82654e75f2&#8243; text_orientation=&#8221;center&#8221; global_colors_info=&#8221;{%22gcid-40afeb94-f3a1-4b01-a695-ff82654e75f2%22:%91%22header_2_text_color%22%93}&#8221;]<\/p>\n<h2><span style=\"font-size: xx-large; color: #808080;\">Param\u00e8tres techniques de base<\/span><\/h2>\n<p>[\/et_pb_text][et_pb_text _builder_version=&#8221;4.27.0&#8243; _module_preset=&#8221;default&#8221; global_colors_info=&#8221;{}&#8221;]<\/p>\n<div class=\"et_pb_module et_pb_text et_pb_text_0 et_pb_bg_layout_light et_pb_text_align_left et_pb_module_header\">\n<div class=\"et_pb_text_inner\">\n<div class=\"table-responsive\">\n<table style=\"width: 100%; border-collapse: collapse; background-color: #f3f3f3;\">\n<thead>\n<tr style=\"background-color: #d10a1d; color: #ffffff; text-align: left; font-weight: bold;\">\n<th style=\"padding: 10px;\"><span style=\"color: #ffffff;\">Mod\u00e8le de remorque<\/span><\/th>\n<th style=\"padding: 10px;\"><span style=\"color: #ffffff;\">Dimensions utiles<br \/>L x l x H (cm)<\/span><\/th>\n<th style=\"padding: 10px;\"><span style=\"color: #ffffff;\">Dimensions hors tout L x l x H (cm)<\/span><\/th>\n<th style=\"padding: 10px;\"><span style=\"color: #ffffff;\">PTAC (poids brut du v\u00e9hicule) (kg)<\/span><\/th>\n<th style=\"padding: 10px;\"><span style=\"color: #ffffff;\">Capacit\u00e9 de charge admissible (kg)<\/span><\/th>\n<th style=\"padding: 10px;\"><span style=\"color: #ffffff;\">Nombre d&#8217;essieux B*\u2013 frein\u00e9 \u2013 NB* &#8211; non frein\u00e9<\/span><\/th>\n<th style=\"padding: 10px;\"><span style=\"color: #ffffff;\">Roues<\/span><\/th>\n<\/tr>\n<\/thead>\n<tbody>\n<tr style=\"background-color: #ffffff;\">\n<td style=\"padding: 10px; color: #888888;\"><a href=\"https:\/\/www.tensa-france.com\/index.php\/produit\/b2032-htp\/\">B2032HTP<\/a><\/td>\n<td style=\"padding: 10px;\">305x155x18<\/td>\n<td style=\"padding: 10px;\">463x209x250<\/td>\n<td style=\"padding: 10px;\">2000 &#8211; 1100<\/td>\n<td style=\"padding: 10px;\">1420 &#8211; 520<\/td>\n<td style=\"padding: 10px;\">2B<\/td>\n<td style=\"padding: 10px;\">185\/70R13<\/td>\n<\/tr>\n<tr>\n<td style=\"padding: 10px; color: #888888;\"><a href=\"https:\/\/www.tensa-france.com\/index.php\/produit\/b2532-htp\/\">B2532HTP<\/a><\/td>\n<td style=\"padding: 10px;\">305x155x18<\/td>\n<td style=\"padding: 10px;\">463x209x252<\/td>\n<td style=\"padding: 10px;\">2500 &#8211; 1600<\/td>\n<td style=\"padding: 10px;\">1905 &#8211; 505<\/td>\n<td style=\"padding: 10px;\">2B<\/td>\n<td style=\"padding: 10px;\">165R13C<\/td>\n<\/tr>\n<tr style=\"background-color: #ffffff;\">\n<td style=\"padding: 10px; color: #888888;\"><a href=\"https:\/\/www.tensa-france.com\/index.php\/produit\/b2532-htp-copie\/\">B3032HTP<\/a><\/td>\n<td style=\"padding: 10px;\">305x155x18<\/td>\n<td style=\"padding: 10px;\">463x209x252<\/td>\n<td style=\"padding: 10px;\">3000 &#8211; 1500<\/td>\n<td style=\"padding: 10px;\">2405 &#8211; 905<\/td>\n<td style=\"padding: 10px;\">2B<\/td>\n<td style=\"padding: 10px;\">185R14C<\/td>\n<\/tr>\n<tr>\n<td style=\"padding: 10px; color: #888888;\"><a href=\"https:\/\/www.tensa-france.com\/index.php\/produit\/b3532-htp\/\">B3532HTP<\/a><\/td>\n<td style=\"padding: 10px;\">305x155x18<\/td>\n<td style=\"padding: 10px;\">463x209x252<\/td>\n<td style=\"padding: 10px;\">3500 &#8211; 2700<\/td>\n<td style=\"padding: 10px;\">2805 &#8211; 2005<\/td>\n<td style=\"padding: 10px;\">2B<\/td>\n<td style=\"padding: 10px;\">195R14C<\/td>\n<\/tr>\n<tr style=\"background-color: #ffffff;\">\n<td style=\"padding: 10px; color: #888888;\"><a href=\"https:\/\/www.tensa-france.com\/index.php\/produit\/b3535-htp\/\">B3535HTP<\/a><\/td>\n<td style=\"padding: 10px;\">350x196x18<\/td>\n<td style=\"padding: 10px;\">510x250x252<\/td>\n<td style=\"padding: 10px;\">3500 &#8211; 2700<\/td>\n<td style=\"padding: 10px;\">2635 &#8211; 1835<\/td>\n<td style=\"padding: 10px;\">2B<\/td>\n<td style=\"padding: 10px;\">195R14C<\/td>\n<\/tr>\n<\/tbody>\n<\/table>\n<\/div>\n<\/div>\n<\/div>\n<p>[\/et_pb_text][et_pb_text _builder_version=&#8221;4.27.0&#8243; _module_preset=&#8221;default&#8221; hover_enabled=&#8221;0&#8243; global_colors_info=&#8221;{}&#8221; sticky_enabled=&#8221;0&#8243;]<\/p>\n<div class=\"et_pb_module et_pb_text et_pb_text_0 et_pb_bg_layout_light et_pb_text_align_left et_pb_module_header\">\n<div class=\"et_pb_text_inner\">\n<div class=\"table-responsive\">\n<table style=\"width: 100%; border-collapse: collapse; background-color: #f3f3f3;\">\n<thead>\n<tr style=\"background-color: #d10a1d; color: #ffffff; text-align: left; font-weight: bold;\">\n<th style=\"padding: 10px;\"><span style=\"color: #ffffff;\">Mod\u00e8le de remorque<br \/>BOSS<\/span><\/th>\n<th style=\"padding: 10px;\"><span style=\"color: #ffffff;\">Dimensions utiles<br \/>L x l x H (cm)<\/span><\/th>\n<th style=\"padding: 10px;\"><span style=\"color: #ffffff;\">Dimensions hors tout L x l x H (cm)<\/span><\/th>\n<th style=\"padding: 10px;\"><span style=\"color: #ffffff;\">PTAC (poids brut du v\u00e9hicule) (kg)<\/span><\/th>\n<th style=\"padding: 10px;\"><span style=\"color: #ffffff;\">Capacit\u00e9 de charge admissible (kg)<\/span><\/th>\n<th style=\"padding: 10px;\"><span style=\"color: #ffffff;\">Nombre d&#8217;essieux B*\u2013 frein\u00e9 \u2013 NB* &#8211; non frein\u00e9<\/span><\/th>\n<th style=\"padding: 10px;\"><span style=\"color: #ffffff;\">Roues<\/span><\/th>\n<\/tr>\n<\/thead>\n<tbody>\n<tr style=\"background-color: #ffffff;\">\n<td style=\"padding: 10px; color: #888888;\">BOSS 4.0<\/td>\n<td style=\"padding: 10px;\">400&#215;200<\/td>\n<td style=\"padding: 10px;\"><\/td>\n<td style=\"padding: 10px;\">\n<p>2700<br \/>3000<br \/>3500<\/p>\n<\/td>\n<td style=\"padding: 10px;\">2030<br \/>2300<br \/>2780<\/td>\n<td style=\"padding: 10px;\">2B<\/td>\n<td style=\"padding: 10px;\">185R14C<\/td>\n<\/tr>\n<tr>\n<td style=\"padding: 10px; color: #888888;\">BOSS 4.5<\/td>\n<td style=\"padding: 10px;\">450&#215;200<\/td>\n<td style=\"padding: 10px;\"><\/td>\n<td style=\"padding: 10px;\">2700<br \/>3000<br \/>3500<\/td>\n<td style=\"padding: 10px;\">1980<br \/>2250<br \/>2730<\/td>\n<td style=\"padding: 10px;\">2B<\/td>\n<td style=\"padding: 10px;\">185R14C<\/td>\n<\/tr>\n<tr style=\"background-color: #ffffff;\">\n<td style=\"padding: 10px; color: #888888;\">BOSS 5.0<\/td>\n<td style=\"padding: 10px;\">500&#215;200<\/td>\n<td style=\"padding: 10px;\"><\/td>\n<td style=\"padding: 10px;\">2700<br \/>3000<br \/>3500<\/td>\n<td style=\"padding: 10px;\">1930<br \/>2200<br \/>2680<\/td>\n<td style=\"padding: 10px;\">2B<\/td>\n<td style=\"padding: 10px;\">185R14C<\/td>\n<\/tr>\n<tr>\n<td style=\"padding: 10px; color: #888888;\">BOSS 6.0<\/td>\n<td style=\"padding: 10px;\">600&#215;200<\/td>\n<td style=\"padding: 10px;\"><\/td>\n<td style=\"padding: 10px;\">2700<br \/>3000<br \/>3500<\/td>\n<td style=\"padding: 10px;\">1830<br \/>2080<br \/>2550<\/td>\n<td style=\"padding: 10px;\">2B<\/td>\n<td style=\"padding: 10px;\">185R14C<\/td>\n<\/tr>\n<tr style=\"background-color: #ffffff;\">\n<td style=\"padding: 10px; color: #888888;\">BOSS 6.0 Plus<\/td>\n<td style=\"padding: 10px;\">700&#215;200<\/td>\n<td style=\"padding: 10px;\"><\/td>\n<td style=\"padding: 10px;\">2700<br \/>3000<br \/>3500<\/td>\n<td style=\"padding: 10px;\">1730<br \/>1980<br \/>2450<\/td>\n<td style=\"padding: 10px;\">2B<\/td>\n<td style=\"padding: 10px;\">185R14C<\/td>\n<\/tr>\n<\/tbody>\n<\/table>\n<\/div>\n<\/div>\n<\/div>\n<p>[\/et_pb_text][et_pb_text _builder_version=&#8221;4.26.0&#8243; _module_preset=&#8221;7bf123cb-3c17-49b1-b5ea-6f1dfdaa08ba&#8221; header_2_text_color=&#8221;gcid-40afeb94-f3a1-4b01-a695-ff82654e75f2&#8243; text_orientation=&#8221;center&#8221; global_colors_info=&#8221;{%22gcid-40afeb94-f3a1-4b01-a695-ff82654e75f2%22:%91%22header_2_text_color%22%93}&#8221;]<\/p>\n<h2><span style=\"font-size: xx-large; color: #808080;\">D\u00e9couvrez la gamme<\/span><\/h2>\n<p>[\/et_pb_text][et_pb_shop type=&#8221;product_category&#8221; include_categories=&#8221;36&#8243; _builder_version=&#8221;4.26.0&#8243; _module_preset=&#8221;default&#8221; text_orientation=&#8221;center&#8221; border_width_all_image=&#8221;1px&#8221; global_colors_info=&#8221;{}&#8221;][\/et_pb_shop][\/et_pb_column][\/et_pb_row][\/et_pb_section]<\/p>\n","protected":false},"excerpt":{"rendered":"<p>Transport de mat\u00e9riel de chantierAfin de conna\u00eetre le prix du produit qui vous int\u00e9resse, nous vous encourageons \u00e0 nous contacter ou \u00e0 contacter un de nos revendeurs.Param\u00e8tres techniques de base Mod\u00e8le de remorque Dimensions utilesL x l x H (cm) Dimensions hors tout L x l x H (cm) PTAC (poids brut du v\u00e9hicule) (kg) [&hellip;]<\/p>\n","protected":false},"author":2,"featured_media":0,"parent":0,"menu_order":0,"comment_status":"closed","ping_status":"closed","template":"","meta":{"_et_pb_use_builder":"on","_et_pb_old_content":"","_et_gb_content_width":"","footnotes":""},"class_list":["post-273","page","type-page","status-publish","hentry"],"_links":{"self":[{"href":"https:\/\/www.tensa-france.com\/index.php\/wp-json\/wp\/v2\/pages\/273","targetHints":{"allow":["GET"]}}],"collection":[{"href":"https:\/\/www.tensa-france.com\/index.php\/wp-json\/wp\/v2\/pages"}],"about":[{"href":"https:\/\/www.tensa-france.com\/index.php\/wp-json\/wp\/v2\/types\/page"}],"author":[{"embeddable":true,"href":"https:\/\/www.tensa-france.com\/index.php\/wp-json\/wp\/v2\/users\/2"}],"replies":[{"embeddable":true,"href":"https:\/\/www.tensa-france.com\/index.php\/wp-json\/wp\/v2\/comments?post=273"}],"version-history":[{"count":12,"href":"https:\/\/www.tensa-france.com\/index.php\/wp-json\/wp\/v2\/pages\/273\/revisions"}],"predecessor-version":[{"id":1019,"href":"https:\/\/www.tensa-france.com\/index.php\/wp-json\/wp\/v2\/pages\/273\/revisions\/1019"}],"wp:attachment":[{"href":"https:\/\/www.tensa-france.com\/index.php\/wp-json\/wp\/v2\/media?parent=273"}],"curies":[{"name":"wp","href":"https:\/\/api.w.org\/{rel}","templated":true}]}}