{"id":644,"date":"2024-07-10T15:00:11","date_gmt":"2024-07-10T13:00:11","guid":{"rendered":"https:\/\/www.tensa-france.com\/?page_id=644"},"modified":"2024-11-12T15:10:03","modified_gmt":"2024-11-12T14:10:03","slug":"fourgons-frigorifiques","status":"publish","type":"page","link":"https:\/\/www.tensa-france.com\/index.php\/fourgons-frigorifiques\/","title":{"rendered":"Fourgons frigorifiques"},"content":{"rendered":"<p>[et_pb_section fb_built=&#8221;1&#8243; _builder_version=&#8221;4.26.0&#8243; _module_preset=&#8221;default&#8221; background_color=&#8221;#d10b1d&#8221; global_colors_info=&#8221;{}&#8221;][et_pb_row _builder_version=&#8221;4.26.0&#8243; _module_preset=&#8221;default&#8221; global_colors_info=&#8221;{}&#8221;][et_pb_column type=&#8221;4_4&#8243; _builder_version=&#8221;4.26.0&#8243; _module_preset=&#8221;default&#8221; global_colors_info=&#8221;{}&#8221;][et_pb_text _builder_version=&#8221;4.26.0&#8243; _module_preset=&#8221;7bf123cb-3c17-49b1-b5ea-6f1dfdaa08ba&#8221; header_2_text_color=&#8221;gcid-40afeb94-f3a1-4b01-a695-ff82654e75f2&#8243; text_orientation=&#8221;center&#8221; custom_margin=&#8221;||-2px|||&#8221; global_colors_info=&#8221;{%22gcid-40afeb94-f3a1-4b01-a695-ff82654e75f2%22:%91%22header_2_text_color%22%93}&#8221;]<\/p>\n<h2><span style=\"font-size: xx-large; color: #ffffff;\">Fourgons frigorifiques<\/span><\/h2>\n<p>[\/et_pb_text][et_pb_text _builder_version=&#8221;4.27.0&#8243; _module_preset=&#8221;default&#8221; global_colors_info=&#8221;{}&#8221;]<\/p>\n<p style=\"text-align: center;\"><span style=\"color: #ffffff;\">Afin de conna\u00eetre le prix du produit qui vous int\u00e9resse, nous vous encourageons \u00e0 nous contacter ou \u00e0 contacter un de nos revendeurs.<\/span><\/p>\n<p>[\/et_pb_text][\/et_pb_column][\/et_pb_row][\/et_pb_section][et_pb_section fb_built=&#8221;1&#8243; admin_label=&#8221;Products&#8221; _builder_version=&#8221;4.25.1&#8243; _module_preset=&#8221;default&#8221; background_color=&#8221;#FFFFFF&#8221; custom_margin=&#8221;17px|||||&#8221; collapsed=&#8221;on&#8221; global_colors_info=&#8221;{}&#8221;][et_pb_row _builder_version=&#8221;4.22.1&#8243; _module_preset=&#8221;default&#8221; global_colors_info=&#8221;{}&#8221;][et_pb_column type=&#8221;4_4&#8243; _builder_version=&#8221;4.22.1&#8243; _module_preset=&#8221;default&#8221; global_colors_info=&#8221;{}&#8221;][et_pb_text _builder_version=&#8221;4.26.0&#8243; _module_preset=&#8221;7bf123cb-3c17-49b1-b5ea-6f1dfdaa08ba&#8221; header_2_text_color=&#8221;gcid-40afeb94-f3a1-4b01-a695-ff82654e75f2&#8243; text_orientation=&#8221;center&#8221; global_colors_info=&#8221;{%22gcid-40afeb94-f3a1-4b01-a695-ff82654e75f2%22:%91%22header_2_text_color%22%93}&#8221;]<\/p>\n<h2><span style=\"font-size: xx-large; color: #808080;\">Param\u00e8tres techniques de base<\/span><\/h2>\n<p>[\/et_pb_text][et_pb_text _builder_version=&#8221;4.27.3&#8243; _module_preset=&#8221;default&#8221; hover_enabled=&#8221;0&#8243; global_colors_info=&#8221;{}&#8221; sticky_enabled=&#8221;0&#8243;]<\/p>\n<div class=\"et_pb_module et_pb_text et_pb_text_0 et_pb_bg_layout_light et_pb_text_align_left et_pb_module_header\">\n<div class=\"et_pb_text_inner\">\n<div class=\"table-responsive\">\n<table style=\"width: 99.9246%; border-collapse: collapse; background-color: #f3f3f3;\">\n<thead>\n<tr style=\"background-color: #d10a1d; color: #ffffff; text-align: left; font-weight: bold;\">\n<th style=\"padding: 10px; width: 12.1583%;\"><span style=\"color: #ffffff;\">Mod\u00e8le de remorque<\/span><\/th>\n<th style=\"padding: 10px; width: 12.7238%;\"><span style=\"color: #ffffff;\">Dimensions utiles<br \/>L x l x H (cm)<\/span><\/th>\n<th style=\"padding: 10px; width: 16.5881%;\"><span style=\"color: #ffffff;\">Dimensions hors tout L x l x H (cm)<\/span><\/th>\n<th style=\"padding: 10px; width: 14.8916%;\"><span style=\"color: #ffffff;\">PTAC (poids brut du v\u00e9hicule) (kg)<\/span><\/th>\n<th style=\"padding: 10px; width: 15.7399%;\"><span style=\"color: #ffffff;\">Capacit\u00e9 de charge admissible (kg)<\/span><\/th>\n<th style=\"padding: 10px; width: 17.6249%;\"><span style=\"color: #ffffff;\">Nombre d&#8217;essieux F*\u2013 frein\u00e9 \u2013 NF* &#8211; non frein\u00e9<\/span><\/th>\n<th style=\"padding: 10px; width: 10.1791%;\"><span style=\"color: #ffffff;\">Roues<\/span><\/th>\n<\/tr>\n<\/thead>\n<tbody>\n<tr>\n<td style=\"padding: 10px; color: #888888; width: 12.1583%;\">FK750<\/td>\n<td style=\"padding: 10px; width: 12.7238%;\">200x110x150<\/td>\n<td style=\"padding: 10px; width: 16.5881%;\">&#8212;<\/td>\n<td style=\"padding: 10px; width: 14.8916%;\">750<\/td>\n<td style=\"padding: 10px; width: 15.7399%;\">&#8212;<\/td>\n<td style=\"padding: 10px; width: 17.6249%;\">1NF<\/td>\n<td style=\"padding: 10px; width: 10.1791%;\">165\/70R13<\/td>\n<\/tr>\n<tr>\n<td style=\"padding: 10px; color: #888888; width: 12.1583%;\">FK750H<\/td>\n<td style=\"padding: 10px; width: 12.7238%;\">200x110x150<\/td>\n<td style=\"padding: 10px; width: 16.5881%;\">&#8212;<\/td>\n<td style=\"padding: 10px; width: 14.8916%;\">750<\/td>\n<td style=\"padding: 10px; width: 15.7399%;\">&#8212;<\/td>\n<td style=\"padding: 10px; width: 17.6249%;\">1F<\/td>\n<td style=\"padding: 10px; width: 10.1791%;\">165\/70R13<\/td>\n<\/tr>\n<tr>\n<td style=\"padding: 10px; color: #888888; width: 12.1583%;\">FK1325H<\/td>\n<td style=\"padding: 10px; width: 12.7238%;\">250x150x180<\/td>\n<td style=\"padding: 10px; width: 16.5881%;\">&#8212;<\/td>\n<td style=\"padding: 10px; width: 14.8916%;\">1300<\/td>\n<td style=\"padding: 10px; width: 15.7399%;\">&#8212;<\/td>\n<td style=\"padding: 10px; width: 17.6249%;\">1F<\/td>\n<td style=\"padding: 10px; width: 10.1791%;\">165R13C<\/td>\n<\/tr>\n<tr>\n<td style=\"padding: 10px; color: #888888; width: 12.1583%;\">FK1330H<\/td>\n<td style=\"padding: 10px; width: 12.7238%;\">300x165x200<\/td>\n<td style=\"padding: 10px; width: 16.5881%;\">&#8212;<\/td>\n<td style=\"padding: 10px; width: 14.8916%;\">1300<\/td>\n<td style=\"padding: 10px; width: 15.7399%;\">&#8212;<\/td>\n<td style=\"padding: 10px; width: 17.6249%;\">2F<\/td>\n<td style=\"padding: 10px; width: 10.1791%;\">165R13C<\/td>\n<\/tr>\n<tr style=\"background-color: #ffffff;\">\n<td style=\"padding: 10px; color: #888888; width: 12.1583%;\">FK2030HT<\/td>\n<td style=\"padding: 10px; width: 12.7238%;\">300x165x200<\/td>\n<td style=\"padding: 10px; width: 16.5881%;\">455x224x264<\/td>\n<td style=\"padding: 10px; width: 14.8916%;\">2000<\/td>\n<td style=\"padding: 10px; width: 15.7399%;\">1220<\/td>\n<td style=\"padding: 10px; width: 17.6249%;\">2F<\/td>\n<td style=\"padding: 10px; width: 10.1791%;\">165R13C<\/td>\n<\/tr>\n<tr style=\"background-color: #ffffff;\">\n<td style=\"padding: 10px; color: #888888; width: 12.1583%;\">FK2730HT<\/td>\n<td style=\"padding: 10px; width: 12.7238%;\">300x165x200<\/td>\n<td style=\"padding: 10px; width: 16.5881%;\">455x224x264<\/td>\n<td style=\"padding: 10px; width: 14.8916%;\">2700<\/td>\n<td style=\"padding: 10px; width: 15.7399%;\">1680<\/td>\n<td style=\"padding: 10px; width: 17.6249%;\">2F<\/td>\n<td style=\"padding: 10px; width: 10.1791%;\">165R13C<\/td>\n<\/tr>\n<tr>\n<td style=\"padding: 10px; color: #888888; width: 12.1583%;\">FK2036HT<\/td>\n<td style=\"padding: 10px; width: 12.7238%;\">360x165x200<\/td>\n<td style=\"padding: 10px; width: 16.5881%;\">&#8212;<\/td>\n<td style=\"padding: 10px; width: 14.8916%;\">2000<\/td>\n<td style=\"padding: 10px; width: 15.7399%;\">&#8212;<\/td>\n<td style=\"padding: 10px; width: 17.6249%;\">2F<\/td>\n<td style=\"padding: 10px; width: 10.1791%;\">165R13C<\/td>\n<\/tr>\n<tr>\n<td style=\"padding: 10px; color: #888888; width: 12.1583%;\">FK2736HT<\/td>\n<td style=\"padding: 10px; width: 12.7238%;\">360x180x200<\/td>\n<td style=\"padding: 10px; width: 16.5881%;\">&#8212;<\/td>\n<td style=\"padding: 10px; width: 14.8916%;\">2700<\/td>\n<td style=\"padding: 10px; width: 15.7399%;\">&#8212;<\/td>\n<td style=\"padding: 10px; width: 17.6249%;\">2F<\/td>\n<td style=\"padding: 10px; width: 10.1791%;\">165R13C<\/td>\n<\/tr>\n<tr>\n<td style=\"padding: 10px; color: #888888; width: 12.1583%;\">FK3536HT<\/td>\n<td style=\"padding: 10px; width: 12.7238%;\">365x151x180<\/td>\n<td style=\"padding: 10px; width: 16.5881%;\">&#8212;<\/td>\n<td style=\"padding: 10px; width: 14.8916%;\">3500<\/td>\n<td style=\"padding: 10px; width: 15.7399%;\">&#8212;<\/td>\n<td style=\"padding: 10px; width: 17.6249%;\">2F<\/td>\n<td style=\"padding: 10px; width: 10.1791%;\">165R13C<\/td>\n<\/tr>\n<\/tbody>\n<\/table>\n<\/div>\n<\/div>\n<\/div>\n<p>[\/et_pb_text][et_pb_text _builder_version=&#8221;4.26.0&#8243; _module_preset=&#8221;7bf123cb-3c17-49b1-b5ea-6f1dfdaa08ba&#8221; header_2_text_color=&#8221;gcid-40afeb94-f3a1-4b01-a695-ff82654e75f2&#8243; text_orientation=&#8221;center&#8221; global_colors_info=&#8221;{%22gcid-40afeb94-f3a1-4b01-a695-ff82654e75f2%22:%91%22header_2_text_color%22%93}&#8221;]<\/p>\n<h2><span style=\"font-size: xx-large; color: #808080;\">D\u00e9couvrez la gamme<\/span><\/h2>\n<p>[\/et_pb_text][et_pb_shop type=&#8221;product_category&#8221; include_categories=&#8221;28&#8243; _builder_version=&#8221;4.26.0&#8243; _module_preset=&#8221;default&#8221; text_orientation=&#8221;center&#8221; border_width_all_image=&#8221;1px&#8221; global_colors_info=&#8221;{}&#8221;][\/et_pb_shop][\/et_pb_column][\/et_pb_row][\/et_pb_section]<\/p>\n","protected":false},"excerpt":{"rendered":"<p>Fourgons frigorifiquesAfin de conna\u00eetre le prix du produit qui vous int\u00e9resse, nous vous encourageons \u00e0 nous contacter ou \u00e0 contacter un de nos revendeurs.Param\u00e8tres techniques de base Mod\u00e8le de remorque Dimensions utilesL x l x H (cm) Dimensions hors tout L x l x H (cm) PTAC (poids brut du v\u00e9hicule) (kg) Capacit\u00e9 de charge [&hellip;]<\/p>\n","protected":false},"author":2,"featured_media":0,"parent":0,"menu_order":0,"comment_status":"closed","ping_status":"closed","template":"","meta":{"_et_pb_use_builder":"on","_et_pb_old_content":"<!-- wp:divi\/placeholder \/-->","_et_gb_content_width":"","footnotes":""},"class_list":["post-644","page","type-page","status-publish","hentry"],"_links":{"self":[{"href":"https:\/\/www.tensa-france.com\/index.php\/wp-json\/wp\/v2\/pages\/644","targetHints":{"allow":["GET"]}}],"collection":[{"href":"https:\/\/www.tensa-france.com\/index.php\/wp-json\/wp\/v2\/pages"}],"about":[{"href":"https:\/\/www.tensa-france.com\/index.php\/wp-json\/wp\/v2\/types\/page"}],"author":[{"embeddable":true,"href":"https:\/\/www.tensa-france.com\/index.php\/wp-json\/wp\/v2\/users\/2"}],"replies":[{"embeddable":true,"href":"https:\/\/www.tensa-france.com\/index.php\/wp-json\/wp\/v2\/comments?post=644"}],"version-history":[{"count":18,"href":"https:\/\/www.tensa-france.com\/index.php\/wp-json\/wp\/v2\/pages\/644\/revisions"}],"predecessor-version":[{"id":1242,"href":"https:\/\/www.tensa-france.com\/index.php\/wp-json\/wp\/v2\/pages\/644\/revisions\/1242"}],"wp:attachment":[{"href":"https:\/\/www.tensa-france.com\/index.php\/wp-json\/wp\/v2\/media?parent=644"}],"curies":[{"name":"wp","href":"https:\/\/api.w.org\/{rel}","templated":true}]}}