{"id":687,"date":"2024-07-10T15:44:30","date_gmt":"2024-07-10T13:44:30","guid":{"rendered":"https:\/\/www.tensa-france.com\/?page_id=687"},"modified":"2024-11-12T14:55:44","modified_gmt":"2024-11-12T13:55:44","slug":"fourgons-sandwich","status":"publish","type":"page","link":"https:\/\/www.tensa-france.com\/index.php\/fourgons-sandwich\/","title":{"rendered":"Fourgons sandwich"},"content":{"rendered":"<p>[et_pb_section fb_built=&#8221;1&#8243; _builder_version=&#8221;4.26.0&#8243; _module_preset=&#8221;default&#8221; background_color=&#8221;#d10b1d&#8221; global_colors_info=&#8221;{}&#8221;][et_pb_row _builder_version=&#8221;4.26.0&#8243; _module_preset=&#8221;default&#8221; global_colors_info=&#8221;{}&#8221;][et_pb_column type=&#8221;4_4&#8243; _builder_version=&#8221;4.26.0&#8243; _module_preset=&#8221;default&#8221; global_colors_info=&#8221;{}&#8221;][et_pb_text _builder_version=&#8221;4.26.0&#8243; _module_preset=&#8221;7bf123cb-3c17-49b1-b5ea-6f1dfdaa08ba&#8221; header_2_text_color=&#8221;gcid-40afeb94-f3a1-4b01-a695-ff82654e75f2&#8243; text_orientation=&#8221;center&#8221; custom_margin=&#8221;||-2px|||&#8221; global_colors_info=&#8221;{%22gcid-40afeb94-f3a1-4b01-a695-ff82654e75f2%22:%91%22header_2_text_color%22%93}&#8221;]<\/p>\n<h2><span style=\"font-size: xx-large; color: #ffffff;\">Fourgons en <strong>sandwich<\/strong><\/span><\/h2>\n<p>[\/et_pb_text][et_pb_text _builder_version=&#8221;4.27.0&#8243; _module_preset=&#8221;default&#8221; global_colors_info=&#8221;{}&#8221;]<\/p>\n<p style=\"text-align: center;\"><span style=\"color: #ffffff;\">Afin de conna\u00eetre le prix du produit qui vous int\u00e9resse, nous vous encourageons \u00e0 nous contacter ou \u00e0 contacter un de nos revendeurs.<\/span><\/p>\n<p>[\/et_pb_text][\/et_pb_column][\/et_pb_row][\/et_pb_section][et_pb_section fb_built=&#8221;1&#8243; admin_label=&#8221;Products&#8221; _builder_version=&#8221;4.25.1&#8243; _module_preset=&#8221;default&#8221; background_color=&#8221;#FFFFFF&#8221; custom_margin=&#8221;17px|||||&#8221; collapsed=&#8221;on&#8221; global_colors_info=&#8221;{}&#8221;][et_pb_row _builder_version=&#8221;4.22.1&#8243; _module_preset=&#8221;default&#8221; global_colors_info=&#8221;{}&#8221;][et_pb_column type=&#8221;4_4&#8243; _builder_version=&#8221;4.22.1&#8243; _module_preset=&#8221;default&#8221; global_colors_info=&#8221;{}&#8221;][et_pb_text _builder_version=&#8221;4.26.0&#8243; _module_preset=&#8221;7bf123cb-3c17-49b1-b5ea-6f1dfdaa08ba&#8221; header_2_text_color=&#8221;gcid-40afeb94-f3a1-4b01-a695-ff82654e75f2&#8243; text_orientation=&#8221;center&#8221; global_colors_info=&#8221;{%22gcid-40afeb94-f3a1-4b01-a695-ff82654e75f2%22:%91%22header_2_text_color%22%93}&#8221;]<\/p>\n<h2><span style=\"font-size: xx-large; color: #808080;\">Param\u00e8tres<strong> techniques de base<\/strong><\/span><\/h2>\n<p>[\/et_pb_text][et_pb_text _builder_version=&#8221;4.27.3&#8243; _module_preset=&#8221;default&#8221; hover_enabled=&#8221;0&#8243; global_colors_info=&#8221;{}&#8221; sticky_enabled=&#8221;0&#8243;]<\/p>\n<div class=\"et_pb_module et_pb_text et_pb_text_0 et_pb_bg_layout_light et_pb_text_align_left et_pb_module_header\">\n<div class=\"et_pb_text_inner\">\n<div class=\"table-responsive\">\n<table style=\"width: 100%; border-collapse: collapse; background-color: #f3f3f3; height: 971px;\">\n<thead>\n<tr style=\"background-color: #d10a1d; color: #ffffff; text-align: left; font-weight: bold;\">\n<th style=\"padding: 10px; width: 15.856%; height: 119px;\"><span style=\"color: #ffffff;\">Mod\u00e8le de remorque<br \/>(R=rampe ou D= double portes arri\u00e8res)<\/span><\/th>\n<th style=\"padding: 10px; width: 12.9377%; height: 119px;\"><span style=\"color: #ffffff;\">Dimensions utiles<br \/>L x l x H (cm)<\/span><\/th>\n<th style=\"padding: 10px; width: 16.0506%; height: 119px;\"><span style=\"color: #ffffff;\">Dimensions hors tout L x l x H (cm)<\/span><\/th>\n<th style=\"padding: 10px; width: 14.1051%; height: 119px;\"><span style=\"color: #ffffff;\">PTAC (poids brut du v\u00e9hicule) (kg)<\/span><\/th>\n<th style=\"padding: 10px; width: 15.0778%; height: 119px;\"><span style=\"color: #ffffff;\">Capacit\u00e9 de charge admissible (kg)<\/span><\/th>\n<th style=\"padding: 10px; width: 16.3424%; height: 119px;\"><span style=\"color: #ffffff;\">Nombre d&#8217;essieux F= frein\u00e9 \u2013 NF= non frein\u00e9<\/span><\/th>\n<th style=\"padding: 10px; width: 9.53307%; height: 119px;\"><span style=\"color: #ffffff;\">Roues<\/span><\/th>\n<\/tr>\n<\/thead>\n<tbody>\n<tr style=\"background-color: #ffffff;\">\n<td style=\"padding: 10px; width: 15.856%; height: 23px;\">F1326H (h=150)<\/td>\n<td style=\"padding: 10px; width: 12.9377%; height: 23px;\">260x130x150<\/td>\n<td style=\"padding: 10px; width: 16.0506%; height: 23px;\">340x187x205<\/td>\n<td style=\"padding: 10px; width: 14.1051%; height: 23px;\">1300<\/td>\n<td style=\"padding: 10px; width: 15.0778%; height: 23px;\">880<\/td>\n<td style=\"padding: 10px; width: 16.3424%; height: 23px;\">1F<\/td>\n<td style=\"padding: 10px; width: 9.53307%; height: 23px;\">165R13C<\/td>\n<\/tr>\n<tr style=\"background-color: #ffffff;\">\n<td style=\"padding: 10px; width: 15.856%; height: 23px;\">F1326H (h=150)<\/td>\n<td style=\"padding: 10px; width: 12.9377%; height: 23px;\">260x150x150<\/td>\n<td style=\"padding: 10px; width: 16.0506%; height: 23px;\">340x207x205<\/td>\n<td style=\"padding: 10px; width: 14.1051%; height: 23px;\">1300<\/td>\n<td style=\"padding: 10px; width: 15.0778%; height: 23px;\">880<\/td>\n<td style=\"padding: 10px; width: 16.3424%; height: 23px;\">1F<\/td>\n<td style=\"padding: 10px; width: 9.53307%; height: 23px;\">165R13C<\/td>\n<\/tr>\n<tr style=\"background-color: #ffffff;\">\n<td style=\"padding: 10px; width: 15.856%; height: 23px;\">F1326H (h=180)<\/td>\n<td style=\"padding: 10px; width: 12.9377%; height: 23px;\">260x130x180<\/td>\n<td style=\"padding: 10px; width: 16.0506%; height: 23px;\">340x187x235<\/td>\n<td style=\"padding: 10px; width: 14.1051%; height: 23px;\">1300<\/td>\n<td style=\"padding: 10px; width: 15.0778%; height: 23px;\">880<\/td>\n<td style=\"padding: 10px; width: 16.3424%; height: 23px;\">1F<\/td>\n<td style=\"padding: 10px; width: 9.53307%; height: 23px;\">165R13C<\/td>\n<\/tr>\n<tr style=\"height: 23px;\">\n<td style=\"padding: 10px; width: 15.856%; height: 23px;\">F7530 (h=150)<\/td>\n<td style=\"padding: 10px; width: 12.9377%; height: 23px;\">305x150x150<\/td>\n<td style=\"padding: 10px; width: 16.0506%; height: 23px;\"><\/td>\n<td style=\"padding: 10px; width: 14.1051%; height: 23px;\">750<\/td>\n<td style=\"padding: 10px; width: 15.0778%; height: 23px;\"><\/td>\n<td style=\"padding: 10px; width: 16.3424%; height: 23px;\">1NF<\/td>\n<td style=\"padding: 10px; width: 9.53307%; height: 23px;\">165\/70R13<\/td>\n<\/tr>\n<tr style=\"height: 23px;\">\n<td style=\"padding: 10px; width: 15.856%; height: 23px;\">F7530H (h=150)<\/td>\n<td style=\"padding: 10px; width: 12.9377%; height: 23px;\">305x150x150<\/td>\n<td style=\"padding: 10px; width: 16.0506%; height: 23px;\"><\/td>\n<td style=\"padding: 10px; width: 14.1051%; height: 23px;\">750<\/td>\n<td style=\"padding: 10px; width: 15.0778%; height: 23px;\"><\/td>\n<td style=\"padding: 10px; width: 16.3424%; height: 23px;\">1F<\/td>\n<td style=\"padding: 10px; width: 9.53307%; height: 23px;\">165\/70R13<\/td>\n<\/tr>\n<tr style=\"height: 23px;\">\n<td style=\"padding: 10px; width: 15.856%; height: 23px;\">F1330H (h=150)<\/td>\n<td style=\"padding: 10px; width: 12.9377%; height: 23px;\">305x150x150<\/td>\n<td style=\"padding: 10px; width: 16.0506%; height: 23px;\"><\/td>\n<td style=\"padding: 10px; width: 14.1051%; height: 23px;\">1300<\/td>\n<td style=\"padding: 10px; width: 15.0778%; height: 23px;\"><\/td>\n<td style=\"padding: 10px; width: 16.3424%; height: 23px;\">1F<\/td>\n<td style=\"padding: 10px; width: 9.53307%; height: 23px;\">165R13C<\/td>\n<\/tr>\n<tr style=\"height: 23px;\">\n<td style=\"padding: 10px; width: 15.856%; height: 23px;\">F2030H (h=150)<\/td>\n<td style=\"padding: 10px; width: 12.9377%; height: 23px;\">305x150x150<\/td>\n<td style=\"padding: 10px; width: 16.0506%; height: 23px;\"><\/td>\n<td style=\"padding: 10px; width: 14.1051%; height: 23px;\">2000<\/td>\n<td style=\"padding: 10px; width: 15.0778%; height: 23px;\"><\/td>\n<td style=\"padding: 10px; width: 16.3424%; height: 23px;\">2F<\/td>\n<td style=\"padding: 10px; width: 9.53307%; height: 23px;\">165R13C<\/td>\n<\/tr>\n<tr style=\"height: 23px;\">\n<td style=\"padding: 10px; width: 15.856%; height: 23px;\">F2730H (h=150)<\/td>\n<td style=\"padding: 10px; width: 12.9377%; height: 23px;\">305x150x150<\/td>\n<td style=\"padding: 10px; width: 16.0506%; height: 23px;\"><\/td>\n<td style=\"padding: 10px; width: 14.1051%; height: 23px;\">2700<\/td>\n<td style=\"padding: 10px; width: 15.0778%; height: 23px;\"><\/td>\n<td style=\"padding: 10px; width: 16.3424%; height: 23px;\">2F<\/td>\n<td style=\"padding: 10px; width: 9.53307%; height: 23px;\">165R13C<\/td>\n<\/tr>\n<tr style=\"height: 23px;\">\n<td style=\"padding: 10px; width: 15.856%; height: 23px;\">F1330H (h=180)<\/td>\n<td style=\"padding: 10px; width: 12.9377%; height: 23px;\">305x150x180<\/td>\n<td style=\"padding: 10px; width: 16.0506%; height: 23px;\"><\/td>\n<td style=\"padding: 10px; width: 14.1051%; height: 23px;\">1300<\/td>\n<td style=\"padding: 10px; width: 15.0778%; height: 23px;\"><\/td>\n<td style=\"padding: 10px; width: 16.3424%; height: 23px;\">1F<\/td>\n<td style=\"padding: 10px; width: 9.53307%; height: 23px;\">165R13C<\/td>\n<\/tr>\n<tr style=\"height: 23px;\">\n<td style=\"padding: 10px; width: 15.856%; height: 23px;\">F2030H (h=180)<\/td>\n<td style=\"padding: 10px; width: 12.9377%; height: 23px;\">305x150x180<\/td>\n<td style=\"padding: 10px; width: 16.0506%; height: 23px;\"><\/td>\n<td style=\"padding: 10px; width: 14.1051%; height: 23px;\">2000<\/td>\n<td style=\"padding: 10px; width: 15.0778%; height: 23px;\"><\/td>\n<td style=\"padding: 10px; width: 16.3424%; height: 23px;\">2F<\/td>\n<td style=\"padding: 10px; width: 9.53307%; height: 23px;\">165R13C<\/td>\n<\/tr>\n<tr style=\"height: 23px;\">\n<td style=\"padding: 10px; width: 15.856%; height: 23px;\">F2730H (h=180)<\/td>\n<td style=\"padding: 10px; width: 12.9377%; height: 23px;\">305x150x180<\/td>\n<td style=\"padding: 10px; width: 16.0506%; height: 23px;\"><\/td>\n<td style=\"padding: 10px; width: 14.1051%; height: 23px;\">2700<\/td>\n<td style=\"padding: 10px; width: 15.0778%; height: 23px;\"><\/td>\n<td style=\"padding: 10px; width: 16.3424%; height: 23px;\">2F<\/td>\n<td style=\"padding: 10px; width: 9.53307%; height: 23px;\">165R13C<\/td>\n<\/tr>\n<tr style=\"height: 23px;\">\n<td style=\"padding: 10px; width: 15.856%; height: 23px;\">F1336H (h=180)<\/td>\n<td style=\"padding: 10px; width: 12.9377%; height: 23px;\">353x150x180<\/td>\n<td style=\"padding: 10px; width: 16.0506%; height: 23px;\"><\/td>\n<td style=\"padding: 10px; width: 14.1051%; height: 23px;\">1300<\/td>\n<td style=\"padding: 10px; width: 15.0778%; height: 23px;\"><\/td>\n<td style=\"padding: 10px; width: 16.3424%; height: 23px;\">1F<\/td>\n<td style=\"padding: 10px; width: 9.53307%; height: 23px;\">165R13C<\/td>\n<\/tr>\n<tr style=\"height: 23px;\">\n<td style=\"padding: 10px; width: 15.856%; height: 23px;\">F2036H (h=180)<\/td>\n<td style=\"padding: 10px; width: 12.9377%; height: 23px;\">353x150x180<\/td>\n<td style=\"padding: 10px; width: 16.0506%; height: 23px;\"><\/td>\n<td style=\"padding: 10px; width: 14.1051%; height: 23px;\">2000<\/td>\n<td style=\"padding: 10px; width: 15.0778%; height: 23px;\"><\/td>\n<td style=\"padding: 10px; width: 16.3424%; height: 23px;\">2F<\/td>\n<td style=\"padding: 10px; width: 9.53307%; height: 23px;\">165R13C<\/td>\n<\/tr>\n<tr style=\"height: 23px;\">\n<td style=\"padding: 10px; width: 15.856%; height: 23px;\">F2736H (h=180)<\/td>\n<td style=\"padding: 10px; width: 12.9377%; height: 23px;\">353x150x180<\/td>\n<td style=\"padding: 10px; width: 16.0506%; height: 23px;\"><\/td>\n<td style=\"padding: 10px; width: 14.1051%; height: 23px;\">2700<\/td>\n<td style=\"padding: 10px; width: 15.0778%; height: 23px;\"><\/td>\n<td style=\"padding: 10px; width: 16.3424%; height: 23px;\">2F<\/td>\n<td style=\"padding: 10px; width: 9.53307%; height: 23px;\">165R13C<\/td>\n<\/tr>\n<tr style=\"height: 23px;\">\n<td style=\"padding: 10px; width: 15.856%; height: 23px;\">F2741HT (h=190)<\/td>\n<td style=\"padding: 10px; width: 12.9377%; height: 23px;\">400x200x190<\/td>\n<td style=\"padding: 10px; width: 16.0506%; height: 23px;\"><\/td>\n<td style=\"padding: 10px; width: 14.1051%; height: 23px;\">2700<\/td>\n<td style=\"padding: 10px; width: 15.0778%; height: 23px;\"><\/td>\n<td style=\"padding: 10px; width: 16.3424%; height: 23px;\">2F<\/td>\n<td style=\"padding: 10px; width: 9.53307%; height: 23px;\">165R13C<\/td>\n<\/tr>\n<tr style=\"height: 23px;\">\n<td style=\"padding: 10px; width: 15.856%; height: 23px;\">F2750HT (h=200)<\/td>\n<td style=\"padding: 10px; width: 12.9377%; height: 23px;\">500x200x200<\/td>\n<td style=\"padding: 10px; width: 16.0506%; height: 23px;\"><\/td>\n<td style=\"padding: 10px; width: 14.1051%; height: 23px;\">2700<\/td>\n<td style=\"padding: 10px; width: 15.0778%; height: 23px;\"><\/td>\n<td style=\"padding: 10px; width: 16.3424%; height: 23px;\">2F<\/td>\n<td style=\"padding: 10px; width: 9.53307%; height: 23px;\">165R13C<\/td>\n<\/tr>\n<tr style=\"height: 23px;\">\n<td style=\"padding: 10px; width: 15.856%; height: 23px;\">F3060HT (h=200)<\/td>\n<td style=\"padding: 10px; width: 12.9377%; height: 23px;\">600x200x200<\/td>\n<td style=\"padding: 10px; width: 16.0506%; height: 23px;\"><\/td>\n<td style=\"padding: 10px; width: 14.1051%; height: 23px;\">3000<\/td>\n<td style=\"padding: 10px; width: 15.0778%; height: 23px;\"><\/td>\n<td style=\"padding: 10px; width: 16.3424%; height: 23px;\">2F<\/td>\n<td style=\"padding: 10px; width: 9.53307%; height: 23px;\">185R14C<\/td>\n<\/tr>\n<tr style=\"height: 23px;\">\n<td style=\"padding: 10px; width: 15.856%; height: 23px;\">F3560HT (h=200)<\/td>\n<td style=\"padding: 10px; width: 12.9377%; height: 23px;\">600x200x200<\/td>\n<td style=\"padding: 10px; width: 16.0506%; height: 23px;\"><\/td>\n<td style=\"padding: 10px; width: 14.1051%; height: 23px;\">3500<\/td>\n<td style=\"padding: 10px; width: 15.0778%; height: 23px;\"><\/td>\n<td style=\"padding: 10px; width: 16.3424%; height: 23px;\">2F<\/td>\n<td style=\"padding: 10px; width: 9.53307%; height: 23px;\">185R14C<\/td>\n<\/tr>\n<tr style=\"height: 47px;\">\n<td style=\"padding: 10px; width: 15.856%; height: 47px;\"><strong>FC = roues sous plateau (R ou D)<\/strong><\/td>\n<td style=\"padding: 10px; width: 12.9377%; height: 47px;\"><\/td>\n<td style=\"padding: 10px; width: 16.0506%; height: 47px;\"><\/td>\n<td style=\"padding: 10px; width: 14.1051%; height: 47px;\"><\/td>\n<td style=\"padding: 10px; width: 15.0778%; height: 47px;\"><\/td>\n<td style=\"padding: 10px; width: 16.3424%; height: 47px;\"><\/td>\n<td style=\"padding: 10px; width: 9.53307%; height: 47px;\"><\/td>\n<\/tr>\n<tr style=\"height: 23px;\">\n<td style=\"padding: 10px; width: 15.856%; height: 23px;\">FC1326H (h=180)<\/td>\n<td style=\"padding: 10px; width: 12.9377%; height: 23px;\">260x160x180<\/td>\n<td style=\"padding: 10px; width: 16.0506%; height: 23px;\"><\/td>\n<td style=\"padding: 10px; width: 14.1051%; height: 23px;\">1300<\/td>\n<td style=\"padding: 10px; width: 15.0778%; height: 23px;\"><\/td>\n<td style=\"padding: 10px; width: 16.3424%; height: 23px;\">1F<\/td>\n<td style=\"padding: 10px; width: 9.53307%; height: 23px;\">195\/55R10C<\/td>\n<\/tr>\n<tr style=\"height: 23px;\">\n<td style=\"padding: 10px; width: 15.856%; height: 23px;\">FC2026HT (h=180)<\/td>\n<td style=\"padding: 10px; width: 12.9377%; height: 23px;\">260x160x180<\/td>\n<td style=\"padding: 10px; width: 16.0506%; height: 23px;\"><\/td>\n<td style=\"padding: 10px; width: 14.1051%; height: 23px;\">2000<\/td>\n<td style=\"padding: 10px; width: 15.0778%; height: 23px;\"><\/td>\n<td style=\"padding: 10px; width: 16.3424%; height: 23px;\">2F<\/td>\n<td style=\"padding: 10px; width: 9.53307%; height: 23px;\">195\/55R10C<\/td>\n<\/tr>\n<tr style=\"height: 23px;\">\n<td style=\"padding: 10px; width: 15.856%; height: 23px;\">FC2726HT (h=180)<\/td>\n<td style=\"padding: 10px; width: 12.9377%; height: 23px;\">260x160x180<\/td>\n<td style=\"padding: 10px; width: 16.0506%; height: 23px;\"><\/td>\n<td style=\"padding: 10px; width: 14.1051%; height: 23px;\">2700<\/td>\n<td style=\"padding: 10px; width: 15.0778%; height: 23px;\"><\/td>\n<td style=\"padding: 10px; width: 16.3424%; height: 23px;\">2F<\/td>\n<td style=\"padding: 10px; width: 9.53307%; height: 23px;\">195\/55R10C<\/td>\n<\/tr>\n<tr style=\"height: 23px;\">\n<td style=\"padding: 10px; width: 15.856%; height: 23px;\">FC1330H (h=180)<\/td>\n<td style=\"padding: 10px; width: 12.9377%; height: 23px;\">305x180x180<\/td>\n<td style=\"padding: 10px; width: 16.0506%; height: 23px;\"><\/td>\n<td style=\"padding: 10px; width: 14.1051%; height: 23px;\">1300<\/td>\n<td style=\"padding: 10px; width: 15.0778%; height: 23px;\"><\/td>\n<td style=\"padding: 10px; width: 16.3424%; height: 23px;\">1F<\/td>\n<td style=\"padding: 10px; width: 9.53307%; height: 23px;\">195\/55R10C<\/td>\n<\/tr>\n<tr style=\"height: 23px;\">\n<td style=\"padding: 10px; width: 15.856%; height: 23px;\">FC2030HT (h=180)<\/td>\n<td style=\"padding: 10px; width: 12.9377%; height: 23px;\">305x180x180<\/td>\n<td style=\"padding: 10px; width: 16.0506%; height: 23px;\"><\/td>\n<td style=\"padding: 10px; width: 14.1051%; height: 23px;\">2000<\/td>\n<td style=\"padding: 10px; width: 15.0778%; height: 23px;\"><\/td>\n<td style=\"padding: 10px; width: 16.3424%; height: 23px;\">2F<\/td>\n<td style=\"padding: 10px; width: 9.53307%; height: 23px;\">195\/55R10C<\/td>\n<\/tr>\n<tr style=\"height: 23px;\">\n<td style=\"padding: 10px; width: 15.856%; height: 23px;\">FC2730HT (h=180)<\/td>\n<td style=\"padding: 10px; width: 12.9377%; height: 23px;\">305x180x180<\/td>\n<td style=\"padding: 10px; width: 16.0506%; height: 23px;\"><\/td>\n<td style=\"padding: 10px; width: 14.1051%; height: 23px;\">2700<\/td>\n<td style=\"padding: 10px; width: 15.0778%; height: 23px;\"><\/td>\n<td style=\"padding: 10px; width: 16.3424%; height: 23px;\">2F<\/td>\n<td style=\"padding: 10px; width: 9.53307%; height: 23px;\">195\/55R10C<\/td>\n<\/tr>\n<tr style=\"height: 23px;\">\n<td style=\"padding: 10px; width: 15.856%; height: 23px;\">FC1336H (h=180)<\/td>\n<td style=\"padding: 10px; width: 12.9377%; height: 23px;\">360x180x180<\/td>\n<td style=\"padding: 10px; width: 16.0506%; height: 23px;\"><\/td>\n<td style=\"padding: 10px; width: 14.1051%; height: 23px;\">1300<\/td>\n<td style=\"padding: 10px; width: 15.0778%; height: 23px;\"><\/td>\n<td style=\"padding: 10px; width: 16.3424%; height: 23px;\">1F<\/td>\n<td style=\"padding: 10px; width: 9.53307%; height: 23px;\">195\/55R10C<\/td>\n<\/tr>\n<tr style=\"height: 23px;\">\n<td style=\"padding: 10px; width: 15.856%; height: 23px;\">FC2036HT (h=180)<\/td>\n<td style=\"padding: 10px; width: 12.9377%; height: 23px;\">360x180x180<\/td>\n<td style=\"padding: 10px; width: 16.0506%; height: 23px;\"><\/td>\n<td style=\"padding: 10px; width: 14.1051%; height: 23px;\">2000<\/td>\n<td style=\"padding: 10px; width: 15.0778%; height: 23px;\"><\/td>\n<td style=\"padding: 10px; width: 16.3424%; height: 23px;\">2F<\/td>\n<td style=\"padding: 10px; width: 9.53307%; height: 23px;\">195\/55R10C<\/td>\n<\/tr>\n<tr style=\"height: 23px;\">\n<td style=\"padding: 10px; width: 15.856%; height: 23px;\">FC2736HT (h=180)<\/td>\n<td style=\"padding: 10px; width: 12.9377%; height: 23px;\">360x180x180<\/td>\n<td style=\"padding: 10px; width: 16.0506%; height: 23px;\"><\/td>\n<td style=\"padding: 10px; width: 14.1051%; height: 23px;\">2700<\/td>\n<td style=\"padding: 10px; width: 15.0778%; height: 23px;\"><\/td>\n<td style=\"padding: 10px; width: 16.3424%; height: 23px;\">2F<\/td>\n<td style=\"padding: 10px; width: 9.53307%; height: 23px;\">195\/55R10C<\/td>\n<\/tr>\n<tr style=\"height: 23px;\">\n<td style=\"padding: 10px; width: 15.856%; height: 23px;\">FC2740HT (h=190)<\/td>\n<td style=\"padding: 10px; width: 12.9377%; height: 23px;\">400x180x190<\/td>\n<td style=\"padding: 10px; width: 16.0506%; height: 23px;\"><\/td>\n<td style=\"padding: 10px; width: 14.1051%; height: 23px;\">2700<\/td>\n<td style=\"padding: 10px; width: 15.0778%; height: 23px;\"><\/td>\n<td style=\"padding: 10px; width: 16.3424%; height: 23px;\">2F<\/td>\n<td style=\"padding: 10px; width: 9.53307%; height: 23px;\">195\/55R10C<\/td>\n<\/tr>\n<tr style=\"height: 23px;\">\n<td style=\"padding: 10px; width: 15.856%; height: 23px;\">FC3540HT (h=190)<\/td>\n<td style=\"padding: 10px; width: 12.9377%; height: 23px;\">400x180x190<\/td>\n<td style=\"padding: 10px; width: 16.0506%; height: 23px;\"><\/td>\n<td style=\"padding: 10px; width: 14.1051%; height: 23px;\">3500<\/td>\n<td style=\"padding: 10px; width: 15.0778%; height: 23px;\"><\/td>\n<td style=\"padding: 10px; width: 16.3424%; height: 23px;\">2F<\/td>\n<td style=\"padding: 10px; width: 9.53307%; height: 23px;\">195\/50R13C<\/td>\n<\/tr>\n<tr style=\"height: 23px;\">\n<td style=\"padding: 10px; width: 15.856%; height: 23px;\">FC3542HT (h=190)<\/td>\n<td style=\"padding: 10px; width: 12.9377%; height: 23px;\">420x180x190<\/td>\n<td style=\"padding: 10px; width: 16.0506%; height: 23px;\"><\/td>\n<td style=\"padding: 10px; width: 14.1051%; height: 23px;\">3500<\/td>\n<td style=\"padding: 10px; width: 15.0778%; height: 23px;\"><\/td>\n<td style=\"padding: 10px; width: 16.3424%; height: 23px;\">2F<\/td>\n<td style=\"padding: 10px; width: 9.53307%; height: 23px;\">195\/50R13C<\/td>\n<\/tr>\n<tr style=\"height: 23px;\">\n<td style=\"padding: 10px; width: 15.856%; height: 23px;\">FC2750HT (h=200)<\/td>\n<td style=\"padding: 10px; width: 12.9377%; height: 23px;\">500x200x200<\/td>\n<td style=\"padding: 10px; width: 16.0506%; height: 23px;\"><\/td>\n<td style=\"padding: 10px; width: 14.1051%; height: 23px;\">2700<\/td>\n<td style=\"padding: 10px; width: 15.0778%; height: 23px;\"><\/td>\n<td style=\"padding: 10px; width: 16.3424%; height: 23px;\">2F<\/td>\n<td style=\"padding: 10px; width: 9.53307%; height: 23px;\">195\/55R10C<\/td>\n<\/tr>\n<tr style=\"height: 23px;\">\n<td style=\"padding: 10px; width: 15.856%; height: 23px;\">FC3050HT (h=200)<\/td>\n<td style=\"padding: 10px; width: 12.9377%; height: 23px;\">500x200x200<\/td>\n<td style=\"padding: 10px; width: 16.0506%; height: 23px;\"><\/td>\n<td style=\"padding: 10px; width: 14.1051%; height: 23px;\">3000<\/td>\n<td style=\"padding: 10px; width: 15.0778%; height: 23px;\"><\/td>\n<td style=\"padding: 10px; width: 16.3424%; height: 23px;\">2F<\/td>\n<td style=\"padding: 10px; width: 9.53307%; height: 23px;\">195\/55R10C<\/td>\n<\/tr>\n<tr style=\"height: 23px;\">\n<td style=\"padding: 10px; width: 15.856%; height: 23px;\">FC3060HT (h=200)<\/td>\n<td style=\"padding: 10px; width: 12.9377%; height: 23px;\">600x200x200<\/td>\n<td style=\"padding: 10px; width: 16.0506%; height: 23px;\"><\/td>\n<td style=\"padding: 10px; width: 14.1051%; height: 23px;\">3000<\/td>\n<td style=\"padding: 10px; width: 15.0778%; height: 23px;\"><\/td>\n<td style=\"padding: 10px; width: 16.3424%; height: 23px;\">2F<\/td>\n<td style=\"padding: 10px; width: 9.53307%; height: 23px;\">195\/55R10C<\/td>\n<\/tr>\n<tr style=\"height: 23px;\">\n<td style=\"padding: 10px; width: 15.856%; height: 23px;\">FC3560HT (h=200)<\/td>\n<td style=\"padding: 10px; width: 12.9377%; height: 23px;\">600x200x200<\/td>\n<td style=\"padding: 10px; width: 16.0506%; height: 23px;\"><\/td>\n<td style=\"padding: 10px; width: 14.1051%; height: 23px;\">3500<\/td>\n<td style=\"padding: 10px; width: 15.0778%; height: 23px;\"><\/td>\n<td style=\"padding: 10px; width: 16.3424%; height: 23px;\">2F<\/td>\n<td style=\"padding: 10px; width: 9.53307%; height: 23px;\">195\/50R13C<\/td>\n<\/tr>\n<\/tbody>\n<\/table>\n<\/div>\n<\/div>\n<\/div>\n<p>[\/et_pb_text][et_pb_text _builder_version=&#8221;4.26.0&#8243; _module_preset=&#8221;7bf123cb-3c17-49b1-b5ea-6f1dfdaa08ba&#8221; header_2_text_color=&#8221;gcid-40afeb94-f3a1-4b01-a695-ff82654e75f2&#8243; text_orientation=&#8221;center&#8221; global_colors_info=&#8221;{%22gcid-40afeb94-f3a1-4b01-a695-ff82654e75f2%22:%91%22header_2_text_color%22%93}&#8221;]<\/p>\n<h2><span style=\"font-size: xx-large; color: #808080;\">D\u00e9couvrez la <strong>gamme<\/strong><\/span><\/h2>\n<p>[\/et_pb_text][et_pb_shop type=&#8221;product_category&#8221; include_categories=&#8221;39&#8243; _builder_version=&#8221;4.26.0&#8243; _module_preset=&#8221;default&#8221; text_orientation=&#8221;center&#8221; border_width_all_image=&#8221;1px&#8221; global_colors_info=&#8221;{}&#8221;][\/et_pb_shop][\/et_pb_column][\/et_pb_row][\/et_pb_section]<\/p>\n","protected":false},"excerpt":{"rendered":"<p>Fourgons en sandwichAfin de conna\u00eetre le prix du produit qui vous int\u00e9resse, nous vous encourageons \u00e0 nous contacter ou \u00e0 contacter un de nos revendeurs.Param\u00e8tres techniques de base Mod\u00e8le de remorque(R=rampe ou D= double portes arri\u00e8res) Dimensions utilesL x l x H (cm) Dimensions hors tout L x l x H (cm) PTAC (poids brut [&hellip;]<\/p>\n","protected":false},"author":2,"featured_media":0,"parent":0,"menu_order":0,"comment_status":"closed","ping_status":"closed","template":"","meta":{"_et_pb_use_builder":"on","_et_pb_old_content":"","_et_gb_content_width":"","footnotes":""},"class_list":["post-687","page","type-page","status-publish","hentry"],"_links":{"self":[{"href":"https:\/\/www.tensa-france.com\/index.php\/wp-json\/wp\/v2\/pages\/687","targetHints":{"allow":["GET"]}}],"collection":[{"href":"https:\/\/www.tensa-france.com\/index.php\/wp-json\/wp\/v2\/pages"}],"about":[{"href":"https:\/\/www.tensa-france.com\/index.php\/wp-json\/wp\/v2\/types\/page"}],"author":[{"embeddable":true,"href":"https:\/\/www.tensa-france.com\/index.php\/wp-json\/wp\/v2\/users\/2"}],"replies":[{"embeddable":true,"href":"https:\/\/www.tensa-france.com\/index.php\/wp-json\/wp\/v2\/comments?post=687"}],"version-history":[{"count":16,"href":"https:\/\/www.tensa-france.com\/index.php\/wp-json\/wp\/v2\/pages\/687\/revisions"}],"predecessor-version":[{"id":1237,"href":"https:\/\/www.tensa-france.com\/index.php\/wp-json\/wp\/v2\/pages\/687\/revisions\/1237"}],"wp:attachment":[{"href":"https:\/\/www.tensa-france.com\/index.php\/wp-json\/wp\/v2\/media?parent=687"}],"curies":[{"name":"wp","href":"https:\/\/api.w.org\/{rel}","templated":true}]}}