{"id":696,"date":"2024-07-10T15:48:00","date_gmt":"2024-07-10T13:48:00","guid":{"rendered":"https:\/\/www.tensa-france.com\/?page_id=696"},"modified":"2024-11-13T17:14:29","modified_gmt":"2024-11-13T16:14:29","slug":"fourgons-en-contre-plaque","status":"publish","type":"page","link":"https:\/\/www.tensa-france.com\/index.php\/fourgons-en-contre-plaque\/","title":{"rendered":"Fourgons en contre-plaqu\u00e9"},"content":{"rendered":"<p>[et_pb_section fb_built=&#8221;1&#8243; _builder_version=&#8221;4.26.0&#8243; _module_preset=&#8221;default&#8221; background_color=&#8221;#d10b1d&#8221; global_colors_info=&#8221;{}&#8221;][et_pb_row _builder_version=&#8221;4.26.0&#8243; _module_preset=&#8221;default&#8221; global_colors_info=&#8221;{}&#8221;][et_pb_column type=&#8221;4_4&#8243; _builder_version=&#8221;4.26.0&#8243; _module_preset=&#8221;default&#8221; global_colors_info=&#8221;{}&#8221;][et_pb_text _builder_version=&#8221;4.26.0&#8243; _module_preset=&#8221;7bf123cb-3c17-49b1-b5ea-6f1dfdaa08ba&#8221; header_2_text_color=&#8221;gcid-40afeb94-f3a1-4b01-a695-ff82654e75f2&#8243; text_orientation=&#8221;center&#8221; custom_margin=&#8221;||-2px|||&#8221; global_colors_info=&#8221;{%22gcid-40afeb94-f3a1-4b01-a695-ff82654e75f2%22:%91%22header_2_text_color%22%93}&#8221;]<\/p>\n<h2><span style=\"font-size: xx-large; color: #ffffff;\">Fourgons en <strong>contreplaqu\u00e9<\/strong><\/span><\/h2>\n<p>[\/et_pb_text][et_pb_text _builder_version=&#8221;4.27.0&#8243; _module_preset=&#8221;default&#8221; global_colors_info=&#8221;{}&#8221;]<\/p>\n<p style=\"text-align: center;\"><span style=\"color: #ffffff;\">Afin de conna\u00eetre le prix du produit qui vous int\u00e9resse, nous vous encourageons \u00e0 nous contacter ou \u00e0 contacter un de nos revendeurs.<\/span><\/p>\n<p>[\/et_pb_text][\/et_pb_column][\/et_pb_row][\/et_pb_section][et_pb_section fb_built=&#8221;1&#8243; admin_label=&#8221;Products&#8221; _builder_version=&#8221;4.25.1&#8243; _module_preset=&#8221;default&#8221; background_color=&#8221;#FFFFFF&#8221; custom_margin=&#8221;17px|||||&#8221; custom_padding=&#8221;||1px|||&#8221; collapsed=&#8221;on&#8221; global_colors_info=&#8221;{}&#8221;][et_pb_row _builder_version=&#8221;4.22.1&#8243; _module_preset=&#8221;default&#8221; hover_enabled=&#8221;0&#8243; global_colors_info=&#8221;{}&#8221; sticky_enabled=&#8221;0&#8243;][et_pb_column type=&#8221;4_4&#8243; _builder_version=&#8221;4.22.1&#8243; _module_preset=&#8221;default&#8221; global_colors_info=&#8221;{}&#8221;][et_pb_text _builder_version=&#8221;4.26.0&#8243; _module_preset=&#8221;7bf123cb-3c17-49b1-b5ea-6f1dfdaa08ba&#8221; header_2_text_color=&#8221;gcid-40afeb94-f3a1-4b01-a695-ff82654e75f2&#8243; text_orientation=&#8221;center&#8221; global_colors_info=&#8221;{%22gcid-40afeb94-f3a1-4b01-a695-ff82654e75f2%22:%91%22header_2_text_color%22%93}&#8221; min_height=&#8221;85.1px&#8221; custom_margin=&#8221;||2px|||&#8221;]<\/p>\n<h2><span style=\"font-size: xx-large; color: #808080;\">Param\u00e8tres <strong>techniques de base<\/strong><\/span><\/h2>\n<p>[\/et_pb_text][et_pb_text _builder_version=&#8221;4.27.3&#8243; _module_preset=&#8221;default&#8221; hover_enabled=&#8221;0&#8243; global_colors_info=&#8221;{}&#8221; theme_builder_area=&#8221;et_footer_layout&#8221; sticky_enabled=&#8221;0&#8243; custom_padding=&#8221;|100px||100px||&#8221;]<\/p>\n<p>Equipement <strong>standard<\/strong> : roue jockey, amortisseurs (seulement pour mod\u00e8les frein\u00e9s), murs en \u00a0contreplaqu\u00e9, plancher en contreplaqu\u00e9 antid\u00e9rapant, points d&#8217;arrimage, \u00a0profil\u00e9s de fixation du chargement sur les parois lat\u00e9rales, supports, acier \/ \u00a0garde-boue plastique, bavettes garde-boue Niewiad\u00f3w, cales de roues, \u00a0autocollants avec logo Niewiadow<\/p>\n<p>[\/et_pb_text][et_pb_text _builder_version=&#8221;4.27.3&#8243; _module_preset=&#8221;default&#8221; global_colors_info=&#8221;{}&#8221;]<\/p>\n<div class=\"et_pb_module et_pb_text et_pb_text_0 et_pb_bg_layout_light et_pb_text_align_left et_pb_module_header\">\n<div class=\"et_pb_text_inner\">\n<div class=\"table-responsive\">\n<table style=\"width: 100%; border-collapse: collapse; background-color: #f3f3f3; height: 1085px;\">\n<thead>\n<tr style=\"background-color: #d10a1d; color: #ffffff; text-align: left; font-weight: bold;\">\n<th style=\"padding: 10px; width: 14.1711%; height: 95px;\"><span style=\"color: #ffffff;\">Mod\u00e8le de remorque<br \/>(D=double portes arri\u00e8res ou P=rampe arri\u00e8re)<\/span><\/th>\n<th style=\"padding: 10px; width: 16.0428%; height: 95px;\"><span style=\"color: #ffffff;\">Dimensions utiles<br \/>L x l x H (cm)<\/span><\/th>\n<th style=\"padding: 10px; width: 16.0428%; height: 95px;\"><span style=\"color: #ffffff;\">Dimensions hors tout L x l x H (cm)<\/span><\/th>\n<th style=\"padding: 10px; width: 12.9679%; height: 95px;\"><span style=\"color: #ffffff;\">PTAC (poids brut du v\u00e9hicule) (kg)<\/span><\/th>\n<th style=\"padding: 10px; width: 14.7059%; height: 95px;\"><span style=\"color: #ffffff;\">Capacit\u00e9 de charge admissible (kg)<\/span><\/th>\n<th style=\"padding: 10px; width: 12.9679%; height: 95px;\"><span style=\"color: #ffffff;\">Nombre d&#8217;essieux F*\u2013 frein\u00e9 \u2013 NF* &#8211; non frein\u00e9<\/span><\/th>\n<th style=\"padding: 10px; width: 13.1016%; height: 95px;\"><span style=\"color: #ffffff;\">Roues<\/span><\/th>\n<\/tr>\n<\/thead>\n<tbody>\n<tr style=\"background-color: #ffffff;\">\n<td style=\"padding: 10px; width: 14.1711%; height: 23px;\">F7520D<\/td>\n<td style=\"padding: 10px; width: 16.0428%; height: 23px;\">206x114x120<\/td>\n<td style=\"padding: 10px; width: 16.0428%; height: 23px;\">324x167x180<\/td>\n<td style=\"padding: 10px; width: 12.9679%; height: 23px;\">750<\/td>\n<td style=\"padding: 10px; width: 14.7059%; height: 23px;\">465<\/td>\n<td style=\"padding: 10px; width: 12.9679%; height: 23px;\">1 NF<\/td>\n<td style=\"padding: 10px; width: 13.1016%; height: 23px;\">165\/70R13<\/td>\n<\/tr>\n<tr style=\"background-color: #ffffff;\">\n<td style=\"padding: 10px; width: 14.1711%; height: 23px;\">F7520D (h=150)<\/td>\n<td style=\"padding: 10px; width: 16.0428%; height: 23px;\">206x114x150<\/td>\n<td style=\"padding: 10px; width: 16.0428%; height: 23px;\">324x167x205<\/td>\n<td style=\"padding: 10px; width: 12.9679%; height: 23px;\">750<\/td>\n<td style=\"padding: 10px; width: 14.7059%; height: 23px;\">445<\/td>\n<td style=\"padding: 10px; width: 12.9679%; height: 23px;\">1 NF<\/td>\n<td style=\"padding: 10px; width: 13.1016%; height: 23px;\">165\/70R13<\/td>\n<\/tr>\n<tr style=\"height: 23px;\">\n<td style=\"padding: 10px; width: 14.1711%; height: 23px;\">F7520HD (h=150)<\/td>\n<td style=\"padding: 10px; width: 16.0428%; height: 23px;\">206x114x150<\/td>\n<td style=\"padding: 10px; width: 16.0428%; height: 23px;\">324x167x205<\/td>\n<td style=\"padding: 10px; width: 12.9679%; height: 23px;\">750<\/td>\n<td style=\"padding: 10px; width: 14.7059%; height: 23px;\">445<\/td>\n<td style=\"padding: 10px; width: 12.9679%; height: 23px;\">1 F<\/td>\n<td style=\"padding: 10px; width: 13.1016%; height: 23px;\">165\/70R13<\/td>\n<\/tr>\n<tr style=\"height: 23px;\">\n<td style=\"padding: 10px; width: 14.1711%; height: 23px;\">F752413D (=150)<\/td>\n<td style=\"padding: 10px; width: 16.0428%; height: 23px;\">250x135x150<\/td>\n<td style=\"padding: 10px; width: 16.0428%; height: 23px;\"><\/td>\n<td style=\"padding: 10px; width: 12.9679%; height: 23px;\">750<\/td>\n<td style=\"padding: 10px; width: 14.7059%; height: 23px;\"><\/td>\n<td style=\"padding: 10px; width: 12.9679%; height: 23px;\">1 NF<\/td>\n<td style=\"padding: 10px; width: 13.1016%; height: 23px;\">165\/70R13<\/td>\n<\/tr>\n<tr style=\"height: 23px;\">\n<td style=\"padding: 10px; width: 14.1711%; height: 23px;\">F752413HD (=150)<\/td>\n<td style=\"padding: 10px; width: 16.0428%; height: 23px;\">250x135x150<\/td>\n<td style=\"padding: 10px; width: 16.0428%; height: 23px;\"><\/td>\n<td style=\"padding: 10px; width: 12.9679%; height: 23px;\">750<\/td>\n<td style=\"padding: 10px; width: 14.7059%; height: 23px;\"><\/td>\n<td style=\"padding: 10px; width: 12.9679%; height: 23px;\">1 F<\/td>\n<td style=\"padding: 10px; width: 13.1016%; height: 23px;\">165\/70R13<\/td>\n<\/tr>\n<tr style=\"height: 23px;\">\n<td style=\"padding: 10px; width: 14.1711%; height: 23px;\">F752415D (=150)<\/td>\n<td style=\"padding: 10px; width: 16.0428%; height: 23px;\">250x150x150<\/td>\n<td style=\"padding: 10px; width: 16.0428%; height: 23px;\"><\/td>\n<td style=\"padding: 10px; width: 12.9679%; height: 23px;\">750<\/td>\n<td style=\"padding: 10px; width: 14.7059%; height: 23px;\"><\/td>\n<td style=\"padding: 10px; width: 12.9679%; height: 23px;\">1 NF<\/td>\n<td style=\"padding: 10px; width: 13.1016%; height: 23px;\">165\/70R13<\/td>\n<\/tr>\n<tr style=\"height: 23px;\">\n<td style=\"padding: 10px; width: 14.1711%; height: 23px;\">F752415HD (=150)<\/td>\n<td style=\"padding: 10px; width: 16.0428%; height: 23px;\">250x150x150<\/td>\n<td style=\"padding: 10px; width: 16.0428%; height: 23px;\"><\/td>\n<td style=\"padding: 10px; width: 12.9679%; height: 23px;\">750<\/td>\n<td style=\"padding: 10px; width: 14.7059%; height: 23px;\"><\/td>\n<td style=\"padding: 10px; width: 12.9679%; height: 23px;\">1 F<\/td>\n<td style=\"padding: 10px; width: 13.1016%; height: 23px;\">165\/70R13<\/td>\n<\/tr>\n<tr style=\"height: 23px;\">\n<td style=\"padding: 10px; width: 14.1711%; height: 23px;\">F752415D (=180)<\/td>\n<td style=\"padding: 10px; width: 16.0428%; height: 23px;\">250x150x180<\/td>\n<td style=\"padding: 10px; width: 16.0428%; height: 23px;\"><\/td>\n<td style=\"padding: 10px; width: 12.9679%; height: 23px;\">750<\/td>\n<td style=\"padding: 10px; width: 14.7059%; height: 23px;\"><\/td>\n<td style=\"padding: 10px; width: 12.9679%; height: 23px;\">1 NF<\/td>\n<td style=\"padding: 10px; width: 13.1016%; height: 23px;\">165\/70R13<\/td>\n<\/tr>\n<tr style=\"height: 23px;\">\n<td style=\"padding: 10px; width: 14.1711%; height: 23px;\">F752415HD (=180)<\/td>\n<td style=\"padding: 10px; width: 16.0428%; height: 23px;\">250x150x180<\/td>\n<td style=\"padding: 10px; width: 16.0428%; height: 23px;\"><\/td>\n<td style=\"padding: 10px; width: 12.9679%; height: 23px;\">750<\/td>\n<td style=\"padding: 10px; width: 14.7059%; height: 23px;\"><\/td>\n<td style=\"padding: 10px; width: 12.9679%; height: 23px;\">1 F<\/td>\n<td style=\"padding: 10px; width: 13.1016%; height: 23px;\">165\/70R13<\/td>\n<\/tr>\n<tr style=\"height: 23px;\">\n<td style=\"padding: 10px; width: 14.1711%; height: 23px;\">F7530D (h=150)<\/td>\n<td style=\"padding: 10px; width: 16.0428%; height: 23px;\">305x150x150<\/td>\n<td style=\"padding: 10px; width: 16.0428%; height: 23px;\"><\/td>\n<td style=\"padding: 10px; width: 12.9679%; height: 23px;\">750<\/td>\n<td style=\"padding: 10px; width: 14.7059%; height: 23px;\"><\/td>\n<td style=\"padding: 10px; width: 12.9679%; height: 23px;\">1 NF<\/td>\n<td style=\"padding: 10px; width: 13.1016%; height: 23px;\">165\/70R13<\/td>\n<\/tr>\n<tr style=\"height: 23px;\">\n<td style=\"padding: 10px; width: 14.1711%; height: 23px;\">F7530D (h=150)<\/td>\n<td style=\"padding: 10px; width: 16.0428%; height: 23px;\">305x150x150<\/td>\n<td style=\"padding: 10px; width: 16.0428%; height: 23px;\"><\/td>\n<td style=\"padding: 10px; width: 12.9679%; height: 23px;\">750<\/td>\n<td style=\"padding: 10px; width: 14.7059%; height: 23px;\"><\/td>\n<td style=\"padding: 10px; width: 12.9679%; height: 23px;\">1 F<\/td>\n<td style=\"padding: 10px; width: 13.1016%; height: 23px;\">165\/70R13<\/td>\n<\/tr>\n<tr style=\"height: 23px;\">\n<td style=\"padding: 10px; width: 14.1711%; height: 23px;\">F1330D (h=150)<\/td>\n<td style=\"padding: 10px; width: 16.0428%; height: 23px;\">305x150x150<\/td>\n<td style=\"padding: 10px; width: 16.0428%; height: 23px;\"><\/td>\n<td style=\"padding: 10px; width: 12.9679%; height: 23px;\">1300<\/td>\n<td style=\"padding: 10px; width: 14.7059%; height: 23px;\"><\/td>\n<td style=\"padding: 10px; width: 12.9679%; height: 23px;\">1 F<\/td>\n<td style=\"padding: 10px; width: 13.1016%; height: 23px;\">165R13C<\/td>\n<\/tr>\n<tr style=\"height: 23px;\">\n<td style=\"padding: 10px; width: 14.1711%; height: 23px;\">F2030HTD (h=150)<\/td>\n<td style=\"padding: 10px; width: 16.0428%; height: 23px;\">305x150x150<\/td>\n<td style=\"padding: 10px; width: 16.0428%; height: 23px;\"><\/td>\n<td style=\"padding: 10px; width: 12.9679%; height: 23px;\">2000<\/td>\n<td style=\"padding: 10px; width: 14.7059%; height: 23px;\"><\/td>\n<td style=\"padding: 10px; width: 12.9679%; height: 23px;\">2 F<\/td>\n<td style=\"padding: 10px; width: 13.1016%; height: 23px;\">165R13C<\/td>\n<\/tr>\n<tr style=\"height: 23px;\">\n<td style=\"padding: 10px; width: 14.1711%; height: 23px;\">F2730HTD (h=150)<\/td>\n<td style=\"padding: 10px; width: 16.0428%; height: 23px;\">305x150x150<\/td>\n<td style=\"padding: 10px; width: 16.0428%; height: 23px;\"><\/td>\n<td style=\"padding: 10px; width: 12.9679%; height: 23px;\">2700<\/td>\n<td style=\"padding: 10px; width: 14.7059%; height: 23px;\"><\/td>\n<td style=\"padding: 10px; width: 12.9679%; height: 23px;\">2 F<\/td>\n<td style=\"padding: 10px; width: 13.1016%; height: 23px;\">165R13C<\/td>\n<\/tr>\n<tr style=\"height: 23px;\">\n<td style=\"padding: 10px; width: 14.1711%; height: 23px;\">F1326HD (h=150)<\/td>\n<td style=\"padding: 10px; width: 16.0428%; height: 23px;\">262x130x150<\/td>\n<td style=\"padding: 10px; width: 16.0428%; height: 23px;\"><\/td>\n<td style=\"padding: 10px; width: 12.9679%; height: 23px;\">1300<\/td>\n<td style=\"padding: 10px; width: 14.7059%; height: 23px;\"><\/td>\n<td style=\"padding: 10px; width: 12.9679%; height: 23px;\">1 F<\/td>\n<td style=\"padding: 10px; width: 13.1016%; height: 23px;\">165\/70R13<\/td>\n<\/tr>\n<tr style=\"height: 23px;\">\n<td style=\"padding: 10px; width: 14.1711%; height: 23px;\">F1326HD (h=150)<\/td>\n<td style=\"padding: 10px; width: 16.0428%; height: 23px;\">262x150x150<\/td>\n<td style=\"padding: 10px; width: 16.0428%; height: 23px;\"><\/td>\n<td style=\"padding: 10px; width: 12.9679%; height: 23px;\">1300<\/td>\n<td style=\"padding: 10px; width: 14.7059%; height: 23px;\"><\/td>\n<td style=\"padding: 10px; width: 12.9679%; height: 23px;\">1 F<\/td>\n<td style=\"padding: 10px; width: 13.1016%; height: 23px;\">165\/70R13<\/td>\n<\/tr>\n<tr style=\"height: 23px;\">\n<td style=\"padding: 10px; width: 14.1711%; height: 23px;\">F1326HD (h=180)<\/td>\n<td style=\"padding: 10px; width: 16.0428%; height: 23px;\">262x150x180<\/td>\n<td style=\"padding: 10px; width: 16.0428%; height: 23px;\"><\/td>\n<td style=\"padding: 10px; width: 12.9679%; height: 23px;\">1300<\/td>\n<td style=\"padding: 10px; width: 14.7059%; height: 23px;\"><\/td>\n<td style=\"padding: 10px; width: 12.9679%; height: 23px;\">1 F<\/td>\n<td style=\"padding: 10px; width: 13.1016%; height: 23px;\">165\/70R13<\/td>\n<\/tr>\n<tr style=\"height: 23px;\">\n<td style=\"padding: 10px; width: 14.1711%; height: 23px;\">F7530D (h=180)<\/td>\n<td style=\"padding: 10px; width: 16.0428%; height: 23px;\">305x150x180<\/td>\n<td style=\"padding: 10px; width: 16.0428%; height: 23px;\"><\/td>\n<td style=\"padding: 10px; width: 12.9679%; height: 23px;\">750<\/td>\n<td style=\"padding: 10px; width: 14.7059%; height: 23px;\"><\/td>\n<td style=\"padding: 10px; width: 12.9679%; height: 23px;\">1 NF<\/td>\n<td style=\"padding: 10px; width: 13.1016%; height: 23px;\">165\/70R13<\/td>\n<\/tr>\n<tr style=\"height: 23px;\">\n<td style=\"padding: 10px; width: 14.1711%; height: 23px;\">F7530D (h=180)<\/td>\n<td style=\"padding: 10px; width: 16.0428%; height: 23px;\">305x150x180<\/td>\n<td style=\"padding: 10px; width: 16.0428%; height: 23px;\"><\/td>\n<td style=\"padding: 10px; width: 12.9679%; height: 23px;\">750<\/td>\n<td style=\"padding: 10px; width: 14.7059%; height: 23px;\"><\/td>\n<td style=\"padding: 10px; width: 12.9679%; height: 23px;\">1 F<\/td>\n<td style=\"padding: 10px; width: 13.1016%; height: 23px;\">165\/70R13<\/td>\n<\/tr>\n<tr style=\"height: 23px;\">\n<td style=\"padding: 10px; width: 14.1711%; height: 23px;\">F1330D (h=180)<\/td>\n<td style=\"padding: 10px; width: 16.0428%; height: 23px;\">305x150x180<\/td>\n<td style=\"padding: 10px; width: 16.0428%; height: 23px;\"><\/td>\n<td style=\"padding: 10px; width: 12.9679%; height: 23px;\">1300<\/td>\n<td style=\"padding: 10px; width: 14.7059%; height: 23px;\"><\/td>\n<td style=\"padding: 10px; width: 12.9679%; height: 23px;\">1 F<\/td>\n<td style=\"padding: 10px; width: 13.1016%; height: 23px;\">165R13C<\/td>\n<\/tr>\n<tr style=\"height: 23px;\">\n<td style=\"padding: 10px; width: 14.1711%; height: 23px;\">F2030HTD (h=180)<\/td>\n<td style=\"padding: 10px; width: 16.0428%; height: 23px;\">305x150x180<\/td>\n<td style=\"padding: 10px; width: 16.0428%; height: 23px;\"><\/td>\n<td style=\"padding: 10px; width: 12.9679%; height: 23px;\">2000<\/td>\n<td style=\"padding: 10px; width: 14.7059%; height: 23px;\"><\/td>\n<td style=\"padding: 10px; width: 12.9679%; height: 23px;\">2 F<\/td>\n<td style=\"padding: 10px; width: 13.1016%; height: 23px;\">165R13C<\/td>\n<\/tr>\n<tr style=\"height: 23px;\">\n<td style=\"padding: 10px; width: 14.1711%; height: 23px;\">F2730HTD (h=180)<\/td>\n<td style=\"padding: 10px; width: 16.0428%; height: 23px;\">305x150x180<\/td>\n<td style=\"padding: 10px; width: 16.0428%; height: 23px;\"><\/td>\n<td style=\"padding: 10px; width: 12.9679%; height: 23px;\">2700<\/td>\n<td style=\"padding: 10px; width: 14.7059%; height: 23px;\"><\/td>\n<td style=\"padding: 10px; width: 12.9679%; height: 23px;\">2 F<\/td>\n<td style=\"padding: 10px; width: 13.1016%; height: 23px;\">165R13C<\/td>\n<\/tr>\n<tr style=\"height: 23px;\">\n<td style=\"padding: 10px; width: 14.1711%; height: 23px;\">F1336HD (h=180)<\/td>\n<td style=\"padding: 10px; width: 16.0428%; height: 23px;\">353x150x180<\/td>\n<td style=\"padding: 10px; width: 16.0428%; height: 23px;\"><\/td>\n<td style=\"padding: 10px; width: 12.9679%; height: 23px;\">1300<\/td>\n<td style=\"padding: 10px; width: 14.7059%; height: 23px;\"><\/td>\n<td style=\"padding: 10px; width: 12.9679%; height: 23px;\">1 F<\/td>\n<td style=\"padding: 10px; width: 13.1016%; height: 23px;\">165R13C<\/td>\n<\/tr>\n<tr style=\"height: 23px;\">\n<td style=\"padding: 10px; width: 14.1711%; height: 23px;\">F2036HTD (h=180)<\/td>\n<td style=\"padding: 10px; width: 16.0428%; height: 23px;\">353x150x180<\/td>\n<td style=\"padding: 10px; width: 16.0428%; height: 23px;\"><\/td>\n<td style=\"padding: 10px; width: 12.9679%; height: 23px;\">2000<\/td>\n<td style=\"padding: 10px; width: 14.7059%; height: 23px;\"><\/td>\n<td style=\"padding: 10px; width: 12.9679%; height: 23px;\">2 F<\/td>\n<td style=\"padding: 10px; width: 13.1016%; height: 23px;\">165R13C<\/td>\n<\/tr>\n<tr style=\"height: 23px;\">\n<td style=\"padding: 10px; width: 14.1711%; height: 23px;\">F2736HTD (h=180)<\/td>\n<td style=\"padding: 10px; width: 16.0428%; height: 23px;\">353x150x180<\/td>\n<td style=\"padding: 10px; width: 16.0428%; height: 23px;\"><\/td>\n<td style=\"padding: 10px; width: 12.9679%; height: 23px;\">2700<\/td>\n<td style=\"padding: 10px; width: 14.7059%; height: 23px;\"><\/td>\n<td style=\"padding: 10px; width: 12.9679%; height: 23px;\">2 F<\/td>\n<td style=\"padding: 10px; width: 13.1016%; height: 23px;\">165R13C<\/td>\n<\/tr>\n<tr style=\"height: 47px;\">\n<td style=\"padding: 10px; width: 14.1711%; height: 47px;\"><strong>FC = roues sous plateau<\/strong><\/td>\n<td style=\"padding: 10px; width: 16.0428%; height: 47px;\"><\/td>\n<td style=\"padding: 10px; width: 16.0428%; height: 47px;\"><\/td>\n<td style=\"padding: 10px; width: 12.9679%; height: 47px;\"><\/td>\n<td style=\"padding: 10px; width: 14.7059%; height: 47px;\"><\/td>\n<td style=\"padding: 10px; width: 12.9679%; height: 47px;\"><\/td>\n<td style=\"padding: 10px; width: 13.1016%; height: 47px;\"><\/td>\n<\/tr>\n<tr style=\"height: 23px;\">\n<td style=\"padding: 10px; width: 14.1711%; height: 23px;\">FC1326HD (h=180)<\/td>\n<td style=\"padding: 10px; width: 16.0428%; height: 23px;\">260x160x180<\/td>\n<td style=\"padding: 10px; width: 16.0428%; height: 23px;\"><\/td>\n<td style=\"padding: 10px; width: 12.9679%; height: 23px;\">1300<\/td>\n<td style=\"padding: 10px; width: 14.7059%; height: 23px;\"><\/td>\n<td style=\"padding: 10px; width: 12.9679%; height: 23px;\">1 F<\/td>\n<td style=\"padding: 10px; width: 13.1016%; height: 23px;\">195\/55R10C<\/td>\n<\/tr>\n<tr style=\"height: 23px;\">\n<td style=\"padding: 10px; width: 14.1711%; height: 23px;\">FC2026HD (h=180)<\/td>\n<td style=\"padding: 10px; width: 16.0428%; height: 23px;\">260x160x180<\/td>\n<td style=\"padding: 10px; width: 16.0428%; height: 23px;\"><\/td>\n<td style=\"padding: 10px; width: 12.9679%; height: 23px;\">2000<\/td>\n<td style=\"padding: 10px; width: 14.7059%; height: 23px;\"><\/td>\n<td style=\"padding: 10px; width: 12.9679%; height: 23px;\">2 F<\/td>\n<td style=\"padding: 10px; width: 13.1016%; height: 23px;\">195\/55R10C<\/td>\n<\/tr>\n<tr style=\"height: 23px;\">\n<td style=\"padding: 10px; width: 14.1711%; height: 23px;\">FC2726HD (h=180)<\/td>\n<td style=\"padding: 10px; width: 16.0428%; height: 23px;\">260x160x180<\/td>\n<td style=\"padding: 10px; width: 16.0428%; height: 23px;\"><\/td>\n<td style=\"padding: 10px; width: 12.9679%; height: 23px;\">2700<\/td>\n<td style=\"padding: 10px; width: 14.7059%; height: 23px;\"><\/td>\n<td style=\"padding: 10px; width: 12.9679%; height: 23px;\">2 F<\/td>\n<td style=\"padding: 10px; width: 13.1016%; height: 23px;\">195\/55R10C<\/td>\n<\/tr>\n<tr style=\"height: 23px;\">\n<td style=\"padding: 10px; width: 14.1711%; height: 23px;\">FC1330HD (h=180)<\/td>\n<td style=\"padding: 10px; width: 16.0428%; height: 23px;\">305x180x180<\/td>\n<td style=\"padding: 10px; width: 16.0428%; height: 23px;\"><\/td>\n<td style=\"padding: 10px; width: 12.9679%; height: 23px;\">1300<\/td>\n<td style=\"padding: 10px; width: 14.7059%; height: 23px;\"><\/td>\n<td style=\"padding: 10px; width: 12.9679%; height: 23px;\">1 F<\/td>\n<td style=\"padding: 10px; width: 13.1016%; height: 23px;\">195\/55R10C<\/td>\n<\/tr>\n<tr style=\"height: 23px;\">\n<td style=\"padding: 10px; width: 14.1711%; height: 23px;\">FC2030HD (h=180)<\/td>\n<td style=\"padding: 10px; width: 16.0428%; height: 23px;\">305x180x180<\/td>\n<td style=\"padding: 10px; width: 16.0428%; height: 23px;\"><\/td>\n<td style=\"padding: 10px; width: 12.9679%; height: 23px;\">2000<\/td>\n<td style=\"padding: 10px; width: 14.7059%; height: 23px;\"><\/td>\n<td style=\"padding: 10px; width: 12.9679%; height: 23px;\">2 F<\/td>\n<td style=\"padding: 10px; width: 13.1016%; height: 23px;\">195\/55R10C<\/td>\n<\/tr>\n<tr style=\"height: 23px;\">\n<td style=\"padding: 10px; width: 14.1711%; height: 23px;\">FC2730HD (h=180)<\/td>\n<td style=\"padding: 10px; width: 16.0428%; height: 23px;\">305x180x180<\/td>\n<td style=\"padding: 10px; width: 16.0428%; height: 23px;\"><\/td>\n<td style=\"padding: 10px; width: 12.9679%; height: 23px;\">2700<\/td>\n<td style=\"padding: 10px; width: 14.7059%; height: 23px;\"><\/td>\n<td style=\"padding: 10px; width: 12.9679%; height: 23px;\">2 F<\/td>\n<td style=\"padding: 10px; width: 13.1016%; height: 23px;\">195\/55R10C<\/td>\n<\/tr>\n<tr style=\"height: 23px;\">\n<td style=\"padding: 10px; width: 14.1711%; height: 23px;\">FC1336HD (h=180)<\/td>\n<td style=\"padding: 10px; width: 16.0428%; height: 23px;\">360x180x180<\/td>\n<td style=\"padding: 10px; width: 16.0428%; height: 23px;\"><\/td>\n<td style=\"padding: 10px; width: 12.9679%; height: 23px;\">1300<\/td>\n<td style=\"padding: 10px; width: 14.7059%; height: 23px;\"><\/td>\n<td style=\"padding: 10px; width: 12.9679%; height: 23px;\">1 F<\/td>\n<td style=\"padding: 10px; width: 13.1016%; height: 23px;\">195\/55R10C<\/td>\n<\/tr>\n<tr style=\"height: 23px;\">\n<td style=\"padding: 10px; width: 14.1711%; height: 23px;\">FC2036HD (h=180)<\/td>\n<td style=\"padding: 10px; width: 16.0428%; height: 23px;\">360x180x180<\/td>\n<td style=\"padding: 10px; width: 16.0428%; height: 23px;\"><\/td>\n<td style=\"padding: 10px; width: 12.9679%; height: 23px;\">2000<\/td>\n<td style=\"padding: 10px; width: 14.7059%; height: 23px;\"><\/td>\n<td style=\"padding: 10px; width: 12.9679%; height: 23px;\">2 F<\/td>\n<td style=\"padding: 10px; width: 13.1016%; height: 23px;\">195\/55R10C<\/td>\n<\/tr>\n<tr style=\"height: 23px;\">\n<td style=\"padding: 10px; width: 14.1711%; height: 23px;\">FC2736HD (h=180)<\/td>\n<td style=\"padding: 10px; width: 16.0428%; height: 23px;\">360x180x180<\/td>\n<td style=\"padding: 10px; width: 16.0428%; height: 23px;\"><\/td>\n<td style=\"padding: 10px; width: 12.9679%; height: 23px;\">2700<\/td>\n<td style=\"padding: 10px; width: 14.7059%; height: 23px;\"><\/td>\n<td style=\"padding: 10px; width: 12.9679%; height: 23px;\">2 F<\/td>\n<td style=\"padding: 10px; width: 13.1016%; height: 23px;\">195\/55R10C<\/td>\n<\/tr>\n<\/tbody>\n<\/table>\n<p>&nbsp;<\/p>\n<\/div>\n<\/div>\n<\/div>\n<p>[\/et_pb_text][et_pb_text _builder_version=&#8221;4.26.0&#8243; _module_preset=&#8221;7bf123cb-3c17-49b1-b5ea-6f1dfdaa08ba&#8221; header_2_text_color=&#8221;gcid-40afeb94-f3a1-4b01-a695-ff82654e75f2&#8243; text_orientation=&#8221;center&#8221; global_colors_info=&#8221;{%22gcid-40afeb94-f3a1-4b01-a695-ff82654e75f2%22:%91%22header_2_text_color%22%93}&#8221;]<\/p>\n<h2><span style=\"font-size: xx-large; color: #808080;\">D\u00e9couvrez la <strong>gamme<\/strong><\/span><\/h2>\n<p>[\/et_pb_text][et_pb_code _builder_version=&#8221;4.26.0&#8243; _module_preset=&#8221;default&#8221; global_colors_info=&#8221;{}&#8221;][\/et_pb_code][et_pb_shop type=&#8221;product_category&#8221; include_categories=&#8221;38&#8243; _builder_version=&#8221;4.26.0&#8243; _module_preset=&#8221;default&#8221; text_orientation=&#8221;center&#8221; border_width_all_image=&#8221;1px&#8221; global_colors_info=&#8221;{}&#8221;][\/et_pb_shop][\/et_pb_column][\/et_pb_row][\/et_pb_section]<\/p>\n","protected":false},"excerpt":{"rendered":"<p>Fourgons en contreplaqu\u00e9Afin de conna\u00eetre le prix du produit qui vous int\u00e9resse, nous vous encourageons \u00e0 nous contacter ou \u00e0 contacter un de nos revendeurs.Param\u00e8tres techniques de baseEquipement standard : roue jockey, amortisseurs (seulement pour mod\u00e8les frein\u00e9s), murs en \u00a0contreplaqu\u00e9, plancher en contreplaqu\u00e9 antid\u00e9rapant, points d&#8217;arrimage, \u00a0profil\u00e9s de fixation du chargement sur les parois lat\u00e9rales, [&hellip;]<\/p>\n","protected":false},"author":2,"featured_media":0,"parent":0,"menu_order":0,"comment_status":"closed","ping_status":"closed","template":"","meta":{"_et_pb_use_builder":"on","_et_pb_old_content":"","_et_gb_content_width":"","footnotes":""},"class_list":["post-696","page","type-page","status-publish","hentry"],"_links":{"self":[{"href":"https:\/\/www.tensa-france.com\/index.php\/wp-json\/wp\/v2\/pages\/696","targetHints":{"allow":["GET"]}}],"collection":[{"href":"https:\/\/www.tensa-france.com\/index.php\/wp-json\/wp\/v2\/pages"}],"about":[{"href":"https:\/\/www.tensa-france.com\/index.php\/wp-json\/wp\/v2\/types\/page"}],"author":[{"embeddable":true,"href":"https:\/\/www.tensa-france.com\/index.php\/wp-json\/wp\/v2\/users\/2"}],"replies":[{"embeddable":true,"href":"https:\/\/www.tensa-france.com\/index.php\/wp-json\/wp\/v2\/comments?post=696"}],"version-history":[{"count":22,"href":"https:\/\/www.tensa-france.com\/index.php\/wp-json\/wp\/v2\/pages\/696\/revisions"}],"predecessor-version":[{"id":1246,"href":"https:\/\/www.tensa-france.com\/index.php\/wp-json\/wp\/v2\/pages\/696\/revisions\/1246"}],"wp:attachment":[{"href":"https:\/\/www.tensa-france.com\/index.php\/wp-json\/wp\/v2\/media?parent=696"}],"curies":[{"name":"wp","href":"https:\/\/api.w.org\/{rel}","templated":true}]}}