{"id":326,"date":"2024-07-02T12:09:20","date_gmt":"2024-07-02T10:09:20","guid":{"rendered":"https:\/\/www.tensa-france.com\/?post_type=product&#038;p=326"},"modified":"2024-07-02T12:13:58","modified_gmt":"2024-07-02T10:13:58","slug":"f2030htd","status":"publish","type":"product","link":"https:\/\/www.tensa-france.com\/index.php\/produit\/f2030htd\/","title":{"rendered":"F2030HTD"},"content":{"rendered":"<p>[et_pb_section fb_built=&#8221;1&#8243; admin_label=&#8221;Product&#8221; _builder_version=&#8221;4.22.1&#8243; _module_preset=&#8221;default&#8221; background_color=&#8221;gcid-c67e4c14-9f9a-4541-bcfb-a3dbe227e267&#8243; use_background_color_gradient=&#8221;on&#8221; background_color_gradient_stops=&#8221;gcid-b7f06a10-4d36-4163-b049-62314b9050fc 10%|gcid-c67e4c14-9f9a-4541-bcfb-a3dbe227e267 100%&#8221; background_enable_pattern_style=&#8221;on&#8221; background_pattern_style=&#8221;crosses&#8221; background_pattern_color=&#8221;gcid-b7f06a10-4d36-4163-b049-62314b9050fc&#8221; background_pattern_size=&#8221;custom&#8221; background_pattern_width=&#8221;16px&#8221; collapsed=&#8221;off&#8221; global_colors_info=&#8221;{%22gcid-c67e4c14-9f9a-4541-bcfb-a3dbe227e267%22:%91%22background_color_gradient_stops%22,%22background_color%22,%22background_color%22%93,%22gcid-1533f4f9-5025-42ee-9c5e-1191f3d68cd0%22:%91%22background_color_gradient_stops%22%93,%22gcid-b7f06a10-4d36-4163-b049-62314b9050fc%22:%91%22background_color_gradient_stops%22,%22background_pattern_color%22%93}&#8221;][et_pb_row _builder_version=&#8221;4.22.1&#8243; _module_preset=&#8221;default&#8221; custom_padding=&#8221;0px||0px||true|false&#8221; global_colors_info=&#8221;{}&#8221;][et_pb_column type=&#8221;4_4&#8243; _builder_version=&#8221;4.22.1&#8243; _module_preset=&#8221;default&#8221; global_colors_info=&#8221;{}&#8221;][et_pb_wc_cart_notice _builder_version=&#8221;4.23.1&#8243; _module_preset=&#8221;28ba1e47-5063-4978-94f7-841e26794f71&#8243; form_field_background_color=&#8221;RGBA(255,255,255,0)&#8221; form_field_text_color=&#8221;#000000&#8243; form_field_custom_padding=&#8221;16px|24px|16px|24px|true|true&#8221; form_background_color=&#8221;#FFFFFF&#8221; title_font=&#8221;Outfit||||||||&#8221; title_font_size=&#8221;24px&#8221; title_line_height=&#8221;1.4em&#8221; title_link_text_color=&#8221;gcid-b74eef71-a268-4efe-841b-c8ec143deee4&#8243; content_font=&#8221;Outfit||||||||&#8221; content_font_size=&#8221;16px&#8221; link_font=&#8221;||||on||||&#8221; link_text_color=&#8221;#000000&#8243; form_field_font=&#8221;Outfit||||||||&#8221; form_field_font_size=&#8221;16px&#8221; background_color=&#8221;gcid-40afeb94-f3a1-4b01-a695-ff82654e75f2&#8243; custom_button=&#8221;on&#8221; button_text_color=&#8221;#000000&#8243; button_bg_color=&#8221;gcid-b74eef71-a268-4efe-841b-c8ec143deee4&#8243; button_border_radius=&#8221;100px&#8221; button_font=&#8221;Inter|700|||||||&#8221; button_custom_padding=&#8221;16px|24px|16px|24px|true|true&#8221; title_font_size_tablet=&#8221;16px&#8221; title_font_size_phone=&#8221;15px&#8221; title_font_size_last_edited=&#8221;on|desktop&#8221; content_font_size_tablet=&#8221;15px&#8221; content_font_size_phone=&#8221;14px&#8221; content_font_size_last_edited=&#8221;on|desktop&#8221; form_field_font_size_tablet=&#8221;15px&#8221; form_field_font_size_phone=&#8221;14px&#8221; form_field_font_size_last_edited=&#8221;on|desktop&#8221; border_width_all_form_field=&#8221;2px&#8221; border_color_all_form_field=&#8221;#000000&#8243; border_radii_form=&#8221;on|0px|0px|0px|0px&#8221; border_width_all_form=&#8221;0px&#8221; body_font=&#8221;Outfit||||||||&#8221; body_font_size=&#8221;16px&#8221; body_font_size_last_edited=&#8221;on|desktop&#8221; body_font_size_tablet=&#8221;15px&#8221; body_font_size_phone=&#8221;14px&#8221; body_line_height=&#8221;1.8em&#8221; locked=&#8221;off&#8221; global_colors_info=&#8221;{%22gcid-b74eef71-a268-4efe-841b-c8ec143deee4%22:%91%22title_link_text_color%22,%22button_bg_color%22%93,%22gcid-40afeb94-f3a1-4b01-a695-ff82654e75f2%22:%91%22background_color%22%93}&#8221;][\/et_pb_wc_cart_notice][\/et_pb_column][\/et_pb_row][et_pb_row _builder_version=&#8221;4.22.1&#8243; _module_preset=&#8221;default&#8221; global_colors_info=&#8221;{}&#8221;][et_pb_column type=&#8221;4_4&#8243; _builder_version=&#8221;4.22.1&#8243; _module_preset=&#8221;default&#8221; global_colors_info=&#8221;{}&#8221;][et_pb_wc_breadcrumb _builder_version=&#8221;4.25.2&#8243; _module_preset=&#8221;default&#8221; body_font=&#8221;Outfit|700||on|||||&#8221; body_font_size=&#8221;11px&#8221; text_orientation=&#8221;center&#8221; body_font_size_tablet=&#8221;15px&#8221; body_font_size_phone=&#8221;14px&#8221; body_font_size_last_edited=&#8221;on|desktop&#8221; global_colors_info=&#8221;{}&#8221;][\/et_pb_wc_breadcrumb][et_pb_wc_title _builder_version=&#8221;4.22.1&#8243; _module_preset=&#8221;default&#8221; header_font=&#8221;Outfit||||||||&#8221; header_text_align=&#8221;center&#8221; header_text_color=&#8221;gcid-40afeb94-f3a1-4b01-a695-ff82654e75f2&#8243; header_font_size=&#8221;40px&#8221; header_line_height=&#8221;1.2em&#8221; max_width=&#8221;100%&#8221; custom_margin=&#8221;||10px||false|false&#8221; header_font_size_tablet=&#8221;40px&#8221; header_font_size_phone=&#8221;24px&#8221; header_font_size_last_edited=&#8221;on|desktop&#8221; global_colors_info=&#8221;{%22gcid-40afeb94-f3a1-4b01-a695-ff82654e75f2%22:%91%22header_text_color%22%93}&#8221;][\/et_pb_wc_title][\/et_pb_column][\/et_pb_row][et_pb_row column_structure=&#8221;1_2,1_2&#8243; _builder_version=&#8221;4.25.2&#8243; _module_preset=&#8221;default&#8221; background_color=&#8221;#FFFFFF&#8221; global_colors_info=&#8221;{}&#8221;][et_pb_column type=&#8221;1_2&#8243; _builder_version=&#8221;4.25.2&#8243; _module_preset=&#8221;default&#8221; background_color=&#8221;#FFFFFF&#8221; global_colors_info=&#8221;{}&#8221;][et_pb_wc_images sale_badge_color=&#8221;gcid-9cbe2ffc-9cb6-456b-bfde-f58c6a5cd736&#8243; _builder_version=&#8221;4.25.2&#8243; _module_preset=&#8221;default&#8221; sale_badge_font=&#8221;Outfit|700||on|||||&#8221; sale_badge_text_color=&#8221;#FFFFFF&#8221; sale_badge_font_size=&#8221;14px&#8221; sale_badge_letter_spacing=&#8221;0.16em&#8221; border_radii_sale_badge=&#8221;on|0px|0px|0px|0px&#8221; global_colors_info=&#8221;{%22gcid-9cbe2ffc-9cb6-456b-bfde-f58c6a5cd736%22:%91%22icon_hover_color%22,%22rating_text_color%22,%22sale_badge_color%22%93}&#8221;][\/et_pb_wc_images][\/et_pb_column][et_pb_column type=&#8221;1_2&#8243; _builder_version=&#8221;4.22.1&#8243; _module_preset=&#8221;default&#8221; background_color=&#8221;#FFFFFF&#8221; custom_padding=&#8221;40px|40px|40px|40px|true|true&#8221; custom_padding_tablet=&#8221;30px|30px|30px|30px|true|true&#8221; custom_padding_phone=&#8221;20px|20px|20px|20px|true|true&#8221; custom_padding_last_edited=&#8221;on|desktop&#8221; global_colors_info=&#8221;{}&#8221;][et_pb_wc_description _builder_version=&#8221;4.22.1&#8243; _module_preset=&#8221;default&#8221; body_font=&#8221;Outfit||||||||&#8221; body_text_color=&#8221;gcid-40afeb94-f3a1-4b01-a695-ff82654e75f2&#8243; body_font_size=&#8221;16px&#8221; body_line_height=&#8221;1.8em&#8221; body_font_size_tablet=&#8221;15px&#8221; body_font_size_phone=&#8221;14px&#8221; body_font_size_last_edited=&#8221;on|desktop&#8221; global_colors_info=&#8221;{%22gcid-40afeb94-f3a1-4b01-a695-ff82654e75f2%22:%91%22body_text_color%22%93}&#8221;][\/et_pb_wc_description][et_pb_text _builder_version=&#8221;4.25.2&#8243; _module_preset=&#8221;2fa11dab-3889-4b31-9d2a-d518fc145368&#8243; header_2_text_color=&#8221;gcid-40afeb94-f3a1-4b01-a695-ff82654e75f2&#8243; custom_margin=&#8221;||10px||false|false&#8221; hover_enabled=&#8221;0&#8243; global_colors_info=&#8221;{%22gcid-40afeb94-f3a1-4b01-a695-ff82654e75f2%22:%91%22header_2_text_color%22%93}&#8221; sticky_enabled=&#8221;0&#8243;]<\/p>\n<p>Les fourgons en contreplaqu\u00e9 Niewiad\u00f3w sont des remorquesuniverselles sp\u00e9cialis\u00e9es en contreplaqu\u00e9de bois multicouche destin\u00e9es autransport de divers types demarchandises, en les prot\u00e9geant desintemp\u00e9ries. C\u2019est une excellentealternative aux remorques avec ch\u00e2ssiset b\u00e2che ou \u00e0 un camion de livraison. Lesfourgons standard sont fabriqu\u00e9s enblanc avec des portes doubles,boulonn\u00e9es et verrouill\u00e9es. En option,moyennant un suppl\u00e9ment, ils peuvent\u00eatre transform\u00e9s en trappe ou en trappecombin\u00e9e \u2013 cela donne la possibilit\u00e9d&#8217;incliner la porte \u00e0 la fois comme porteet comme trappe. Chaque fourgon est\u00e9quip\u00e9 de supports au sol pour s\u00e9curiserle chargement, d&#8217;un clip om\u00e9ga de laparoi lat\u00e9rale, de 2 supports <span>fi<\/span>xes, de 2cales et d&#8217;une roue jockey.<\/p>\n<p>[\/et_pb_text][\/et_pb_column][\/et_pb_row][\/et_pb_section][et_pb_section fb_built=&#8221;1&#8243; admin_label=&#8221;Product Info&#8221; _builder_version=&#8221;4.22.1&#8243; _module_preset=&#8221;default&#8221; background_color=&#8221;gcid-c67e4c14-9f9a-4541-bcfb-a3dbe227e267&#8243; collapsed=&#8221;off&#8221; global_colors_info=&#8221;{%22gcid-c67e4c14-9f9a-4541-bcfb-a3dbe227e267%22:%91%22background_color%22%93}&#8221;][et_pb_row _builder_version=&#8221;4.25.2&#8243; _module_preset=&#8221;default&#8221; background_color=&#8221;#FFFFFF&#8221; global_colors_info=&#8221;{}&#8221;][et_pb_column type=&#8221;4_4&#8243; _builder_version=&#8221;4.25.2&#8243; _module_preset=&#8221;default&#8221; background_color=&#8221;#FFFFFF&#8221; global_colors_info=&#8221;{}&#8221;][et_pb_text _builder_version=&#8221;4.25.2&#8243; _module_preset=&#8221;default&#8221; text_font_size=&#8221;30px&#8221; global_colors_info=&#8221;{}&#8221;]<\/p>\n<p style=\"text-align: center;\"><b>Param\u00e8tres <\/b><span><b>techniques<\/b><\/span><\/p>\n<p>[\/et_pb_text][et_pb_text _builder_version=&#8221;4.25.2&#8243; _module_preset=&#8221;2fa11dab-3889-4b31-9d2a-d518fc145368&#8243; header_2_text_color=&#8221;gcid-40afeb94-f3a1-4b01-a695-ff82654e75f2&#8243; custom_margin=&#8221;||10px||false|false&#8221; hover_enabled=&#8221;0&#8243; global_colors_info=&#8221;{%22gcid-40afeb94-f3a1-4b01-a695-ff82654e75f2%22:%91%22header_2_text_color%22%93}&#8221; sticky_enabled=&#8221;0&#8243;]<\/p>\n<table cellspacing=\"0\" cellpadding=\"0\">\n<tbody>\n<tr>\n<td valign=\"top\"><b>Mod\u00e8le de remorque<\/b><\/td>\n<td valign=\"top\">Fourgons en contreplaqu\u00e9 F1330HD avecTRAP<\/td>\n<\/tr>\n<tr>\n<td valign=\"top\"><b>Dimensions du corps de la bo\u00eete (cm)<\/b><\/td>\n<td valign=\"top\">305x150x180<\/td>\n<\/tr>\n<tr>\n<td valign=\"top\"><b>Dimensions hors tout (cm)<\/b><\/td>\n<td valign=\"top\">452x200x234<\/td>\n<\/tr>\n<tr>\n<td valign=\"top\"><b>Poids brut du v\u00e9hicule (kg)<\/b><\/td>\n<td valign=\"top\">13h00 \u2013 800<\/td>\n<\/tr>\n<tr>\n<td valign=\"top\"><b>Capacit\u00e9 de charge admissible (kg)<\/b><\/td>\n<td valign=\"top\">745 \u2013 245<\/td>\n<\/tr>\n<tr>\n<td valign=\"top\"><b>Nombre d&#8217;essieux<\/b><\/td>\n<td valign=\"top\">1 frein\u00e9<\/td>\n<\/tr>\n<tr>\n<td valign=\"top\"><b>roues<\/b><\/td>\n<td valign=\"top\">165R13C<\/td>\n<\/tr>\n<tr>\n<td valign=\"top\"><b>La structure des murs<\/b><\/td>\n<td valign=\"top\">Contreplaqu\u00e9 blanc multicouche<\/td>\n<\/tr>\n<tr>\n<td valign=\"top\"><b>Sol<\/b><\/td>\n<td valign=\"top\">Contreplaqu\u00e9 imperm\u00e9able<\/td>\n<\/tr>\n<tr>\n<td valign=\"top\"><b>Pa<\/b>tt<b>es au sol pour s\u00e9curiser la charge<\/b><\/td>\n<td valign=\"top\">8 pi\u00e8ces<\/td>\n<\/tr>\n<tr>\n<td valign=\"top\"><b>Cadre<\/b><\/td>\n<td valign=\"top\">Acier galvanis\u00e9 \u00e0 chaud<\/td>\n<\/tr>\n<tr>\n<td valign=\"top\"><b>Pi\u00e8ge<\/b><\/td>\n<td valign=\"top\">La rampe sur les amortisseurs \u00e0 gaz<\/td>\n<\/tr>\n<tr>\n<td valign=\"top\"><b>Cales de roue<\/b><\/td>\n<td valign=\"top\">2 pi\u00e8ces<\/td>\n<\/tr>\n<tr>\n<td valign=\"top\"><b>Flanc Omegowka<\/b><\/td>\n<td valign=\"top\">2 pi\u00e8ces par c\u00f4t\u00e9<\/td>\n<\/tr>\n<tr>\n<td valign=\"top\"><b>Poign\u00e9es de manoeuvre<\/b><\/td>\n<td valign=\"top\">2 pi\u00e8ces<\/td>\n<\/tr>\n<tr>\n<td valign=\"top\"><b>\u00c9vent lat\u00e9ral<\/b><\/td>\n<td valign=\"top\">1 pi\u00e8ce par c\u00f4t\u00e9<\/td>\n<\/tr>\n<tr>\n<td valign=\"top\"><b>Roue de support<\/b><\/td>\n<td valign=\"top\">Oui<\/td>\n<\/tr>\n<\/tbody>\n<\/table>\n<table cellspacing=\"0\" cellpadding=\"0\">\n<tbody>\n<tr>\n<td valign=\"top\">\n<p><b>Support roue de secours<\/b><\/p>\n<\/td>\n<td valign=\"top\">\n<p>Disponible<\/p>\n<\/td>\n<\/tr>\n<tr>\n<td valign=\"top\">\n<p><b>Portes lat\u00e9rales<\/b><\/p>\n<\/td>\n<td valign=\"top\">\n<p>Disponible<\/p>\n<\/td>\n<\/tr>\n<tr>\n<td valign=\"top\">\n<p><b>Jeu d&#8217;amor<\/b>ti<b>sseurs d&#8217;essieu (2 pcs.)<\/b><\/p>\n<\/td>\n<td valign=\"top\">\n<p>Disponible<\/p>\n<\/td>\n<\/tr>\n<tr>\n<td valign=\"top\">\n<p><b>Fen\u00eatre 80\u00d750 cm<\/b><\/p>\n<\/td>\n<td valign=\"top\">\n<p>Disponible<\/p>\n<\/td>\n<\/tr>\n<tr>\n<td valign=\"top\">\n<p><b>Fen\u00eatre 120\u00d754 cm<\/b><\/p>\n<\/td>\n<td valign=\"top\">\n<p>Disponible<\/p>\n<\/td>\n<\/tr>\n<tr>\n<td valign=\"top\">\n<p><b>Fen\u00eatre 120\u00d760 cm<\/b><\/p>\n<\/td>\n<td valign=\"top\">\n<p>Disponible<\/p>\n<\/td>\n<\/tr>\n<tr>\n<td valign=\"top\">\n<p><b>Biseau a\u00e9rodynamique<\/b><\/p>\n<\/td>\n<td valign=\"top\">\n<p>Disponible<\/p>\n<\/td>\n<\/tr>\n<tr>\n<td valign=\"top\">\n<p><b>Trappe de toit 40\u00d740<\/b><\/p>\n<\/td>\n<td valign=\"top\">\n<p>Disponible<\/p>\n<\/td>\n<\/tr>\n<tr>\n<td valign=\"top\">\n<p><b>Pi\u00e8ge combin\u00e9<\/b><\/p>\n<\/td>\n<td valign=\"top\">\n<p>Option pour le mod\u00e8le F2030 \/ F2036 \/ F2041<\/p>\n<\/td>\n<\/tr>\n<tr>\n<td valign=\"top\">\n<p><b>Trappe de vente lat\u00e9rale<\/b><\/p>\n<\/td>\n<td valign=\"top\">\n<p>Disponible<\/p>\n<\/td>\n<\/tr>\n<tr>\n<td valign=\"top\">\n<p><b>\u00c9clairage LED int\u00e9rieur<\/b><\/p>\n<\/td>\n<td valign=\"top\">\n<p>Disponible<\/p>\n<\/td>\n<\/tr>\n<tr>\n<td valign=\"top\">\n<p><b>\u00c9clairage LED ext\u00e9rieur<\/b><\/p>\n<\/td>\n<td valign=\"top\">\n<p>Disponible<\/p>\n<\/td>\n<\/tr>\n<\/tbody>\n<\/table>\n<p>[\/et_pb_text][\/et_pb_column][\/et_pb_row][\/et_pb_section]<\/p>\n","protected":false},"excerpt":{"rendered":"<p>Les fourgons en contreplaqu\u00e9 Niewiad\u00f3w sont des remorquesuniverselles sp\u00e9cialis\u00e9es en contreplaqu\u00e9de bois multicouche destin\u00e9es autransport de divers types demarchandises, en les prot\u00e9geant desintemp\u00e9ries. C\u2019est une excellentealternative aux remorques avec ch\u00e2ssiset b\u00e2che ou \u00e0 un camion de livraison. Lesfourgons standard sont fabriqu\u00e9s enblanc avec des portes doubles,boulonn\u00e9es et verrouill\u00e9es. En option,moyennant un suppl\u00e9ment, ils peuvent\u00eatre transform\u00e9s [&hellip;]<\/p>\n","protected":false},"featured_media":319,"comment_status":"open","ping_status":"closed","template":"","meta":{"_et_pb_use_builder":"on","_et_pb_old_content":"","_et_gb_content_width":""},"product_brand":[],"product_cat":[27,38],"product_tag":[],"class_list":{"0":"post-326","1":"product","2":"type-product","3":"status-publish","4":"has-post-thumbnail","6":"product_cat-fourgons","7":"product_cat-fourgons-contreplaque","9":"first","10":"instock","11":"shipping-taxable","12":"product-type-simple"},"_links":{"self":[{"href":"https:\/\/www.tensa-france.com\/index.php\/wp-json\/wp\/v2\/product\/326","targetHints":{"allow":["GET"]}}],"collection":[{"href":"https:\/\/www.tensa-france.com\/index.php\/wp-json\/wp\/v2\/product"}],"about":[{"href":"https:\/\/www.tensa-france.com\/index.php\/wp-json\/wp\/v2\/types\/product"}],"replies":[{"embeddable":true,"href":"https:\/\/www.tensa-france.com\/index.php\/wp-json\/wp\/v2\/comments?post=326"}],"wp:featuredmedia":[{"embeddable":true,"href":"https:\/\/www.tensa-france.com\/index.php\/wp-json\/wp\/v2\/media\/319"}],"wp:attachment":[{"href":"https:\/\/www.tensa-france.com\/index.php\/wp-json\/wp\/v2\/media?parent=326"}],"wp:term":[{"taxonomy":"product_brand","embeddable":true,"href":"https:\/\/www.tensa-france.com\/index.php\/wp-json\/wp\/v2\/product_brand?post=326"},{"taxonomy":"product_cat","embeddable":true,"href":"https:\/\/www.tensa-france.com\/index.php\/wp-json\/wp\/v2\/product_cat?post=326"},{"taxonomy":"product_tag","embeddable":true,"href":"https:\/\/www.tensa-france.com\/index.php\/wp-json\/wp\/v2\/product_tag?post=326"}],"curies":[{"name":"wp","href":"https:\/\/api.w.org\/{rel}","templated":true}]}}