{"id":416,"date":"2024-07-02T14:12:25","date_gmt":"2024-07-02T12:12:25","guid":{"rendered":"https:\/\/www.tensa-france.com\/?post_type=product&#038;p=416"},"modified":"2024-08-05T10:08:29","modified_gmt":"2024-08-05T08:08:29","slug":"a3004bht","status":"publish","type":"product","link":"https:\/\/www.tensa-france.com\/index.php\/produit\/a3004bht\/","title":{"rendered":"ATLAS"},"content":{"rendered":"<p>[et_pb_section fb_built=&#8221;1&#8243; admin_label=&#8221;Product&#8221; _builder_version=&#8221;4.22.1&#8243; _module_preset=&#8221;default&#8221; background_color=&#8221;gcid-c67e4c14-9f9a-4541-bcfb-a3dbe227e267&#8243; use_background_color_gradient=&#8221;on&#8221; background_color_gradient_stops=&#8221;gcid-b7f06a10-4d36-4163-b049-62314b9050fc 10%|gcid-c67e4c14-9f9a-4541-bcfb-a3dbe227e267 100%&#8221; background_enable_pattern_style=&#8221;on&#8221; background_pattern_style=&#8221;crosses&#8221; background_pattern_color=&#8221;gcid-b7f06a10-4d36-4163-b049-62314b9050fc&#8221; background_pattern_size=&#8221;custom&#8221; background_pattern_width=&#8221;16px&#8221; collapsed=&#8221;off&#8221; global_colors_info=&#8221;{%22gcid-c67e4c14-9f9a-4541-bcfb-a3dbe227e267%22:%91%22background_color_gradient_stops%22,%22background_color%22,%22background_color%22%93,%22gcid-1533f4f9-5025-42ee-9c5e-1191f3d68cd0%22:%91%22background_color_gradient_stops%22%93,%22gcid-b7f06a10-4d36-4163-b049-62314b9050fc%22:%91%22background_color_gradient_stops%22,%22background_pattern_color%22%93}&#8221;][et_pb_row _builder_version=&#8221;4.22.1&#8243; _module_preset=&#8221;default&#8221; custom_padding=&#8221;0px||0px||true|false&#8221; global_colors_info=&#8221;{}&#8221;][et_pb_column type=&#8221;4_4&#8243; _builder_version=&#8221;4.22.1&#8243; _module_preset=&#8221;default&#8221; global_colors_info=&#8221;{}&#8221;][et_pb_wc_cart_notice _builder_version=&#8221;4.23.1&#8243; _module_preset=&#8221;28ba1e47-5063-4978-94f7-841e26794f71&#8243; form_field_background_color=&#8221;RGBA(255,255,255,0)&#8221; form_field_text_color=&#8221;#000000&#8243; form_field_custom_padding=&#8221;16px|24px|16px|24px|true|true&#8221; form_background_color=&#8221;#FFFFFF&#8221; title_font=&#8221;Outfit||||||||&#8221; title_font_size=&#8221;24px&#8221; title_line_height=&#8221;1.4em&#8221; title_link_text_color=&#8221;gcid-b74eef71-a268-4efe-841b-c8ec143deee4&#8243; content_font=&#8221;Outfit||||||||&#8221; content_font_size=&#8221;16px&#8221; link_font=&#8221;||||on||||&#8221; link_text_color=&#8221;#000000&#8243; form_field_font=&#8221;Outfit||||||||&#8221; form_field_font_size=&#8221;16px&#8221; background_color=&#8221;gcid-40afeb94-f3a1-4b01-a695-ff82654e75f2&#8243; custom_button=&#8221;on&#8221; button_text_color=&#8221;#000000&#8243; button_bg_color=&#8221;gcid-b74eef71-a268-4efe-841b-c8ec143deee4&#8243; button_border_radius=&#8221;100px&#8221; button_font=&#8221;Inter|700|||||||&#8221; button_custom_padding=&#8221;16px|24px|16px|24px|true|true&#8221; title_font_size_tablet=&#8221;16px&#8221; title_font_size_phone=&#8221;15px&#8221; title_font_size_last_edited=&#8221;on|desktop&#8221; content_font_size_tablet=&#8221;15px&#8221; content_font_size_phone=&#8221;14px&#8221; content_font_size_last_edited=&#8221;on|desktop&#8221; form_field_font_size_tablet=&#8221;15px&#8221; form_field_font_size_phone=&#8221;14px&#8221; form_field_font_size_last_edited=&#8221;on|desktop&#8221; border_width_all_form_field=&#8221;2px&#8221; border_color_all_form_field=&#8221;#000000&#8243; border_radii_form=&#8221;on|0px|0px|0px|0px&#8221; border_width_all_form=&#8221;0px&#8221; body_font=&#8221;Outfit||||||||&#8221; body_font_size=&#8221;16px&#8221; body_font_size_last_edited=&#8221;on|desktop&#8221; body_font_size_tablet=&#8221;15px&#8221; body_font_size_phone=&#8221;14px&#8221; body_line_height=&#8221;1.8em&#8221; locked=&#8221;off&#8221; global_colors_info=&#8221;{%22gcid-b74eef71-a268-4efe-841b-c8ec143deee4%22:%91%22title_link_text_color%22,%22button_bg_color%22%93,%22gcid-40afeb94-f3a1-4b01-a695-ff82654e75f2%22:%91%22background_color%22%93}&#8221;][\/et_pb_wc_cart_notice][\/et_pb_column][\/et_pb_row][et_pb_row _builder_version=&#8221;4.22.1&#8243; _module_preset=&#8221;default&#8221; global_colors_info=&#8221;{}&#8221;][et_pb_column type=&#8221;4_4&#8243; _builder_version=&#8221;4.22.1&#8243; _module_preset=&#8221;default&#8221; global_colors_info=&#8221;{}&#8221;][et_pb_wc_title _builder_version=&#8221;4.22.1&#8243; _module_preset=&#8221;default&#8221; header_font=&#8221;Outfit||||||||&#8221; header_text_align=&#8221;center&#8221; header_text_color=&#8221;gcid-40afeb94-f3a1-4b01-a695-ff82654e75f2&#8243; header_font_size=&#8221;40px&#8221; header_line_height=&#8221;1.2em&#8221; max_width=&#8221;100%&#8221; custom_margin=&#8221;||10px||false|false&#8221; header_font_size_tablet=&#8221;40px&#8221; header_font_size_phone=&#8221;24px&#8221; header_font_size_last_edited=&#8221;on|desktop&#8221; global_colors_info=&#8221;{%22gcid-40afeb94-f3a1-4b01-a695-ff82654e75f2%22:%91%22header_text_color%22%93}&#8221;][\/et_pb_wc_title][\/et_pb_column][\/et_pb_row][et_pb_row column_structure=&#8221;1_2,1_2&#8243; _builder_version=&#8221;4.25.2&#8243; _module_preset=&#8221;default&#8221; background_color=&#8221;#FFFFFF&#8221; global_colors_info=&#8221;{}&#8221;][et_pb_column type=&#8221;1_2&#8243; _builder_version=&#8221;4.25.2&#8243; _module_preset=&#8221;default&#8221; background_color=&#8221;#FFFFFF&#8221; global_colors_info=&#8221;{}&#8221;][et_pb_wc_images sale_badge_color=&#8221;gcid-9cbe2ffc-9cb6-456b-bfde-f58c6a5cd736&#8243; _builder_version=&#8221;4.25.2&#8243; _module_preset=&#8221;default&#8221; sale_badge_font=&#8221;Outfit|700||on|||||&#8221; sale_badge_text_color=&#8221;#FFFFFF&#8221; sale_badge_font_size=&#8221;14px&#8221; sale_badge_letter_spacing=&#8221;0.16em&#8221; border_radii_sale_badge=&#8221;on|0px|0px|0px|0px&#8221; global_colors_info=&#8221;{%22gcid-9cbe2ffc-9cb6-456b-bfde-f58c6a5cd736%22:%91%22icon_hover_color%22,%22rating_text_color%22,%22sale_badge_color%22%93}&#8221;][\/et_pb_wc_images][\/et_pb_column][et_pb_column type=&#8221;1_2&#8243; _builder_version=&#8221;4.22.1&#8243; _module_preset=&#8221;default&#8221; background_color=&#8221;#FFFFFF&#8221; custom_padding=&#8221;40px|40px|40px|40px|true|true&#8221; custom_padding_tablet=&#8221;30px|30px|30px|30px|true|true&#8221; custom_padding_phone=&#8221;20px|20px|20px|20px|true|true&#8221; custom_padding_last_edited=&#8221;on|desktop&#8221; global_colors_info=&#8221;{}&#8221;][et_pb_text _builder_version=&#8221;4.27.0&#8243; _module_preset=&#8221;2fa11dab-3889-4b31-9d2a-d518fc145368&#8243; header_2_text_color=&#8221;gcid-40afeb94-f3a1-4b01-a695-ff82654e75f2&#8243; custom_margin=&#8221;||10px||false|false&#8221; global_colors_info=&#8221;{%22gcid-40afeb94-f3a1-4b01-a695-ff82654e75f2%22:%91%22header_2_text_color%22%93}&#8221;]<\/p>\n<p>Les porte-voitures Niewiad\u00f3w S\u00e9rie ATLAS sont des remorques pour le transport de v\u00e9hicules disponibles en plusieurs tailles, de 4.00m \u00e0 9.00m de longueur, avec plancher en contreplaqu\u00e9 et rampes arri\u00e8res de 2.50m x 0.32m. Elles disposent de glissi\u00e8res\/main courante de cot\u00e9, selon besoin. Elles sont \u00e9quip\u00e9es d&#8217;un treuil manuel.<\/p>\n<p>Le plancher complet est en contreplaqu\u00e9 imperm\u00e9able antid\u00e9rapant et c\u00f4t\u00e9s d&#8217;une hauteur de 18 cm minimum permettent l&#8217;utilisation d&#8217;une b\u00e2che avec cadre, qui, en plus de la protection contre les facteurs externes, augmente sa fonctionnalit\u00e9 et lui permet d&#8217;\u00eatre utilis\u00e9 comme remorque \u00e0 bagages\/camion.<\/p>\n<p>[\/et_pb_text][\/et_pb_column][\/et_pb_row][\/et_pb_section][et_pb_section fb_built=&#8221;1&#8243; admin_label=&#8221;Product Info&#8221; _builder_version=&#8221;4.22.1&#8243; _module_preset=&#8221;default&#8221; background_color=&#8221;gcid-c67e4c14-9f9a-4541-bcfb-a3dbe227e267&#8243; collapsed=&#8221;off&#8221; global_colors_info=&#8221;{%22gcid-c67e4c14-9f9a-4541-bcfb-a3dbe227e267%22:%91%22background_color%22%93}&#8221;][et_pb_row _builder_version=&#8221;4.25.2&#8243; _module_preset=&#8221;default&#8221; background_color=&#8221;#FFFFFF&#8221; global_colors_info=&#8221;{}&#8221;][et_pb_column type=&#8221;4_4&#8243; _builder_version=&#8221;4.25.2&#8243; _module_preset=&#8221;default&#8221; background_color=&#8221;#FFFFFF&#8221; global_colors_info=&#8221;{}&#8221;][et_pb_text _builder_version=&#8221;4.25.2&#8243; _module_preset=&#8221;default&#8221; text_font_size=&#8221;30px&#8221; global_colors_info=&#8221;{}&#8221;]<\/p>\n<p style=\"text-align: center;\"><b>Param\u00e8tres <\/b><span><b>techniques<\/b><\/span><\/p>\n<p>[\/et_pb_text][et_pb_text _builder_version=&#8221;4.27.0&#8243; _module_preset=&#8221;2fa11dab-3889-4b31-9d2a-d518fc145368&#8243; header_2_text_color=&#8221;gcid-40afeb94-f3a1-4b01-a695-ff82654e75f2&#8243; custom_margin=&#8221;||10px||false|false&#8221; global_colors_info=&#8221;{%22gcid-40afeb94-f3a1-4b01-a695-ff82654e75f2%22:%91%22header_2_text_color%22%93}&#8221;]<\/p>\n<table cellspacing=\"0\" cellpadding=\"0\" style=\"height: 909px;\" width=\"771\">\n<tbody>\n<tr style=\"height: 48px;\">\n<td valign=\"top\" style=\"height: 48px; width: 505.447px;\"><b>Mod\u00e8le de remorque<\/b><\/td>\n<td valign=\"top\" style=\"height: 48px; width: 260.808px;\">Porte-voitures ATLAS<\/td>\n<\/tr>\n<tr style=\"height: 24px;\">\n<td valign=\"top\" style=\"height: 24px; width: 505.447px;\"><b>Dimensions de la caisse de chargement(cm)<\/b><\/td>\n<td valign=\"top\" style=\"height: 24px; width: 260.808px;\">400 \u00e0 900 x 18<\/td>\n<\/tr>\n<tr style=\"height: 48px;\">\n<td valign=\"top\" style=\"height: 48px; width: 505.447px;\"><b>Dimensions hors tout (cm)<\/b><\/td>\n<td valign=\"top\" style=\"height: 48px; width: 260.808px;\">&#8212;<\/td>\n<\/tr>\n<tr style=\"height: 24px;\">\n<td valign=\"top\" style=\"height: 24px; width: 505.447px;\"><b>Poids total autoris\u00e9 (kg)<\/b><\/td>\n<td valign=\"top\" style=\"height: 24px; width: 260.808px;\">2700 \u00e0 3500<\/td>\n<\/tr>\n<tr style=\"height: 48px;\">\n<td valign=\"top\" style=\"height: 48px; width: 505.447px;\"><b>Capacit\u00e9 de charge (kg)<\/b><\/td>\n<td valign=\"top\" style=\"height: 48px; width: 260.808px;\">1730 \u00e0 2780<\/td>\n<\/tr>\n<tr style=\"height: 48px;\">\n<td valign=\"top\" style=\"height: 48px; width: 505.447px;\"><b>Nombre d&#8217;essieux<\/b><\/td>\n<td valign=\"top\" style=\"height: 48px; width: 260.808px;\">2 \u00e0 3 frein\u00e9s<\/td>\n<\/tr>\n<tr style=\"height: 24px;\">\n<td valign=\"top\" style=\"height: 24px; width: 505.447px;\"><b>roues<\/b><\/td>\n<td valign=\"top\" style=\"height: 24px; width: 260.808px;\">185\/70R14C<\/td>\n<\/tr>\n<tr style=\"height: 80px;\">\n<td style=\"width: 505.447px; height: 80px;\"><b>Sol<\/b><\/td>\n<td style=\"width: 260.808px; height: 80px;\">Contreplaqu\u00e9 imperm\u00e9able de 18 mm<\/td>\n<\/tr>\n<tr style=\"height: 80px;\">\n<td style=\"width: 505.447px; height: 80px;\"><b>C\u00f4t\u00e9<\/b><\/td>\n<td style=\"width: 260.808px; height: 80px;\">Oui, 18 cm<\/td>\n<\/tr>\n<tr style=\"height: 48px;\">\n<td valign=\"top\" style=\"height: 48px; width: 505.447px;\"><b>Cadre<\/b><\/td>\n<td valign=\"top\" style=\"height: 48px; width: 260.808px;\">Acier galvanis\u00e9 \u00e0 chaud<\/td>\n<\/tr>\n<tr style=\"height: 48px;\">\n<td valign=\"top\" style=\"height: 48px; width: 505.447px;\"><b>Poign\u00e9es pour s\u00e9curiser le chargement<\/b><\/td>\n<td valign=\"top\" style=\"height: 48px; width: 260.808px;\">6 morceaux<\/td>\n<\/tr>\n<tr>\n<td style=\"width: 505.447px;\">\n<p><b>Roue de support<\/b><b><\/b><\/p>\n<\/td>\n<td style=\"width: 260.808px;\">Oui<\/td>\n<\/tr>\n<tr>\n<td style=\"width: 505.447px;\">\n<p><b>Rampe de chargement inclinable<\/b><b><\/b><\/p>\n<\/td>\n<td style=\"width: 260.808px;\">Oui<\/td>\n<\/tr>\n<tr>\n<td style=\"width: 505.447px;\"><b>Treuil manuel<\/b><\/td>\n<td style=\"width: 260.808px;\">Oui<\/td>\n<\/tr>\n<tr>\n<td style=\"width: 505.447px;\"><b>Rampes en acier<\/b><\/td>\n<td style=\"width: 260.808px;\">Oui<\/td>\n<\/tr>\n<tr>\n<td style=\"width: 505.447px;\"><b>Amortisseurs<\/b><\/td>\n<td style=\"width: 260.808px;\">Oui<\/td>\n<\/tr>\n<\/tbody>\n<\/table>\n<p>[\/et_pb_text][et_pb_text _builder_version=&#8221;4.25.2&#8243; _module_preset=&#8221;default&#8221; text_font_size=&#8221;30px&#8221; global_colors_info=&#8221;{}&#8221;]<\/p>\n<p style=\"text-align: center;\"><b>Param\u00e8tres <\/b><span><b>techniques<\/b><\/span><\/p>\n<p>[\/et_pb_text][et_pb_text _builder_version=&#8221;4.27.0&#8243; _module_preset=&#8221;2fa11dab-3889-4b31-9d2a-d518fc145368&#8243; header_2_text_color=&#8221;gcid-40afeb94-f3a1-4b01-a695-ff82654e75f2&#8243; custom_margin=&#8221;||10px||false|false&#8221; global_colors_info=&#8221;{%22gcid-40afeb94-f3a1-4b01-a695-ff82654e75f2%22:%91%22header_2_text_color%22%93}&#8221;]<\/p>\n<table cellspacing=\"0\" cellpadding=\"0\" style=\"height: 72px;\">\n<tbody>\n<tr style=\"height: 24px;\">\n<td valign=\"top\" style=\"height: 24px; width: 322.171875px;\"><b>Roue de secours<\/b><\/td>\n<td valign=\"top\" style=\"height: 24px; width: 76.765625px;\">Disponible<\/td>\n<\/tr>\n<tr style=\"height: 24px;\">\n<td valign=\"top\" style=\"height: 24px; width: 322.171875px;\"><b>Support roue de secours<\/b><\/td>\n<td valign=\"top\" style=\"height: 24px; width: 76.765625px;\">Disponible<\/td>\n<\/tr>\n<tr>\n<td style=\"width: 322.171875px;\"><b>B\u00e2che avec cadre h = 180 cm<\/b><\/td>\n<td style=\"width: 76.765625px;\">Disponible<\/td>\n<\/tr>\n<\/tbody>\n<\/table>\n<p>[\/et_pb_text][\/et_pb_column][\/et_pb_row][\/et_pb_section]<\/p>\n","protected":false},"excerpt":{"rendered":"<p>Les porte-voitures Niewiad\u00f3w S\u00e9rie ATLAS sont des remorques pour le transport de v\u00e9hicules disponibles en plusieurs tailles, de 4.00m \u00e0 9.00m de longueur, avec plancher en contreplaqu\u00e9 et rampes arri\u00e8res de 2.50m x 0.32m. Elles disposent de glissi\u00e8res\/main courante de cot\u00e9, selon besoin. Elles sont \u00e9quip\u00e9es d&#8217;un treuil manuel. Le plancher complet est en contreplaqu\u00e9 [&hellip;]<\/p>\n","protected":false},"featured_media":972,"comment_status":"open","ping_status":"closed","template":"","meta":{"_et_pb_use_builder":"on","_et_pb_old_content":"","_et_gb_content_width":""},"product_brand":[],"product_cat":[29],"product_tag":[],"class_list":{"0":"post-416","1":"product","2":"type-product","3":"status-publish","4":"has-post-thumbnail","6":"product_cat-porte-voiture","8":"first","9":"instock","10":"shipping-taxable","11":"product-type-simple"},"_links":{"self":[{"href":"https:\/\/www.tensa-france.com\/index.php\/wp-json\/wp\/v2\/product\/416","targetHints":{"allow":["GET"]}}],"collection":[{"href":"https:\/\/www.tensa-france.com\/index.php\/wp-json\/wp\/v2\/product"}],"about":[{"href":"https:\/\/www.tensa-france.com\/index.php\/wp-json\/wp\/v2\/types\/product"}],"replies":[{"embeddable":true,"href":"https:\/\/www.tensa-france.com\/index.php\/wp-json\/wp\/v2\/comments?post=416"}],"wp:featuredmedia":[{"embeddable":true,"href":"https:\/\/www.tensa-france.com\/index.php\/wp-json\/wp\/v2\/media\/972"}],"wp:attachment":[{"href":"https:\/\/www.tensa-france.com\/index.php\/wp-json\/wp\/v2\/media?parent=416"}],"wp:term":[{"taxonomy":"product_brand","embeddable":true,"href":"https:\/\/www.tensa-france.com\/index.php\/wp-json\/wp\/v2\/product_brand?post=416"},{"taxonomy":"product_cat","embeddable":true,"href":"https:\/\/www.tensa-france.com\/index.php\/wp-json\/wp\/v2\/product_cat?post=416"},{"taxonomy":"product_tag","embeddable":true,"href":"https:\/\/www.tensa-france.com\/index.php\/wp-json\/wp\/v2\/product_tag?post=416"}],"curies":[{"name":"wp","href":"https:\/\/api.w.org\/{rel}","templated":true}]}}