{"id":612,"date":"2024-07-09T12:06:41","date_gmt":"2024-07-09T10:06:41","guid":{"rendered":"https:\/\/www.tensa-france.com\/?post_type=product&#038;p=612"},"modified":"2024-07-09T12:09:07","modified_gmt":"2024-07-09T10:09:07","slug":"b2532-htp-copie","status":"publish","type":"product","link":"https:\/\/www.tensa-france.com\/index.php\/produit\/b2532-htp-copie\/","title":{"rendered":"B3032 HTP"},"content":{"rendered":"<p>[et_pb_section fb_built=&#8221;1&#8243; admin_label=&#8221;Product&#8221; _builder_version=&#8221;4.22.1&#8243; _module_preset=&#8221;default&#8221; background_color=&#8221;gcid-c67e4c14-9f9a-4541-bcfb-a3dbe227e267&#8243; use_background_color_gradient=&#8221;on&#8221; background_color_gradient_stops=&#8221;gcid-b7f06a10-4d36-4163-b049-62314b9050fc 10%|gcid-c67e4c14-9f9a-4541-bcfb-a3dbe227e267 100%&#8221; background_enable_pattern_style=&#8221;on&#8221; background_pattern_style=&#8221;crosses&#8221; background_pattern_color=&#8221;gcid-b7f06a10-4d36-4163-b049-62314b9050fc&#8221; background_pattern_size=&#8221;custom&#8221; background_pattern_width=&#8221;16px&#8221; collapsed=&#8221;off&#8221; global_colors_info=&#8221;{%22gcid-c67e4c14-9f9a-4541-bcfb-a3dbe227e267%22:%91%22background_color_gradient_stops%22,%22background_color%22,%22background_color%22%93,%22gcid-1533f4f9-5025-42ee-9c5e-1191f3d68cd0%22:%91%22background_color_gradient_stops%22%93,%22gcid-b7f06a10-4d36-4163-b049-62314b9050fc%22:%91%22background_color_gradient_stops%22,%22background_pattern_color%22%93}&#8221;][et_pb_row _builder_version=&#8221;4.22.1&#8243; _module_preset=&#8221;default&#8221; custom_padding=&#8221;0px||0px||true|false&#8221; global_colors_info=&#8221;{}&#8221;][et_pb_column type=&#8221;4_4&#8243; _builder_version=&#8221;4.22.1&#8243; _module_preset=&#8221;default&#8221; global_colors_info=&#8221;{}&#8221;][et_pb_wc_cart_notice _builder_version=&#8221;4.23.1&#8243; _module_preset=&#8221;28ba1e47-5063-4978-94f7-841e26794f71&#8243; form_field_background_color=&#8221;RGBA(255,255,255,0)&#8221; form_field_text_color=&#8221;#000000&#8243; form_field_custom_padding=&#8221;16px|24px|16px|24px|true|true&#8221; form_background_color=&#8221;#FFFFFF&#8221; title_font=&#8221;Outfit||||||||&#8221; title_font_size=&#8221;24px&#8221; title_line_height=&#8221;1.4em&#8221; title_link_text_color=&#8221;gcid-b74eef71-a268-4efe-841b-c8ec143deee4&#8243; content_font=&#8221;Outfit||||||||&#8221; content_font_size=&#8221;16px&#8221; link_font=&#8221;||||on||||&#8221; link_text_color=&#8221;#000000&#8243; form_field_font=&#8221;Outfit||||||||&#8221; form_field_font_size=&#8221;16px&#8221; background_color=&#8221;gcid-40afeb94-f3a1-4b01-a695-ff82654e75f2&#8243; custom_button=&#8221;on&#8221; button_text_color=&#8221;#000000&#8243; button_bg_color=&#8221;gcid-b74eef71-a268-4efe-841b-c8ec143deee4&#8243; button_border_radius=&#8221;100px&#8221; button_font=&#8221;Inter|700|||||||&#8221; button_custom_padding=&#8221;16px|24px|16px|24px|true|true&#8221; title_font_size_tablet=&#8221;16px&#8221; title_font_size_phone=&#8221;15px&#8221; title_font_size_last_edited=&#8221;on|desktop&#8221; content_font_size_tablet=&#8221;15px&#8221; content_font_size_phone=&#8221;14px&#8221; content_font_size_last_edited=&#8221;on|desktop&#8221; form_field_font_size_tablet=&#8221;15px&#8221; form_field_font_size_phone=&#8221;14px&#8221; form_field_font_size_last_edited=&#8221;on|desktop&#8221; border_width_all_form_field=&#8221;2px&#8221; border_color_all_form_field=&#8221;#000000&#8243; border_radii_form=&#8221;on|0px|0px|0px|0px&#8221; border_width_all_form=&#8221;0px&#8221; body_font=&#8221;Outfit||||||||&#8221; body_font_size=&#8221;16px&#8221; body_font_size_last_edited=&#8221;on|desktop&#8221; body_font_size_tablet=&#8221;15px&#8221; body_font_size_phone=&#8221;14px&#8221; body_line_height=&#8221;1.8em&#8221; locked=&#8221;off&#8221; global_colors_info=&#8221;{%22gcid-b74eef71-a268-4efe-841b-c8ec143deee4%22:%91%22title_link_text_color%22,%22button_bg_color%22%93,%22gcid-40afeb94-f3a1-4b01-a695-ff82654e75f2%22:%91%22background_color%22%93}&#8221;][\/et_pb_wc_cart_notice][\/et_pb_column][\/et_pb_row][et_pb_row _builder_version=&#8221;4.22.1&#8243; _module_preset=&#8221;default&#8221; global_colors_info=&#8221;{}&#8221;][et_pb_column type=&#8221;4_4&#8243; _builder_version=&#8221;4.22.1&#8243; _module_preset=&#8221;default&#8221; global_colors_info=&#8221;{}&#8221;][et_pb_wc_breadcrumb _builder_version=&#8221;4.25.2&#8243; _module_preset=&#8221;default&#8221; body_font=&#8221;Outfit|700||on|||||&#8221; body_font_size=&#8221;11px&#8221; text_orientation=&#8221;center&#8221; body_font_size_tablet=&#8221;15px&#8221; body_font_size_phone=&#8221;14px&#8221; body_font_size_last_edited=&#8221;on|desktop&#8221; global_colors_info=&#8221;{}&#8221;][\/et_pb_wc_breadcrumb][et_pb_wc_title _builder_version=&#8221;4.22.1&#8243; _module_preset=&#8221;default&#8221; header_font=&#8221;Outfit||||||||&#8221; header_text_align=&#8221;center&#8221; header_text_color=&#8221;gcid-40afeb94-f3a1-4b01-a695-ff82654e75f2&#8243; header_font_size=&#8221;40px&#8221; header_line_height=&#8221;1.2em&#8221; max_width=&#8221;100%&#8221; custom_margin=&#8221;||10px||false|false&#8221; header_font_size_tablet=&#8221;40px&#8221; header_font_size_phone=&#8221;24px&#8221; header_font_size_last_edited=&#8221;on|desktop&#8221; global_colors_info=&#8221;{%22gcid-40afeb94-f3a1-4b01-a695-ff82654e75f2%22:%91%22header_text_color%22%93}&#8221;][\/et_pb_wc_title][\/et_pb_column][\/et_pb_row][et_pb_row _builder_version=&#8221;4.25.2&#8243; _module_preset=&#8221;default&#8221; background_color=&#8221;#FFFFFF&#8221; global_colors_info=&#8221;{}&#8221;][et_pb_column type=&#8221;4_4&#8243; _builder_version=&#8221;4.25.2&#8243; _module_preset=&#8221;default&#8221; background_color=&#8221;#FFFFFF&#8221; global_colors_info=&#8221;{}&#8221;][et_pb_wc_images sale_badge_color=&#8221;gcid-9cbe2ffc-9cb6-456b-bfde-f58c6a5cd736&#8243; _builder_version=&#8221;4.25.2&#8243; _module_preset=&#8221;default&#8221; sale_badge_font=&#8221;Outfit|700||on|||||&#8221; sale_badge_text_color=&#8221;#FFFFFF&#8221; sale_badge_font_size=&#8221;14px&#8221; sale_badge_letter_spacing=&#8221;0.16em&#8221; border_radii_sale_badge=&#8221;on|0px|0px|0px|0px&#8221; global_colors_info=&#8221;{%22gcid-9cbe2ffc-9cb6-456b-bfde-f58c6a5cd736%22:%91%22icon_hover_color%22,%22rating_text_color%22,%22sale_badge_color%22%93}&#8221;][\/et_pb_wc_images][\/et_pb_column][\/et_pb_row][\/et_pb_section][et_pb_section fb_built=&#8221;1&#8243; admin_label=&#8221;Product Info&#8221; _builder_version=&#8221;4.22.1&#8243; _module_preset=&#8221;default&#8221; background_color=&#8221;gcid-c67e4c14-9f9a-4541-bcfb-a3dbe227e267&#8243; collapsed=&#8221;off&#8221; global_colors_info=&#8221;{%22gcid-c67e4c14-9f9a-4541-bcfb-a3dbe227e267%22:%91%22background_color%22%93}&#8221;][et_pb_row _builder_version=&#8221;4.25.2&#8243; _module_preset=&#8221;default&#8221; background_color=&#8221;#FFFFFF&#8221; custom_padding=&#8221;||69px|||&#8221; global_colors_info=&#8221;{}&#8221;][et_pb_column type=&#8221;4_4&#8243; _builder_version=&#8221;4.25.2&#8243; _module_preset=&#8221;default&#8221; background_color=&#8221;#FFFFFF&#8221; global_colors_info=&#8221;{}&#8221;][et_pb_text _builder_version=&#8221;4.25.2&#8243; _module_preset=&#8221;default&#8221; text_font_size=&#8221;30px&#8221; global_colors_info=&#8221;{}&#8221;]<\/p>\n<p style=\"text-align: center;\"><b>Param\u00e8tres <\/b><b>techniques<\/b><\/p>\n<p>[\/et_pb_text][et_pb_text _builder_version=&#8221;4.25.2&#8243; _module_preset=&#8221;default&#8221; hover_enabled=&#8221;0&#8243; global_colors_info=&#8221;{}&#8221; sticky_enabled=&#8221;0&#8243;]<\/p>\n<table>\n<tbody>\n<tr>\n<td>Mod\u00e8le de remorque<\/td>\n<td>Remorque pour le transport de mat\u00e9riel de chantier B3032 HTP<\/td>\n<\/tr>\n<tr>\n<td>Dimensions du corps de la bo\u00eete L x l x H (cm)<\/td>\n<td>305 x 155 x 18<\/td>\n<\/tr>\n<tr>\n<td>Dimensions hors tout L x l x H (cm)<\/td>\n<td>463 x 209 x 250<\/td>\n<\/tr>\n<tr>\n<td>Poids brut du v\u00e9hicule (kg)<\/td>\n<td>3000 \u2013 1500<\/td>\n<\/tr>\n<tr>\n<td>Capacit\u00e9 de charge admissible (kg)<\/td>\n<td>2405 \u2013 905<\/td>\n<\/tr>\n<tr>\n<td>Nombre d&#8217;essieux<\/td>\n<td>2 frein\u00e9s<\/td>\n<\/tr>\n<tr>\n<td>Roues<\/td>\n<td>185R14C<\/td>\n<\/tr>\n<tr>\n<td>Jambes de stabilisation arri\u00e8re (carr\u00e9es)<\/td>\n<td>Oui<\/td>\n<\/tr>\n<tr>\n<td>Face arri\u00e8re<\/td>\n<td>Oui<\/td>\n<\/tr>\n<tr>\n<td>Raids en acier \/ Pi\u00e8ge d&#8217;all\u00e9e<\/td>\n<td>Selon le mod\u00e8le choisi<\/td>\n<\/tr>\n<tr>\n<td>Amortisseurs<\/td>\n<td>Non<\/td>\n<\/tr>\n<\/tbody>\n<\/table>\n<p>[\/et_pb_text][et_pb_text _builder_version=&#8221;4.25.2&#8243; _module_preset=&#8221;default&#8221; text_font_size=&#8221;30px&#8221; custom_margin=&#8221;36px|||||&#8221; global_colors_info=&#8221;{}&#8221;]<\/p>\n<p style=\"text-align: center;\"><b>Accessoires optionnels<\/b><\/p>\n<p>[\/et_pb_text][et_pb_text _builder_version=&#8221;4.25.2&#8243; _module_preset=&#8221;default&#8221; global_colors_info=&#8221;{}&#8221;]<\/p>\n<table>\n<tbody>\n<tr>\n<td>Roue de secours<\/td>\n<td>Disponible<\/td>\n<\/tr>\n<tr>\n<td>Support roue de secours<\/td>\n<td>Disponible<\/td>\n<\/tr>\n<tr>\n<td>Plaque de marche au sol<\/td>\n<td>Disponible<\/td>\n<\/tr>\n<tr>\n<td>Amortisseurs<\/td>\n<td>Disponible<\/td>\n<\/tr>\n<\/tbody>\n<\/table>\n<p>[\/et_pb_text][\/et_pb_column][\/et_pb_row][\/et_pb_section]<\/p>\n","protected":false},"excerpt":{"rendered":"<p>Param\u00e8tres techniques Mod\u00e8le de remorque Remorque pour le transport de mat\u00e9riel de chantier B3032 HTP Dimensions du corps de la bo\u00eete L x l x H (cm) 305 x 155 x 18 Dimensions hors tout L x l x H (cm) 463 x 209 x 250 Poids brut du v\u00e9hicule (kg) 3000 \u2013 1500 Capacit\u00e9 [&hellip;]<\/p>\n","protected":false},"featured_media":613,"comment_status":"open","ping_status":"closed","template":"","meta":{"_et_pb_use_builder":"on","_et_pb_old_content":"","_et_gb_content_width":""},"product_brand":[],"product_cat":[36],"product_tag":[],"class_list":{"0":"post-612","1":"product","2":"type-product","3":"status-publish","4":"has-post-thumbnail","6":"product_cat-remorques-transport-materiel-chantier","8":"first","9":"instock","10":"shipping-taxable","11":"product-type-simple"},"_links":{"self":[{"href":"https:\/\/www.tensa-france.com\/index.php\/wp-json\/wp\/v2\/product\/612","targetHints":{"allow":["GET"]}}],"collection":[{"href":"https:\/\/www.tensa-france.com\/index.php\/wp-json\/wp\/v2\/product"}],"about":[{"href":"https:\/\/www.tensa-france.com\/index.php\/wp-json\/wp\/v2\/types\/product"}],"replies":[{"embeddable":true,"href":"https:\/\/www.tensa-france.com\/index.php\/wp-json\/wp\/v2\/comments?post=612"}],"wp:featuredmedia":[{"embeddable":true,"href":"https:\/\/www.tensa-france.com\/index.php\/wp-json\/wp\/v2\/media\/613"}],"wp:attachment":[{"href":"https:\/\/www.tensa-france.com\/index.php\/wp-json\/wp\/v2\/media?parent=612"}],"wp:term":[{"taxonomy":"product_brand","embeddable":true,"href":"https:\/\/www.tensa-france.com\/index.php\/wp-json\/wp\/v2\/product_brand?post=612"},{"taxonomy":"product_cat","embeddable":true,"href":"https:\/\/www.tensa-france.com\/index.php\/wp-json\/wp\/v2\/product_cat?post=612"},{"taxonomy":"product_tag","embeddable":true,"href":"https:\/\/www.tensa-france.com\/index.php\/wp-json\/wp\/v2\/product_tag?post=612"}],"curies":[{"name":"wp","href":"https:\/\/api.w.org\/{rel}","templated":true}]}}