{"id":984,"date":"2024-08-05T10:26:19","date_gmt":"2024-08-05T08:26:19","guid":{"rendered":"https:\/\/www.tensa-france.com\/?post_type=product&#038;p=984"},"modified":"2024-08-05T10:33:04","modified_gmt":"2024-08-05T08:33:04","slug":"fk1325h","status":"publish","type":"product","link":"https:\/\/www.tensa-france.com\/index.php\/produit\/fk1325h\/","title":{"rendered":"FK1325H"},"content":{"rendered":"<p>[et_pb_section fb_built=&#8221;1&#8243; admin_label=&#8221;Product&#8221; _builder_version=&#8221;4.22.1&#8243; _module_preset=&#8221;default&#8221; background_color=&#8221;gcid-c67e4c14-9f9a-4541-bcfb-a3dbe227e267&#8243; use_background_color_gradient=&#8221;on&#8221; background_color_gradient_stops=&#8221;gcid-b7f06a10-4d36-4163-b049-62314b9050fc 10%|gcid-c67e4c14-9f9a-4541-bcfb-a3dbe227e267 100%&#8221; background_enable_pattern_style=&#8221;on&#8221; background_pattern_style=&#8221;crosses&#8221; background_pattern_color=&#8221;gcid-b7f06a10-4d36-4163-b049-62314b9050fc&#8221; background_pattern_size=&#8221;custom&#8221; background_pattern_width=&#8221;16px&#8221; collapsed=&#8221;off&#8221; global_colors_info=&#8221;{%22gcid-c67e4c14-9f9a-4541-bcfb-a3dbe227e267%22:%91%22background_color_gradient_stops%22,%22background_color%22,%22background_color%22%93,%22gcid-1533f4f9-5025-42ee-9c5e-1191f3d68cd0%22:%91%22background_color_gradient_stops%22%93,%22gcid-b7f06a10-4d36-4163-b049-62314b9050fc%22:%91%22background_color_gradient_stops%22,%22background_pattern_color%22%93}&#8221;][et_pb_row _builder_version=&#8221;4.22.1&#8243; _module_preset=&#8221;default&#8221; custom_padding=&#8221;0px||0px||true|false&#8221; global_colors_info=&#8221;{}&#8221;][et_pb_column type=&#8221;4_4&#8243; _builder_version=&#8221;4.22.1&#8243; _module_preset=&#8221;default&#8221; global_colors_info=&#8221;{}&#8221;][et_pb_wc_cart_notice _builder_version=&#8221;4.23.1&#8243; _module_preset=&#8221;28ba1e47-5063-4978-94f7-841e26794f71&#8243; form_field_background_color=&#8221;RGBA(255,255,255,0)&#8221; form_field_text_color=&#8221;#000000&#8243; form_field_custom_padding=&#8221;16px|24px|16px|24px|true|true&#8221; form_background_color=&#8221;#FFFFFF&#8221; title_font=&#8221;Outfit||||||||&#8221; title_font_size=&#8221;24px&#8221; title_line_height=&#8221;1.4em&#8221; title_link_text_color=&#8221;gcid-b74eef71-a268-4efe-841b-c8ec143deee4&#8243; content_font=&#8221;Outfit||||||||&#8221; content_font_size=&#8221;16px&#8221; link_font=&#8221;||||on||||&#8221; link_text_color=&#8221;#000000&#8243; form_field_font=&#8221;Outfit||||||||&#8221; form_field_font_size=&#8221;16px&#8221; background_color=&#8221;gcid-40afeb94-f3a1-4b01-a695-ff82654e75f2&#8243; custom_button=&#8221;on&#8221; button_text_color=&#8221;#000000&#8243; button_bg_color=&#8221;gcid-b74eef71-a268-4efe-841b-c8ec143deee4&#8243; button_border_radius=&#8221;100px&#8221; button_font=&#8221;Inter|700|||||||&#8221; button_custom_padding=&#8221;16px|24px|16px|24px|true|true&#8221; title_font_size_tablet=&#8221;16px&#8221; title_font_size_phone=&#8221;15px&#8221; title_font_size_last_edited=&#8221;on|desktop&#8221; content_font_size_tablet=&#8221;15px&#8221; content_font_size_phone=&#8221;14px&#8221; content_font_size_last_edited=&#8221;on|desktop&#8221; form_field_font_size_tablet=&#8221;15px&#8221; form_field_font_size_phone=&#8221;14px&#8221; form_field_font_size_last_edited=&#8221;on|desktop&#8221; border_width_all_form_field=&#8221;2px&#8221; border_color_all_form_field=&#8221;#000000&#8243; border_radii_form=&#8221;on|0px|0px|0px|0px&#8221; border_width_all_form=&#8221;0px&#8221; body_font=&#8221;Outfit||||||||&#8221; body_font_size=&#8221;16px&#8221; body_font_size_last_edited=&#8221;on|desktop&#8221; body_font_size_tablet=&#8221;15px&#8221; body_font_size_phone=&#8221;14px&#8221; body_line_height=&#8221;1.8em&#8221; locked=&#8221;off&#8221; global_colors_info=&#8221;{%22gcid-b74eef71-a268-4efe-841b-c8ec143deee4%22:%91%22title_link_text_color%22,%22button_bg_color%22%93,%22gcid-40afeb94-f3a1-4b01-a695-ff82654e75f2%22:%91%22background_color%22%93}&#8221;][\/et_pb_wc_cart_notice][\/et_pb_column][\/et_pb_row][et_pb_row _builder_version=&#8221;4.22.1&#8243; _module_preset=&#8221;default&#8221; global_colors_info=&#8221;{}&#8221;][et_pb_column type=&#8221;4_4&#8243; _builder_version=&#8221;4.22.1&#8243; _module_preset=&#8221;default&#8221; global_colors_info=&#8221;{}&#8221;][et_pb_wc_title _builder_version=&#8221;4.22.1&#8243; _module_preset=&#8221;default&#8221; header_font=&#8221;Outfit||||||||&#8221; header_text_align=&#8221;center&#8221; header_text_color=&#8221;gcid-40afeb94-f3a1-4b01-a695-ff82654e75f2&#8243; header_font_size=&#8221;40px&#8221; header_line_height=&#8221;1.2em&#8221; max_width=&#8221;100%&#8221; custom_margin=&#8221;||10px||false|false&#8221; header_font_size_tablet=&#8221;40px&#8221; header_font_size_phone=&#8221;24px&#8221; header_font_size_last_edited=&#8221;on|desktop&#8221; global_colors_info=&#8221;{%22gcid-40afeb94-f3a1-4b01-a695-ff82654e75f2%22:%91%22header_text_color%22%93}&#8221;][\/et_pb_wc_title][\/et_pb_column][\/et_pb_row][et_pb_row column_structure=&#8221;1_2,1_2&#8243; _builder_version=&#8221;4.25.2&#8243; _module_preset=&#8221;default&#8221; background_color=&#8221;#FFFFFF&#8221; global_colors_info=&#8221;{}&#8221;][et_pb_column type=&#8221;1_2&#8243; _builder_version=&#8221;4.25.2&#8243; _module_preset=&#8221;default&#8221; background_color=&#8221;#FFFFFF&#8221; global_colors_info=&#8221;{}&#8221;][et_pb_wc_images sale_badge_color=&#8221;gcid-9cbe2ffc-9cb6-456b-bfde-f58c6a5cd736&#8243; _builder_version=&#8221;4.25.2&#8243; _module_preset=&#8221;default&#8221; sale_badge_font=&#8221;Outfit|700||on|||||&#8221; sale_badge_text_color=&#8221;#FFFFFF&#8221; sale_badge_font_size=&#8221;14px&#8221; sale_badge_letter_spacing=&#8221;0.16em&#8221; border_radii_sale_badge=&#8221;on|0px|0px|0px|0px&#8221; global_colors_info=&#8221;{%22gcid-9cbe2ffc-9cb6-456b-bfde-f58c6a5cd736%22:%91%22icon_hover_color%22,%22rating_text_color%22,%22sale_badge_color%22%93}&#8221;][\/et_pb_wc_images][\/et_pb_column][et_pb_column type=&#8221;1_2&#8243; _builder_version=&#8221;4.22.1&#8243; _module_preset=&#8221;default&#8221; background_color=&#8221;#FFFFFF&#8221; custom_padding=&#8221;40px|40px|40px|40px|true|true&#8221; custom_padding_tablet=&#8221;30px|30px|30px|30px|true|true&#8221; custom_padding_phone=&#8221;20px|20px|20px|20px|true|true&#8221; custom_padding_last_edited=&#8221;on|desktop&#8221; global_colors_info=&#8221;{}&#8221;][et_pb_text _builder_version=&#8221;4.27.0&#8243; _module_preset=&#8221;2fa11dab-3889-4b31-9d2a-d518fc145368&#8243; header_2_text_color=&#8221;gcid-40afeb94-f3a1-4b01-a695-ff82654e75f2&#8243; custom_margin=&#8221;||10px||false|false&#8221; custom_padding=&#8221;||90px|||&#8221; hover_enabled=&#8221;0&#8243; global_colors_info=&#8221;{%22gcid-40afeb94-f3a1-4b01-a695-ff82654e75f2%22:%91%22header_2_text_color%22%93}&#8221; sticky_enabled=&#8221;0&#8243;]Les remorques frigorifiques Niewiadow sont fabriqu\u00e9es en panneau isolant de 60mm, avec plancher stratifi\u00e9 XPS \u00e9paisseur 60 mm, dessus recouvert de contreplaqu\u00e9 antid\u00e9rapant \u00e9paisseur 9 mm. Le groupe froid est un ZANOTTI MAS13 en froid positif, 230V. Double porte arri\u00e8re avec verrou Euro2000.[\/et_pb_text][et_pb_button button_text=&#8221;Ajouter \u00e0 la question&#8221; _builder_version=&#8221;4.25.2&#8243; _module_preset=&#8221;60124b16-b33d-42cf-8282-55a35333b837&#8243; button_text_color=&#8221;#FFFFFF&#8221; custom_margin=&#8221;-14px|||||&#8221; global_colors_info=&#8221;{}&#8221;][\/et_pb_button][\/et_pb_column][\/et_pb_row][\/et_pb_section][et_pb_section fb_built=&#8221;1&#8243; admin_label=&#8221;Product Info&#8221; _builder_version=&#8221;4.22.1&#8243; _module_preset=&#8221;default&#8221; background_color=&#8221;gcid-c67e4c14-9f9a-4541-bcfb-a3dbe227e267&#8243; collapsed=&#8221;off&#8221; global_colors_info=&#8221;{%22gcid-c67e4c14-9f9a-4541-bcfb-a3dbe227e267%22:%91%22background_color%22%93}&#8221;][et_pb_row _builder_version=&#8221;4.25.2&#8243; _module_preset=&#8221;default&#8221; background_color=&#8221;#FFFFFF&#8221; global_colors_info=&#8221;{}&#8221;][et_pb_column type=&#8221;4_4&#8243; _builder_version=&#8221;4.25.2&#8243; _module_preset=&#8221;default&#8221; background_color=&#8221;#FFFFFF&#8221; global_colors_info=&#8221;{}&#8221;][et_pb_text _builder_version=&#8221;4.25.2&#8243; _module_preset=&#8221;default&#8221; text_font_size=&#8221;30px&#8221; global_colors_info=&#8221;{}&#8221;]<\/p>\n<p style=\"text-align: center;\"><b>Param\u00e8tres <\/b><b>techniques<\/b><\/p>\n<p>[\/et_pb_text][et_pb_text _builder_version=&#8221;4.25.2&#8243; _module_preset=&#8221;default&#8221; global_colors_info=&#8221;{}&#8221;]<\/p>\n<table cellspacing=\"0\" cellpadding=\"0\">\n<tbody>\n<tr>\n<td valign=\"top\"><b>Mod\u00e8le de remorque<\/b>\u00a0<\/td>\n<td valign=\"top\">\n<p>\u00a0 \u00a0 \u00a0 \u00a0 \u00a0 \u00a0 \u00a0 \u00a0 \u00a0 \u00a0 \u00a0 \u00a0 \u00a0 \u00a0 \u00a0 \u00a0 \u00a0 \u00a0 \u00a0 \u00a0 \u00a0 \u00a0 \u00a0 \u00a0 \u00a0 \u00a0 \u00a0 \u00a0 <span><span class=\"Apple-converted-space\">\u00a0<\/span><\/span>Utilitaire frigo FK2036HT<\/p>\n<\/td>\n<\/tr>\n<\/tbody>\n<\/table>\n<table cellspacing=\"0\" cellpadding=\"0\">\n<tbody>\n<tr>\n<td valign=\"top\">\n<p><span><span class=\"Apple-converted-space\">\u00a0<\/span><\/span><b>Dimensions du corps de la bo\u00eete (cm)<\/b><\/p>\n<\/td>\n<td valign=\"top\">\n<p>360x165x200<\/p>\n<\/td>\n<\/tr>\n<tr>\n<td valign=\"top\">\n<p><b>Dimensions hors tout (cm)<\/b><\/p>\n<\/td>\n<td valign=\"top\">\n<p>515x224x264<\/p>\n<\/td>\n<\/tr>\n<tr>\n<td valign=\"top\">\n<p><b>Poids brut du v\u00e9hicule (kg)<\/b><\/p>\n<\/td>\n<td valign=\"top\">\n<p>2000<\/p>\n<\/td>\n<\/tr>\n<tr>\n<td valign=\"top\">\n<p><b>Capacit\u00e9 de charge admissible (kg)<\/b><\/p>\n<\/td>\n<td valign=\"top\">\n<p>980<\/p>\n<\/td>\n<\/tr>\n<tr>\n<td valign=\"top\">\n<p><b>Nombre d&#8217;essieux<\/b><\/p>\n<\/td>\n<td valign=\"top\">\n<p><span><span class=\"Apple-converted-space\">\u00a0<\/span><\/span>2 frein\u00e9s<\/p>\n<\/td>\n<\/tr>\n<tr>\n<td valign=\"top\">\n<p><b>Roues<\/b><\/p>\n<\/td>\n<td valign=\"top\">\n<p>185\/70R13<\/p>\n<\/td>\n<\/tr>\n<tr>\n<td valign=\"top\">\n<p><b>Refroidisseur<\/b><\/p>\n<\/td>\n<td valign=\"top\">\n<p>2000N<\/p>\n<\/td>\n<\/tr>\n<tr>\n<td valign=\"top\">\n<p><b>La structure des murs<\/b><\/p>\n<\/td>\n<td valign=\"top\">\n<p>Plaque \u00e0 sandwich 60 mm<\/p>\n<\/td>\n<\/tr>\n<tr>\n<td valign=\"top\">\n<p><b>\u00c9tais pliants SIMOL<\/b><\/p>\n<\/td>\n<td valign=\"top\">\n<p>4 pi\u00e8ces<\/p>\n<\/td>\n<\/tr>\n<tr>\n<td valign=\"top\">\n<p><b>Refroidisseur<\/b><\/p>\n<\/td>\n<td valign=\"top\">\n<p>Govi Arctique 1600N<\/p>\n<\/td>\n<\/tr>\n<tr>\n<td valign=\"top\">\n<p><b>Commande \u00e9lectrique avec d\u00e9givrage automatique<\/b><\/p>\n<\/td>\n<td valign=\"top\">\n<p>Oui<\/p>\n<\/td>\n<\/tr>\n<tr>\n<td valign=\"top\"><\/td>\n<td valign=\"top\"><\/td>\n<\/tr>\n<\/tbody>\n<\/table>\n<p>[\/et_pb_text][et_pb_text _builder_version=&#8221;4.25.2&#8243; _module_preset=&#8221;default&#8221; text_font_size=&#8221;30px&#8221; global_colors_info=&#8221;{}&#8221;]<\/p>\n<p style=\"text-align: center;\"><b>Accessoires optionnels<\/b><\/p>\n<p>[\/et_pb_text][et_pb_text _builder_version=&#8221;4.25.2&#8243; _module_preset=&#8221;default&#8221; global_colors_info=&#8221;{}&#8221;]<\/p>\n<table cellspacing=\"0\" cellpadding=\"0\">\n<tbody>\n<tr>\n<td valign=\"top\"><b>Roue de secours<\/b><\/td>\n<td valign=\"top\">\u00a0 \u00a0 \u00a0 \u00a0 \u00a0 \u00a0 \u00a0 \u00a0 \u00a0 \u00a0 \u00a0 \u00a0 \u00a0 \u00a0 \u00a0 \u00a0 \u00a0 \u00a0 \u00a0 \u00a0 \u00a0 \u00a0 \u00a0 \u00a0 \u00a0 \u00a0 \u00a0 \u00a0 \u00a0 \u00a0 \u00a0 \u00a0 \u00a0 \u00a0 \u00a0 \u00a0 \u00a0 \u00a0 \u00a0 \u00a0 \u00a0 \u00a0 \u00a0 \u00a0 \u00a0 \u00a0 \u00a0 \u00a0 \u00a0 \u00a0 \u00a0 Disponible<\/td>\n<\/tr>\n<\/tbody>\n<\/table>\n<table cellspacing=\"0\" cellpadding=\"0\">\n<tbody>\n<tr>\n<td valign=\"top\"><b>Support roue de secours<\/b><\/td>\n<td valign=\"top\">Disponible<\/td>\n<\/tr>\n<tr>\n<td valign=\"top\"><b>Amortisseurs<\/b><\/td>\n<td valign=\"top\">Disponible<\/td>\n<\/tr>\n<tr>\n<td valign=\"top\"><b>Poign\u00e9es d&#8217;arrimage du chargement<\/b><\/td>\n<td valign=\"top\">Disponible<\/td>\n<\/tr>\n<tr>\n<td valign=\"top\"><b>Porte arri\u00e8re avec charni\u00e8res en acier inoxydable et serrure Euro2000<\/b><\/td>\n<td valign=\"top\">Disponible<\/td>\n<\/tr>\n<\/tbody>\n<\/table>\n<p>[\/et_pb_text][\/et_pb_column][\/et_pb_row][\/et_pb_section]<\/p>\n","protected":false},"excerpt":{"rendered":"<p>Les remorques frigorifiques Niewiadow sont fabriqu\u00e9es en panneau isolant de 60mm, avec plancher stratifi\u00e9 XPS \u00e9paisseur 60 mm, dessus recouvert de contreplaqu\u00e9 antid\u00e9rapant \u00e9paisseur 9 mm. Le groupe froid est un ZANOTTI MAS13 en froid positif, 230V. Double porte arri\u00e8re avec verrou Euro2000.Param\u00e8tres techniques Mod\u00e8le de remorque\u00a0 \u00a0 \u00a0 \u00a0 \u00a0 \u00a0 \u00a0 \u00a0 \u00a0 [&hellip;]<\/p>\n","protected":false},"featured_media":985,"comment_status":"open","ping_status":"closed","template":"","meta":{"_et_pb_use_builder":"on","_et_pb_old_content":"","_et_gb_content_width":""},"product_brand":[],"product_cat":[27,28],"product_tag":[],"class_list":{"0":"post-984","1":"product","2":"type-product","3":"status-publish","4":"has-post-thumbnail","6":"product_cat-fourgons","7":"product_cat-fourgons-frigorifiques","9":"first","10":"instock","11":"shipping-taxable","12":"product-type-simple"},"_links":{"self":[{"href":"https:\/\/www.tensa-france.com\/index.php\/wp-json\/wp\/v2\/product\/984","targetHints":{"allow":["GET"]}}],"collection":[{"href":"https:\/\/www.tensa-france.com\/index.php\/wp-json\/wp\/v2\/product"}],"about":[{"href":"https:\/\/www.tensa-france.com\/index.php\/wp-json\/wp\/v2\/types\/product"}],"replies":[{"embeddable":true,"href":"https:\/\/www.tensa-france.com\/index.php\/wp-json\/wp\/v2\/comments?post=984"}],"wp:featuredmedia":[{"embeddable":true,"href":"https:\/\/www.tensa-france.com\/index.php\/wp-json\/wp\/v2\/media\/985"}],"wp:attachment":[{"href":"https:\/\/www.tensa-france.com\/index.php\/wp-json\/wp\/v2\/media?parent=984"}],"wp:term":[{"taxonomy":"product_brand","embeddable":true,"href":"https:\/\/www.tensa-france.com\/index.php\/wp-json\/wp\/v2\/product_brand?post=984"},{"taxonomy":"product_cat","embeddable":true,"href":"https:\/\/www.tensa-france.com\/index.php\/wp-json\/wp\/v2\/product_cat?post=984"},{"taxonomy":"product_tag","embeddable":true,"href":"https:\/\/www.tensa-france.com\/index.php\/wp-json\/wp\/v2\/product_tag?post=984"}],"curies":[{"name":"wp","href":"https:\/\/api.w.org\/{rel}","templated":true}]}}